{"id":1020,"date":"2016-10-21T22:45:52","date_gmt":"2016-10-21T20:45:52","guid":{"rendered":"http:\/\/3zskadan.cz\/?page_id=1020"},"modified":"2025-02-14T10:46:26","modified_gmt":"2025-02-14T09:46:26","slug":"rad-skolni-jidelny","status":"publish","type":"page","link":"https:\/\/3zskadan.cz\/?page_id=1020","title":{"rendered":"Provozn\u00ed z\u00e1le\u017eitosti"},"content":{"rendered":"<p style=\"text-align: right;\"><button id=\"listenButton1\" class=\"responsivevoice-button\" type=\"button\" value=\"Play\" title=\"ResponsiveVoice Tap to Start\/Stop Speech\"><span>&#128266; P\u0159ehr\u00e1t<\/span><\/button>\n        <script>\n            listenButton1.onclick = function(){\n                if(responsiveVoice.isPlaying()){\n                    responsiveVoice.cancel();\n                }else{\n                    responsiveVoice.speak(\"Platby stravn\u00e9ho Platba stravn\u00e9ho z b\u011b\u017en\u00e9ho \u00fa\u010dtu inkasn\u00edm zp\u016fsobem z\u00e1lohov\u011b 620,- K\u010d m\u011bs\u00ed\u010dn\u011b. Ve v\u00fdjime\u010dn\u00fdch p\u0159\u00edpadech je mo\u017eno hradit stravn\u00e9 v hotovosti v kancel\u00e1\u0159i \u0160J ka\u017ed\u00e9 posledn\u00ed pond\u011bl\u00ed v m\u011bs\u00edci od 6:00 do 9:00 a od 14:00 do 14:30 h.Vy\u00fa\u010dtov\u00e1n\u00ed se prov\u00e1d\u00ed 1x ro\u010dn\u011b k 20. 7. N\u00e1rok na ob\u011bd P\u0159ihla\u0161ov\u00e1n\u00ed a odhla\u0161ov\u00e1n\u00ed ob\u011bd\u016f:\u2022 den p\u0159edem do 10 h dopoledne na www.strava.cz\u2022 den p\u0159edem do 14:30 h pomoc\u00ed termin\u00e1lu u v j\u00eddeln\u011b\u2022 pouze v nal\u00e9hav\u00fdch p\u0159\u00edpadech den p\u0159edem do 14:30 h sms na tel. \u010d. 739 623 288N\u00e1rok na ob\u011bd maj\u00ed \u017e\u00e1ci pouze ve dnech, kdy se \u00fa\u010dastn\u00ed vyu\u010dov\u00e1n\u00ed, a prvn\u00ed den nep\u0159edv\u00eddan\u00e9 nep\u0159\u00edtomnosti ve \u0161kole. Do j\u00eddlonosi\u010d\u016f je mo\u017eno d\u00edt\u011bti vyzvednout ob\u011bd pouze prvn\u00ed den nep\u0159edv\u00eddan\u00e9 nep\u0159\u00edtomnosti ve \u0161kole. Na dal\u0161\u00ed dny je nutno ob\u011bdy odhl\u00e1sit. V\u00fddej ob\u011bd\u016f Ob\u011bd bude vyd\u00e1n po p\u0159edlo\u017een\u00ed \u010dipu. Bez \u010dipu nebudou ob\u011bdy vyd\u00e1ny. V\u00fddej ob\u011bd\u016f do 14:00 hod.podle \u010dasov\u00e9ho harmonogramu: z\u00e1kladn\u00ed \u0161kola Z\u0160 a M\u0160 p\u0159i nemocnici 12:05 - 12:35 h 11:40 - 12:05 h 12:55 - 13:25 h 12:35 - 12:55 h 13:45 - 14:00 h 13:25 - 13:45 h Do \\\"j\u00eddlonosi\u010d\u016f\\\" pouze prvn\u00ed den nep\u0159edv\u00eddan\u00e9 nep\u0159\u00edtomnosti \u017e\u00e1ka ve \u0161kole. J\u00eddeln\u00ed l\u00edstky jsou na n\u00e1st\u011bnk\u00e1ch v j\u00eddeln\u011b, dru\u017ein\u011b, p\u0159\u00edzem\u00ed hlavn\u00ed budovy, na www.strava.cz i na webov\u00fdch str\u00e1nk\u00e1ch \u0161koly pod z\u00e1lo\u017ekou\u00a0J\u00eddelna.\", \"Czech Female\");\n                }\n            };\n        <\/script>\n    \n<h2><span style=\"color: revert; font-size: revert;\">Platby stravn\u00e9ho<\/span><i class=\"fa fa-cogs\"><\/i><\/h2>\n<p>Platba stravn\u00e9ho z b\u011b\u017en\u00e9ho \u00fa\u010dtu inkasn\u00edm zp\u016fsobem z\u00e1lohov\u011b 620,- K\u010d m\u011bs\u00ed\u010dn\u011b. Ve v\u00fdjime\u010dn\u00fdch p\u0159\u00edpadech je mo\u017eno hradit stravn\u00e9 v hotovosti v kancel\u00e1\u0159i \u0160J ka\u017ed\u00e9 posledn\u00ed pond\u011bl\u00ed v m\u011bs\u00edci od 6:00 do 9:00 a od 14:00 do 14:30 h.<br \/><strong>Vy\u00fa\u010dtov\u00e1n\u00ed se prov\u00e1d\u00ed 1x ro\u010dn\u011b k 20. 7.<\/strong><\/p>\n<h3><i class=\"fa fa-cog\"><\/i> N\u00e1rok na ob\u011bd<\/h3>\n<p>P\u0159ihla\u0161ov\u00e1n\u00ed a odhla\u0161ov\u00e1n\u00ed ob\u011bd\u016f:<br \/>\u2022 den p\u0159edem do 10 h dopoledne na <a href=\"https:\/\/www.strava.cz\/strava\/Stravnik\/Prihlaseni\">www.strava.cz<\/a><br \/>\u2022 den p\u0159edem do 14:30 h pomoc\u00ed termin\u00e1lu u v j\u00eddeln\u011b<br \/>\u2022 pouze v nal\u00e9hav\u00fdch p\u0159\u00edpadech den p\u0159edem do 14:30 h sms na tel. \u010d. 739 623 288<br \/>N\u00e1rok na ob\u011bd maj\u00ed \u017e\u00e1ci pouze ve dnech, kdy se \u00fa\u010dastn\u00ed vyu\u010dov\u00e1n\u00ed, a prvn\u00ed den nep\u0159edv\u00eddan\u00e9 nep\u0159\u00edtomnosti ve \u0161kole. Do j\u00eddlonosi\u010d\u016f je mo\u017eno d\u00edt\u011bti vyzvednout ob\u011bd pouze prvn\u00ed den nep\u0159edv\u00eddan\u00e9 nep\u0159\u00edtomnosti ve \u0161kole. Na dal\u0161\u00ed dny je nutno ob\u011bdy odhl\u00e1sit.<\/p>\n<h3><i class=\"fa fa-cog\"><\/i> V\u00fddej ob\u011bd\u016f<\/h3>\n<p>Ob\u011bd bude vyd\u00e1n po p\u0159edlo\u017een\u00ed \u010dipu. Bez \u010dipu nebudou ob\u011bdy vyd\u00e1ny.<\/p>\n<p><span style=\"color: #08c;\"><strong>V\u00fddej ob\u011bd\u016f do 14:00 hod.<\/strong><br \/><\/span><br \/>podle \u010dasov\u00e9ho harmonogramu:<\/p>\n<table class=\"table-hover\">\n<tbody>\n<tr>\n<td width=\"302\">z\u00e1kladn\u00ed \u0161kola<\/td>\n<td width=\"302\">Z\u0160 a M\u0160 p\u0159i nemocnici<\/td>\n<\/tr>\n<tr>\n<td width=\"302\">12:05 &#8211; 12:35 h<\/td>\n<td width=\"302\">11:40 &#8211; 12:05 h<\/td>\n<\/tr>\n<tr>\n<td width=\"302\">12:55 &#8211; 13:25 h<\/td>\n<td width=\"302\">12:35 &#8211; 12:55 h<\/td>\n<\/tr>\n<tr>\n<td width=\"302\">13:45 &#8211; 14:00 h<\/td>\n<td width=\"302\">13:25 &#8211; 13:45 h<\/td>\n<\/tr>\n<\/tbody>\n<\/table>\n<p>Do &#8222;j\u00eddlonosi\u010d\u016f&#8220; pouze prvn\u00ed den nep\u0159edv\u00eddan\u00e9 nep\u0159\u00edtomnosti \u017e\u00e1ka ve \u0161kole.<\/p>\n<p>J\u00eddeln\u00ed l\u00edstky jsou na n\u00e1st\u011bnk\u00e1ch v j\u00eddeln\u011b, dru\u017ein\u011b, p\u0159\u00edzem\u00ed hlavn\u00ed budovy, na <a href=\"https:\/\/www.strava.cz\" target=\"_blank\" rel=\"noopener noreferrer\">www.strava.cz<\/a> i na webov\u00fdch str\u00e1nk\u00e1ch \u0161koly pod z\u00e1lo\u017ekou\u00a0<a href=\"http:\/\/3zskadan.cz\/?page_id=768\">J\u00eddelna<\/a>.<\/p>\n\n","protected":false},"excerpt":{"rendered":"<p>Platby stravn\u00e9ho Platba stravn\u00e9ho z b\u011b\u017en\u00e9ho \u00fa\u010dtu inkasn\u00edm zp\u016fsobem z\u00e1lohov\u011b 620,- K\u010d m\u011bs\u00ed\u010dn\u011b. Ve v\u00fdjime\u010dn\u00fdch p\u0159\u00edpadech je mo\u017eno hradit stravn\u00e9 v hotovosti v kancel\u00e1\u0159i \u0160J ka\u017ed\u00e9 posledn\u00ed pond\u011bl\u00ed v m\u011bs\u00edci od 6:00 do 9:00 a od 14:00 do 14:30 h.Vy\u00fa\u010dtov\u00e1n\u00ed se prov\u00e1d\u00ed 1x ro\u010dn\u011b k 20. 7. N\u00e1rok na ob\u011bd P\u0159ihla\u0161ov\u00e1n\u00ed a odhla\u0161ov\u00e1n\u00ed ob\u011bd\u016f:\u2022 den [&hellip;]<\/p>\n","protected":false},"author":1,"featured_media":0,"parent":0,"menu_order":0,"comment_status":"closed","ping_status":"closed","template":"","meta":{"jetpack_post_was_ever_published":false,"footnotes":""},"class_list":["post-1020","page","type-page","status-publish","czr-hentry"],"yoast_head":"<!-- This site is optimized with the Yoast SEO plugin v27.3 - https:\/\/yoast.com\/product\/yoast-seo-wordpress\/ -->\n<title>Provozn\u00ed z\u00e1le\u017eitosti - Z\u00e1kladn\u00ed \u0161kola Kada\u0148, ul. Chomutovsk\u00e1 1683<\/title>\n<meta name=\"robots\" content=\"index, follow, max-snippet:-1, max-image-preview:large, max-video-preview:-1\" \/>\n<link rel=\"canonical\" href=\"https:\/\/3zskadan.cz\/?page_id=1020\" \/>\n<meta property=\"og:locale\" content=\"cs_CZ\" \/>\n<meta property=\"og:type\" content=\"article\" \/>\n<meta property=\"og:title\" content=\"Provozn\u00ed z\u00e1le\u017eitosti - Z\u00e1kladn\u00ed \u0161kola Kada\u0148, ul. Chomutovsk\u00e1 1683\" \/>\n<meta property=\"og:description\" content=\"Platby stravn\u00e9ho Platba stravn\u00e9ho z b\u011b\u017en\u00e9ho \u00fa\u010dtu inkasn\u00edm zp\u016fsobem z\u00e1lohov\u011b 620,- K\u010d m\u011bs\u00ed\u010dn\u011b. Ve v\u00fdjime\u010dn\u00fdch p\u0159\u00edpadech je mo\u017eno hradit stravn\u00e9 v hotovosti v kancel\u00e1\u0159i \u0160J ka\u017ed\u00e9 posledn\u00ed pond\u011bl\u00ed v m\u011bs\u00edci od 6:00 do 9:00 a od 14:00 do 14:30 h.Vy\u00fa\u010dtov\u00e1n\u00ed se prov\u00e1d\u00ed 1x ro\u010dn\u011b k 20. 7. N\u00e1rok na ob\u011bd P\u0159ihla\u0161ov\u00e1n\u00ed a odhla\u0161ov\u00e1n\u00ed ob\u011bd\u016f:\u2022 den [&hellip;]\" \/>\n<meta property=\"og:url\" content=\"https:\/\/3zskadan.cz\/?page_id=1020\" \/>\n<meta property=\"og:site_name\" content=\"Z\u00e1kladn\u00ed \u0161kola Kada\u0148, ul. Chomutovsk\u00e1 1683\" \/>\n<meta property=\"article:modified_time\" content=\"2025-02-14T09:46:26+00:00\" \/>\n<meta name=\"twitter:card\" content=\"summary_large_image\" \/>\n<meta name=\"twitter:label1\" content=\"Odhadovan\u00e1 doba \u010dten\u00ed\" \/>\n\t<meta name=\"twitter:data1\" content=\"2 minuty\" \/>\n<script type=\"application\/ld+json\" class=\"yoast-schema-graph\">{\"@context\":\"https:\\\/\\\/schema.org\",\"@graph\":[{\"@type\":\"WebPage\",\"@id\":\"https:\\\/\\\/3zskadan.cz\\\/?page_id=1020\",\"url\":\"https:\\\/\\\/3zskadan.cz\\\/?page_id=1020\",\"name\":\"Provozn\u00ed z\u00e1le\u017eitosti - Z\u00e1kladn\u00ed \u0161kola Kada\u0148, ul. Chomutovsk\u00e1 1683\",\"isPartOf\":{\"@id\":\"https:\\\/\\\/3zskadan.cz\\\/#website\"},\"datePublished\":\"2016-10-21T20:45:52+00:00\",\"dateModified\":\"2025-02-14T09:46:26+00:00\",\"breadcrumb\":{\"@id\":\"https:\\\/\\\/3zskadan.cz\\\/?page_id=1020#breadcrumb\"},\"inLanguage\":\"cs\",\"potentialAction\":[{\"@type\":\"ReadAction\",\"target\":[\"https:\\\/\\\/3zskadan.cz\\\/?page_id=1020\"]}]},{\"@type\":\"BreadcrumbList\",\"@id\":\"https:\\\/\\\/3zskadan.cz\\\/?page_id=1020#breadcrumb\",\"itemListElement\":[{\"@type\":\"ListItem\",\"position\":1,\"name\":\"Dom\u016f\",\"item\":\"https:\\\/\\\/3zskadan.cz\\\/\"},{\"@type\":\"ListItem\",\"position\":2,\"name\":\"Provozn\u00ed z\u00e1le\u017eitosti\"}]},{\"@type\":\"WebSite\",\"@id\":\"https:\\\/\\\/3zskadan.cz\\\/#website\",\"url\":\"https:\\\/\\\/3zskadan.cz\\\/\",\"name\":\"Z\u00e1kladn\u00ed \u0161kola Kada\u0148, ul. Chomutovsk\u00e1 1683\",\"description\":\"\",\"potentialAction\":[{\"@type\":\"SearchAction\",\"target\":{\"@type\":\"EntryPoint\",\"urlTemplate\":\"https:\\\/\\\/3zskadan.cz\\\/?s={search_term_string}\"},\"query-input\":{\"@type\":\"PropertyValueSpecification\",\"valueRequired\":true,\"valueName\":\"search_term_string\"}}],\"inLanguage\":\"cs\"}]}<\/script>\n<!-- \/ Yoast SEO plugin. -->","yoast_head_json":{"title":"Provozn\u00ed z\u00e1le\u017eitosti - Z\u00e1kladn\u00ed \u0161kola Kada\u0148, ul. Chomutovsk\u00e1 1683","robots":{"index":"index","follow":"follow","max-snippet":"max-snippet:-1","max-image-preview":"max-image-preview:large","max-video-preview":"max-video-preview:-1"},"canonical":"https:\/\/3zskadan.cz\/?page_id=1020","og_locale":"cs_CZ","og_type":"article","og_title":"Provozn\u00ed z\u00e1le\u017eitosti - Z\u00e1kladn\u00ed \u0161kola Kada\u0148, ul. Chomutovsk\u00e1 1683","og_description":"Platby stravn\u00e9ho Platba stravn\u00e9ho z b\u011b\u017en\u00e9ho \u00fa\u010dtu inkasn\u00edm zp\u016fsobem z\u00e1lohov\u011b 620,- K\u010d m\u011bs\u00ed\u010dn\u011b. Ve v\u00fdjime\u010dn\u00fdch p\u0159\u00edpadech je mo\u017eno hradit stravn\u00e9 v hotovosti v kancel\u00e1\u0159i \u0160J ka\u017ed\u00e9 posledn\u00ed pond\u011bl\u00ed v m\u011bs\u00edci od 6:00 do 9:00 a od 14:00 do 14:30 h.Vy\u00fa\u010dtov\u00e1n\u00ed se prov\u00e1d\u00ed 1x ro\u010dn\u011b k 20. 7. N\u00e1rok na ob\u011bd P\u0159ihla\u0161ov\u00e1n\u00ed a odhla\u0161ov\u00e1n\u00ed ob\u011bd\u016f:\u2022 den [&hellip;]","og_url":"https:\/\/3zskadan.cz\/?page_id=1020","og_site_name":"Z\u00e1kladn\u00ed \u0161kola Kada\u0148, ul. Chomutovsk\u00e1 1683","article_modified_time":"2025-02-14T09:46:26+00:00","twitter_card":"summary_large_image","twitter_misc":{"Odhadovan\u00e1 doba \u010dten\u00ed":"2 minuty"},"schema":{"@context":"https:\/\/schema.org","@graph":[{"@type":"WebPage","@id":"https:\/\/3zskadan.cz\/?page_id=1020","url":"https:\/\/3zskadan.cz\/?page_id=1020","name":"Provozn\u00ed z\u00e1le\u017eitosti - Z\u00e1kladn\u00ed \u0161kola Kada\u0148, ul. Chomutovsk\u00e1 1683","isPartOf":{"@id":"https:\/\/3zskadan.cz\/#website"},"datePublished":"2016-10-21T20:45:52+00:00","dateModified":"2025-02-14T09:46:26+00:00","breadcrumb":{"@id":"https:\/\/3zskadan.cz\/?page_id=1020#breadcrumb"},"inLanguage":"cs","potentialAction":[{"@type":"ReadAction","target":["https:\/\/3zskadan.cz\/?page_id=1020"]}]},{"@type":"BreadcrumbList","@id":"https:\/\/3zskadan.cz\/?page_id=1020#breadcrumb","itemListElement":[{"@type":"ListItem","position":1,"name":"Dom\u016f","item":"https:\/\/3zskadan.cz\/"},{"@type":"ListItem","position":2,"name":"Provozn\u00ed z\u00e1le\u017eitosti"}]},{"@type":"WebSite","@id":"https:\/\/3zskadan.cz\/#website","url":"https:\/\/3zskadan.cz\/","name":"Z\u00e1kladn\u00ed \u0161kola Kada\u0148, ul. Chomutovsk\u00e1 1683","description":"","potentialAction":[{"@type":"SearchAction","target":{"@type":"EntryPoint","urlTemplate":"https:\/\/3zskadan.cz\/?s={search_term_string}"},"query-input":{"@type":"PropertyValueSpecification","valueRequired":true,"valueName":"search_term_string"}}],"inLanguage":"cs"}]}},"jetpack_sharing_enabled":true,"jetpack_shortlink":"https:\/\/wp.me\/P7YYLP-gs","_links":{"self":[{"href":"https:\/\/3zskadan.cz\/index.php?rest_route=\/wp\/v2\/pages\/1020","targetHints":{"allow":["GET"]}}],"collection":[{"href":"https:\/\/3zskadan.cz\/index.php?rest_route=\/wp\/v2\/pages"}],"about":[{"href":"https:\/\/3zskadan.cz\/index.php?rest_route=\/wp\/v2\/types\/page"}],"author":[{"embeddable":true,"href":"https:\/\/3zskadan.cz\/index.php?rest_route=\/wp\/v2\/users\/1"}],"replies":[{"embeddable":true,"href":"https:\/\/3zskadan.cz\/index.php?rest_route=%2Fwp%2Fv2%2Fcomments&post=1020"}],"version-history":[{"count":9,"href":"https:\/\/3zskadan.cz\/index.php?rest_route=\/wp\/v2\/pages\/1020\/revisions"}],"predecessor-version":[{"id":13134,"href":"https:\/\/3zskadan.cz\/index.php?rest_route=\/wp\/v2\/pages\/1020\/revisions\/13134"}],"wp:attachment":[{"href":"https:\/\/3zskadan.cz\/index.php?rest_route=%2Fwp%2Fv2%2Fmedia&parent=1020"}],"curies":[{"name":"wp","href":"https:\/\/api.w.org\/{rel}","templated":true}]}}