{"id":1029,"date":"2016-10-21T23:02:56","date_gmt":"2016-10-21T21:02:56","guid":{"rendered":"http:\/\/3zskadan.cz\/?page_id=1029"},"modified":"2025-01-15T13:08:01","modified_gmt":"2025-01-15T12:08:01","slug":"rad-skolni-druziny","status":"publish","type":"page","link":"https:\/\/3zskadan.cz\/?page_id=1029","title":{"rendered":"Vnit\u0159n\u00ed \u0159\u00e1d \u0161koln\u00ed dru\u017einy a \u0161koln\u00edho klubu"},"content":{"rendered":"<h2 style=\"text-align: right;\" align=\"center\"><button id=\"listenButton1\" class=\"responsivevoice-button\" type=\"button\" value=\"Play\" title=\"ResponsiveVoice Tap to Start\/Stop Speech\"><span>&#128266; P\u0159ehr\u00e1t<\/span><\/button>\n        <script>\n            listenButton1.onclick = function(){\n                if(responsiveVoice.isPlaying()){\n                    responsiveVoice.cancel();\n                }else{\n                    responsiveVoice.speak(\"Vnit\u0159n\u00ed \u0159\u00e1d \u0161koln\u00ed dru\u017einy a \u0161koln\u00edho klubu ke sta\u017een\u00ed (PDF)\", \"Czech Female\");\n                }\n            };\n        <\/script>\n    <\/h2>\n<p><a href=\"\/wp-content\/uploads\/dokumenty\/Vnitrni_rad_SD.pdf\">Vnit\u0159n\u00ed \u0159\u00e1d \u0161koln\u00ed dru\u017einy a \u0161koln\u00edho klubu ke sta\u017een\u00ed (PDF)<\/a><\/p>\n","protected":false},"excerpt":{"rendered":"<p>Vnit\u0159n\u00ed \u0159\u00e1d \u0161koln\u00ed dru\u017einy a \u0161koln\u00edho klubu ke sta\u017een\u00ed (PDF)<\/p>\n","protected":false},"author":1,"featured_media":0,"parent":0,"menu_order":0,"comment_status":"closed","ping_status":"closed","template":"","meta":{"footnotes":""},"class_list":["post-1029","page","type-page","status-publish","czr-hentry"],"yoast_head":"<!-- This site is optimized with the Yoast SEO plugin v27.6 - https:\/\/yoast.com\/product\/yoast-seo-wordpress\/ -->\n<title>Vnit\u0159n\u00ed \u0159\u00e1d \u0161koln\u00ed dru\u017einy a \u0161koln\u00edho klubu - Z\u00e1kladn\u00ed \u0161kola Kada\u0148, ul. Chomutovsk\u00e1 1683<\/title>\n<meta name=\"robots\" content=\"index, follow, max-snippet:-1, max-image-preview:large, max-video-preview:-1\" \/>\n<link rel=\"canonical\" href=\"https:\/\/3zskadan.cz\/?page_id=1029\" \/>\n<meta property=\"og:locale\" content=\"cs_CZ\" \/>\n<meta property=\"og:type\" content=\"article\" \/>\n<meta property=\"og:title\" content=\"Vnit\u0159n\u00ed \u0159\u00e1d \u0161koln\u00ed dru\u017einy a \u0161koln\u00edho klubu - Z\u00e1kladn\u00ed \u0161kola Kada\u0148, ul. Chomutovsk\u00e1 1683\" \/>\n<meta property=\"og:description\" content=\"Vnit\u0159n\u00ed \u0159\u00e1d \u0161koln\u00ed dru\u017einy a \u0161koln\u00edho klubu ke sta\u017een\u00ed (PDF)\" \/>\n<meta property=\"og:url\" content=\"https:\/\/3zskadan.cz\/?page_id=1029\" \/>\n<meta property=\"og:site_name\" content=\"Z\u00e1kladn\u00ed \u0161kola Kada\u0148, ul. Chomutovsk\u00e1 1683\" \/>\n<meta property=\"article:modified_time\" content=\"2025-01-15T12:08:01+00:00\" \/>\n<meta name=\"twitter:card\" content=\"summary_large_image\" \/>\n<meta name=\"twitter:label1\" content=\"Odhadovan\u00e1 doba \u010dten\u00ed\" \/>\n\t<meta name=\"twitter:data1\" content=\"1 minuta\" \/>\n<script type=\"application\/ld+json\" class=\"yoast-schema-graph\">{\"@context\":\"https:\\\/\\\/schema.org\",\"@graph\":[{\"@type\":\"WebPage\",\"@id\":\"https:\\\/\\\/3zskadan.cz\\\/?page_id=1029\",\"url\":\"https:\\\/\\\/3zskadan.cz\\\/?page_id=1029\",\"name\":\"Vnit\u0159n\u00ed \u0159\u00e1d \u0161koln\u00ed dru\u017einy a \u0161koln\u00edho klubu - Z\u00e1kladn\u00ed \u0161kola Kada\u0148, ul. Chomutovsk\u00e1 1683\",\"isPartOf\":{\"@id\":\"https:\\\/\\\/3zskadan.cz\\\/#website\"},\"datePublished\":\"2016-10-21T21:02:56+00:00\",\"dateModified\":\"2025-01-15T12:08:01+00:00\",\"breadcrumb\":{\"@id\":\"https:\\\/\\\/3zskadan.cz\\\/?page_id=1029#breadcrumb\"},\"inLanguage\":\"cs\",\"potentialAction\":[{\"@type\":\"ReadAction\",\"target\":[\"https:\\\/\\\/3zskadan.cz\\\/?page_id=1029\"]}]},{\"@type\":\"BreadcrumbList\",\"@id\":\"https:\\\/\\\/3zskadan.cz\\\/?page_id=1029#breadcrumb\",\"itemListElement\":[{\"@type\":\"ListItem\",\"position\":1,\"name\":\"Dom\u016f\",\"item\":\"https:\\\/\\\/3zskadan.cz\\\/\"},{\"@type\":\"ListItem\",\"position\":2,\"name\":\"Vnit\u0159n\u00ed \u0159\u00e1d \u0161koln\u00ed dru\u017einy a \u0161koln\u00edho klubu\"}]},{\"@type\":\"WebSite\",\"@id\":\"https:\\\/\\\/3zskadan.cz\\\/#website\",\"url\":\"https:\\\/\\\/3zskadan.cz\\\/\",\"name\":\"Z\u00e1kladn\u00ed \u0161kola Kada\u0148, ul. Chomutovsk\u00e1 1683\",\"description\":\"\",\"potentialAction\":[{\"@type\":\"SearchAction\",\"target\":{\"@type\":\"EntryPoint\",\"urlTemplate\":\"https:\\\/\\\/3zskadan.cz\\\/?s={search_term_string}\"},\"query-input\":{\"@type\":\"PropertyValueSpecification\",\"valueRequired\":true,\"valueName\":\"search_term_string\"}}],\"inLanguage\":\"cs\"}]}<\/script>\n<!-- \/ Yoast SEO plugin. -->","yoast_head_json":{"title":"Vnit\u0159n\u00ed \u0159\u00e1d \u0161koln\u00ed dru\u017einy a \u0161koln\u00edho klubu - Z\u00e1kladn\u00ed \u0161kola Kada\u0148, ul. Chomutovsk\u00e1 1683","robots":{"index":"index","follow":"follow","max-snippet":"max-snippet:-1","max-image-preview":"max-image-preview:large","max-video-preview":"max-video-preview:-1"},"canonical":"https:\/\/3zskadan.cz\/?page_id=1029","og_locale":"cs_CZ","og_type":"article","og_title":"Vnit\u0159n\u00ed \u0159\u00e1d \u0161koln\u00ed dru\u017einy a \u0161koln\u00edho klubu - Z\u00e1kladn\u00ed \u0161kola Kada\u0148, ul. Chomutovsk\u00e1 1683","og_description":"Vnit\u0159n\u00ed \u0159\u00e1d \u0161koln\u00ed dru\u017einy a \u0161koln\u00edho klubu ke sta\u017een\u00ed (PDF)","og_url":"https:\/\/3zskadan.cz\/?page_id=1029","og_site_name":"Z\u00e1kladn\u00ed \u0161kola Kada\u0148, ul. Chomutovsk\u00e1 1683","article_modified_time":"2025-01-15T12:08:01+00:00","twitter_card":"summary_large_image","twitter_misc":{"Odhadovan\u00e1 doba \u010dten\u00ed":"1 minuta"},"schema":{"@context":"https:\/\/schema.org","@graph":[{"@type":"WebPage","@id":"https:\/\/3zskadan.cz\/?page_id=1029","url":"https:\/\/3zskadan.cz\/?page_id=1029","name":"Vnit\u0159n\u00ed \u0159\u00e1d \u0161koln\u00ed dru\u017einy a \u0161koln\u00edho klubu - Z\u00e1kladn\u00ed \u0161kola Kada\u0148, ul. Chomutovsk\u00e1 1683","isPartOf":{"@id":"https:\/\/3zskadan.cz\/#website"},"datePublished":"2016-10-21T21:02:56+00:00","dateModified":"2025-01-15T12:08:01+00:00","breadcrumb":{"@id":"https:\/\/3zskadan.cz\/?page_id=1029#breadcrumb"},"inLanguage":"cs","potentialAction":[{"@type":"ReadAction","target":["https:\/\/3zskadan.cz\/?page_id=1029"]}]},{"@type":"BreadcrumbList","@id":"https:\/\/3zskadan.cz\/?page_id=1029#breadcrumb","itemListElement":[{"@type":"ListItem","position":1,"name":"Dom\u016f","item":"https:\/\/3zskadan.cz\/"},{"@type":"ListItem","position":2,"name":"Vnit\u0159n\u00ed \u0159\u00e1d \u0161koln\u00ed dru\u017einy a \u0161koln\u00edho klubu"}]},{"@type":"WebSite","@id":"https:\/\/3zskadan.cz\/#website","url":"https:\/\/3zskadan.cz\/","name":"Z\u00e1kladn\u00ed \u0161kola Kada\u0148, ul. Chomutovsk\u00e1 1683","description":"","potentialAction":[{"@type":"SearchAction","target":{"@type":"EntryPoint","urlTemplate":"https:\/\/3zskadan.cz\/?s={search_term_string}"},"query-input":{"@type":"PropertyValueSpecification","valueRequired":true,"valueName":"search_term_string"}}],"inLanguage":"cs"}]}},"jetpack_sharing_enabled":true,"jetpack_shortlink":"https:\/\/wp.me\/P7YYLP-gB","_links":{"self":[{"href":"https:\/\/3zskadan.cz\/index.php?rest_route=\/wp\/v2\/pages\/1029","targetHints":{"allow":["GET"]}}],"collection":[{"href":"https:\/\/3zskadan.cz\/index.php?rest_route=\/wp\/v2\/pages"}],"about":[{"href":"https:\/\/3zskadan.cz\/index.php?rest_route=\/wp\/v2\/types\/page"}],"author":[{"embeddable":true,"href":"https:\/\/3zskadan.cz\/index.php?rest_route=\/wp\/v2\/users\/1"}],"replies":[{"embeddable":true,"href":"https:\/\/3zskadan.cz\/index.php?rest_route=%2Fwp%2Fv2%2Fcomments&post=1029"}],"version-history":[{"count":2,"href":"https:\/\/3zskadan.cz\/index.php?rest_route=\/wp\/v2\/pages\/1029\/revisions"}],"predecessor-version":[{"id":13066,"href":"https:\/\/3zskadan.cz\/index.php?rest_route=\/wp\/v2\/pages\/1029\/revisions\/13066"}],"wp:attachment":[{"href":"https:\/\/3zskadan.cz\/index.php?rest_route=%2Fwp%2Fv2%2Fmedia&parent=1029"}],"curies":[{"name":"wp","href":"https:\/\/api.w.org\/{rel}","templated":true}]}}