{"id":10781,"date":"2023-02-08T17:49:12","date_gmt":"2023-02-08T16:49:12","guid":{"rendered":"https:\/\/3zskadan.cz\/?page_id=10781"},"modified":"2023-02-08T17:49:13","modified_gmt":"2023-02-08T16:49:13","slug":"projekt-bez-rozdilu","status":"publish","type":"page","link":"https:\/\/3zskadan.cz\/?page_id=10781","title":{"rendered":"Projekt BEZ ROZD\u00cdL\u016e"},"content":{"rendered":"\n<figure class=\"wp-block-image size-full\"><img data-recalc-dims=\"1\" fetchpriority=\"high\" decoding=\"async\" width=\"1024\" height=\"195\" data-attachment-id=\"10783\" data-permalink=\"https:\/\/3zskadan.cz\/?attachment_id=10783\" data-orig-file=\"https:\/\/i0.wp.com\/3zskadan.cz\/wp-content\/uploads\/image-2-1024x195-1.png?fit=1024%2C195&amp;ssl=1\" data-orig-size=\"1024,195\" data-comments-opened=\"1\" data-image-meta=\"{&quot;aperture&quot;:&quot;0&quot;,&quot;credit&quot;:&quot;&quot;,&quot;camera&quot;:&quot;&quot;,&quot;caption&quot;:&quot;&quot;,&quot;created_timestamp&quot;:&quot;0&quot;,&quot;copyright&quot;:&quot;&quot;,&quot;focal_length&quot;:&quot;0&quot;,&quot;iso&quot;:&quot;0&quot;,&quot;shutter_speed&quot;:&quot;0&quot;,&quot;title&quot;:&quot;&quot;,&quot;orientation&quot;:&quot;0&quot;}\" data-image-title=\"image-2-1024&amp;#215;195-1\" data-image-description=\"\" data-image-caption=\"\" data-large-file=\"https:\/\/i0.wp.com\/3zskadan.cz\/wp-content\/uploads\/image-2-1024x195-1.png?fit=1024%2C195&amp;ssl=1\" src=\"https:\/\/i0.wp.com\/3zskadan.cz\/wp-content\/uploads\/image-2-1024x195-1.png?resize=1024%2C195&#038;ssl=1\" alt=\"\" class=\"wp-image-10783\" srcset=\"https:\/\/i0.wp.com\/3zskadan.cz\/wp-content\/uploads\/image-2-1024x195-1.png?w=1024&amp;ssl=1 1024w, https:\/\/i0.wp.com\/3zskadan.cz\/wp-content\/uploads\/image-2-1024x195-1.png?resize=300%2C57&amp;ssl=1 300w, https:\/\/i0.wp.com\/3zskadan.cz\/wp-content\/uploads\/image-2-1024x195-1.png?resize=768%2C146&amp;ssl=1 768w\" sizes=\"(max-width: 1024px) 100vw, 1024px\" \/><\/figure>\n\n\n<h2><strong>Projekt Bez rozd\u00edl\u016f<\/strong><\/h2>\n<p>Financov\u00e1no Evropskou uni\u00ed \u2013 Next Generation EU<\/p>\n<p>Dotace je poskytov\u00e1na v r\u00e1mci Komponenty 3.2. Adaptace kapacity a zam\u011b\u0159en\u00ed \u0161koln\u00edch program\u016f N\u00e1rodn\u00edho pl\u00e1nu obnovy, IMPLEMENTACE REFORMY 3.2.2 N\u00c1RODN\u00cdHO PL\u00c1NU OBNOVY.<\/p>\n\n\n<figure class=\"wp-block-image size-large\"><img data-recalc-dims=\"1\" decoding=\"async\" width=\"1024\" height=\"107\" data-attachment-id=\"10784\" data-permalink=\"https:\/\/3zskadan.cz\/?attachment_id=10784\" data-orig-file=\"https:\/\/i0.wp.com\/3zskadan.cz\/wp-content\/uploads\/NPO-scaled.jpg?fit=2560%2C268&amp;ssl=1\" data-orig-size=\"2560,268\" data-comments-opened=\"1\" data-image-meta=\"{&quot;aperture&quot;:&quot;0&quot;,&quot;credit&quot;:&quot;Velick\\u00fd Jan&quot;,&quot;camera&quot;:&quot;&quot;,&quot;caption&quot;:&quot;&quot;,&quot;created_timestamp&quot;:&quot;0&quot;,&quot;copyright&quot;:&quot;&quot;,&quot;focal_length&quot;:&quot;0&quot;,&quot;iso&quot;:&quot;0&quot;,&quot;shutter_speed&quot;:&quot;0&quot;,&quot;title&quot;:&quot;&quot;,&quot;orientation&quot;:&quot;0&quot;}\" data-image-title=\"NPO\" data-image-description=\"\" data-image-caption=\"\" data-large-file=\"https:\/\/i0.wp.com\/3zskadan.cz\/wp-content\/uploads\/NPO-scaled.jpg?fit=1024%2C107&amp;ssl=1\" src=\"https:\/\/i0.wp.com\/3zskadan.cz\/wp-content\/uploads\/NPO.jpg?resize=1024%2C107&#038;ssl=1\" alt=\"\" class=\"wp-image-10784\" srcset=\"https:\/\/i0.wp.com\/3zskadan.cz\/wp-content\/uploads\/NPO-scaled.jpg?resize=1024%2C107&amp;ssl=1 1024w, https:\/\/i0.wp.com\/3zskadan.cz\/wp-content\/uploads\/NPO-scaled.jpg?resize=300%2C31&amp;ssl=1 300w, https:\/\/i0.wp.com\/3zskadan.cz\/wp-content\/uploads\/NPO-scaled.jpg?resize=768%2C80&amp;ssl=1 768w, https:\/\/i0.wp.com\/3zskadan.cz\/wp-content\/uploads\/NPO-scaled.jpg?resize=1536%2C161&amp;ssl=1 1536w, https:\/\/i0.wp.com\/3zskadan.cz\/wp-content\/uploads\/NPO-scaled.jpg?resize=2048%2C215&amp;ssl=1 2048w, https:\/\/i0.wp.com\/3zskadan.cz\/wp-content\/uploads\/NPO-scaled.jpg?w=2340&amp;ssl=1 2340w\" sizes=\"(max-width: 1024px) 100vw, 1024px\" \/><\/figure>\n","protected":false},"excerpt":{"rendered":"<p>Projekt Bez rozd\u00edl\u016f Financov\u00e1no Evropskou uni\u00ed \u2013 Next Generation EU Dotace je poskytov\u00e1na v r\u00e1mci Komponenty 3.2. Adaptace kapacity a zam\u011b\u0159en\u00ed \u0161koln\u00edch program\u016f N\u00e1rodn\u00edho pl\u00e1nu obnovy, IMPLEMENTACE REFORMY 3.2.2 N\u00c1RODN\u00cdHO PL\u00c1NU OBNOVY.<\/p>\n","protected":false},"author":1,"featured_media":0,"parent":0,"menu_order":0,"comment_status":"closed","ping_status":"closed","template":"","meta":{"jetpack_post_was_ever_published":false,"footnotes":""},"class_list":["post-10781","page","type-page","status-publish","czr-hentry"],"yoast_head":"<!-- This site is optimized with the Yoast SEO plugin v27.3 - https:\/\/yoast.com\/product\/yoast-seo-wordpress\/ -->\n<title>Projekt BEZ ROZD\u00cdL\u016e - Z\u00e1kladn\u00ed \u0161kola Kada\u0148, ul. Chomutovsk\u00e1 1683<\/title>\n<meta name=\"robots\" content=\"index, follow, max-snippet:-1, max-image-preview:large, max-video-preview:-1\" \/>\n<link rel=\"canonical\" href=\"https:\/\/3zskadan.cz\/?page_id=10781\" \/>\n<meta property=\"og:locale\" content=\"cs_CZ\" \/>\n<meta property=\"og:type\" content=\"article\" \/>\n<meta property=\"og:title\" content=\"Projekt BEZ ROZD\u00cdL\u016e - Z\u00e1kladn\u00ed \u0161kola Kada\u0148, ul. Chomutovsk\u00e1 1683\" \/>\n<meta property=\"og:description\" content=\"Projekt Bez rozd\u00edl\u016f Financov\u00e1no Evropskou uni\u00ed \u2013 Next Generation EU Dotace je poskytov\u00e1na v r\u00e1mci Komponenty 3.2. Adaptace kapacity a zam\u011b\u0159en\u00ed \u0161koln\u00edch program\u016f N\u00e1rodn\u00edho pl\u00e1nu obnovy, IMPLEMENTACE REFORMY 3.2.2 N\u00c1RODN\u00cdHO PL\u00c1NU OBNOVY.\" \/>\n<meta property=\"og:url\" content=\"https:\/\/3zskadan.cz\/?page_id=10781\" \/>\n<meta property=\"og:site_name\" content=\"Z\u00e1kladn\u00ed \u0161kola Kada\u0148, ul. Chomutovsk\u00e1 1683\" \/>\n<meta property=\"article:modified_time\" content=\"2023-02-08T16:49:13+00:00\" \/>\n<meta property=\"og:image\" content=\"https:\/\/3zskadan.cz\/wp-content\/uploads\/image-2-1024x195-1.png\" \/>\n<meta name=\"twitter:card\" content=\"summary_large_image\" \/>\n<meta name=\"twitter:label1\" content=\"Odhadovan\u00e1 doba \u010dten\u00ed\" \/>\n\t<meta name=\"twitter:data1\" content=\"1 minuta\" \/>\n<script type=\"application\/ld+json\" class=\"yoast-schema-graph\">{\"@context\":\"https:\\\/\\\/schema.org\",\"@graph\":[{\"@type\":\"WebPage\",\"@id\":\"https:\\\/\\\/3zskadan.cz\\\/?page_id=10781\",\"url\":\"https:\\\/\\\/3zskadan.cz\\\/?page_id=10781\",\"name\":\"Projekt BEZ ROZD\u00cdL\u016e - Z\u00e1kladn\u00ed \u0161kola Kada\u0148, ul. Chomutovsk\u00e1 1683\",\"isPartOf\":{\"@id\":\"https:\\\/\\\/3zskadan.cz\\\/#website\"},\"primaryImageOfPage\":{\"@id\":\"https:\\\/\\\/3zskadan.cz\\\/?page_id=10781#primaryimage\"},\"image\":{\"@id\":\"https:\\\/\\\/3zskadan.cz\\\/?page_id=10781#primaryimage\"},\"thumbnailUrl\":\"https:\\\/\\\/3zskadan.cz\\\/wp-content\\\/uploads\\\/image-2-1024x195-1.png\",\"datePublished\":\"2023-02-08T16:49:12+00:00\",\"dateModified\":\"2023-02-08T16:49:13+00:00\",\"breadcrumb\":{\"@id\":\"https:\\\/\\\/3zskadan.cz\\\/?page_id=10781#breadcrumb\"},\"inLanguage\":\"cs\",\"potentialAction\":[{\"@type\":\"ReadAction\",\"target\":[\"https:\\\/\\\/3zskadan.cz\\\/?page_id=10781\"]}]},{\"@type\":\"ImageObject\",\"inLanguage\":\"cs\",\"@id\":\"https:\\\/\\\/3zskadan.cz\\\/?page_id=10781#primaryimage\",\"url\":\"https:\\\/\\\/i0.wp.com\\\/3zskadan.cz\\\/wp-content\\\/uploads\\\/image-2-1024x195-1.png?fit=1024%2C195&ssl=1\",\"contentUrl\":\"https:\\\/\\\/i0.wp.com\\\/3zskadan.cz\\\/wp-content\\\/uploads\\\/image-2-1024x195-1.png?fit=1024%2C195&ssl=1\",\"width\":1024,\"height\":195},{\"@type\":\"BreadcrumbList\",\"@id\":\"https:\\\/\\\/3zskadan.cz\\\/?page_id=10781#breadcrumb\",\"itemListElement\":[{\"@type\":\"ListItem\",\"position\":1,\"name\":\"Dom\u016f\",\"item\":\"https:\\\/\\\/3zskadan.cz\\\/\"},{\"@type\":\"ListItem\",\"position\":2,\"name\":\"Projekt BEZ ROZD\u00cdL\u016e\"}]},{\"@type\":\"WebSite\",\"@id\":\"https:\\\/\\\/3zskadan.cz\\\/#website\",\"url\":\"https:\\\/\\\/3zskadan.cz\\\/\",\"name\":\"Z\u00e1kladn\u00ed \u0161kola Kada\u0148, ul. Chomutovsk\u00e1 1683\",\"description\":\"\",\"potentialAction\":[{\"@type\":\"SearchAction\",\"target\":{\"@type\":\"EntryPoint\",\"urlTemplate\":\"https:\\\/\\\/3zskadan.cz\\\/?s={search_term_string}\"},\"query-input\":{\"@type\":\"PropertyValueSpecification\",\"valueRequired\":true,\"valueName\":\"search_term_string\"}}],\"inLanguage\":\"cs\"}]}<\/script>\n<!-- \/ Yoast SEO plugin. -->","yoast_head_json":{"title":"Projekt BEZ ROZD\u00cdL\u016e - Z\u00e1kladn\u00ed \u0161kola Kada\u0148, ul. Chomutovsk\u00e1 1683","robots":{"index":"index","follow":"follow","max-snippet":"max-snippet:-1","max-image-preview":"max-image-preview:large","max-video-preview":"max-video-preview:-1"},"canonical":"https:\/\/3zskadan.cz\/?page_id=10781","og_locale":"cs_CZ","og_type":"article","og_title":"Projekt BEZ ROZD\u00cdL\u016e - Z\u00e1kladn\u00ed \u0161kola Kada\u0148, ul. Chomutovsk\u00e1 1683","og_description":"Projekt Bez rozd\u00edl\u016f Financov\u00e1no Evropskou uni\u00ed \u2013 Next Generation EU Dotace je poskytov\u00e1na v r\u00e1mci Komponenty 3.2. Adaptace kapacity a zam\u011b\u0159en\u00ed \u0161koln\u00edch program\u016f N\u00e1rodn\u00edho pl\u00e1nu obnovy, IMPLEMENTACE REFORMY 3.2.2 N\u00c1RODN\u00cdHO PL\u00c1NU OBNOVY.","og_url":"https:\/\/3zskadan.cz\/?page_id=10781","og_site_name":"Z\u00e1kladn\u00ed \u0161kola Kada\u0148, ul. Chomutovsk\u00e1 1683","article_modified_time":"2023-02-08T16:49:13+00:00","og_image":[{"url":"https:\/\/3zskadan.cz\/wp-content\/uploads\/image-2-1024x195-1.png","type":"","width":"","height":""}],"twitter_card":"summary_large_image","twitter_misc":{"Odhadovan\u00e1 doba \u010dten\u00ed":"1 minuta"},"schema":{"@context":"https:\/\/schema.org","@graph":[{"@type":"WebPage","@id":"https:\/\/3zskadan.cz\/?page_id=10781","url":"https:\/\/3zskadan.cz\/?page_id=10781","name":"Projekt BEZ ROZD\u00cdL\u016e - Z\u00e1kladn\u00ed \u0161kola Kada\u0148, ul. Chomutovsk\u00e1 1683","isPartOf":{"@id":"https:\/\/3zskadan.cz\/#website"},"primaryImageOfPage":{"@id":"https:\/\/3zskadan.cz\/?page_id=10781#primaryimage"},"image":{"@id":"https:\/\/3zskadan.cz\/?page_id=10781#primaryimage"},"thumbnailUrl":"https:\/\/3zskadan.cz\/wp-content\/uploads\/image-2-1024x195-1.png","datePublished":"2023-02-08T16:49:12+00:00","dateModified":"2023-02-08T16:49:13+00:00","breadcrumb":{"@id":"https:\/\/3zskadan.cz\/?page_id=10781#breadcrumb"},"inLanguage":"cs","potentialAction":[{"@type":"ReadAction","target":["https:\/\/3zskadan.cz\/?page_id=10781"]}]},{"@type":"ImageObject","inLanguage":"cs","@id":"https:\/\/3zskadan.cz\/?page_id=10781#primaryimage","url":"https:\/\/i0.wp.com\/3zskadan.cz\/wp-content\/uploads\/image-2-1024x195-1.png?fit=1024%2C195&ssl=1","contentUrl":"https:\/\/i0.wp.com\/3zskadan.cz\/wp-content\/uploads\/image-2-1024x195-1.png?fit=1024%2C195&ssl=1","width":1024,"height":195},{"@type":"BreadcrumbList","@id":"https:\/\/3zskadan.cz\/?page_id=10781#breadcrumb","itemListElement":[{"@type":"ListItem","position":1,"name":"Dom\u016f","item":"https:\/\/3zskadan.cz\/"},{"@type":"ListItem","position":2,"name":"Projekt BEZ ROZD\u00cdL\u016e"}]},{"@type":"WebSite","@id":"https:\/\/3zskadan.cz\/#website","url":"https:\/\/3zskadan.cz\/","name":"Z\u00e1kladn\u00ed \u0161kola Kada\u0148, ul. Chomutovsk\u00e1 1683","description":"","potentialAction":[{"@type":"SearchAction","target":{"@type":"EntryPoint","urlTemplate":"https:\/\/3zskadan.cz\/?s={search_term_string}"},"query-input":{"@type":"PropertyValueSpecification","valueRequired":true,"valueName":"search_term_string"}}],"inLanguage":"cs"}]}},"jetpack_sharing_enabled":true,"jetpack_shortlink":"https:\/\/wp.me\/P7YYLP-2NT","_links":{"self":[{"href":"https:\/\/3zskadan.cz\/index.php?rest_route=\/wp\/v2\/pages\/10781","targetHints":{"allow":["GET"]}}],"collection":[{"href":"https:\/\/3zskadan.cz\/index.php?rest_route=\/wp\/v2\/pages"}],"about":[{"href":"https:\/\/3zskadan.cz\/index.php?rest_route=\/wp\/v2\/types\/page"}],"author":[{"embeddable":true,"href":"https:\/\/3zskadan.cz\/index.php?rest_route=\/wp\/v2\/users\/1"}],"replies":[{"embeddable":true,"href":"https:\/\/3zskadan.cz\/index.php?rest_route=%2Fwp%2Fv2%2Fcomments&post=10781"}],"version-history":[{"count":3,"href":"https:\/\/3zskadan.cz\/index.php?rest_route=\/wp\/v2\/pages\/10781\/revisions"}],"predecessor-version":[{"id":10786,"href":"https:\/\/3zskadan.cz\/index.php?rest_route=\/wp\/v2\/pages\/10781\/revisions\/10786"}],"wp:attachment":[{"href":"https:\/\/3zskadan.cz\/index.php?rest_route=%2Fwp%2Fv2%2Fmedia&parent=10781"}],"curies":[{"name":"wp","href":"https:\/\/api.w.org\/{rel}","templated":true}]}}