{"id":13297,"date":"2025-04-02T12:06:10","date_gmt":"2025-04-02T10:06:10","guid":{"rendered":"https:\/\/3zskadan.cz\/?page_id=13297"},"modified":"2025-04-02T12:06:11","modified_gmt":"2025-04-02T10:06:11","slug":"na-koho-se-obratit","status":"publish","type":"page","link":"https:\/\/3zskadan.cz\/?page_id=13297","title":{"rendered":"Na koho se obr\u00e1tit"},"content":{"rendered":"<div class=\"row\"><div class='content-column one_half'><div style=\"padding-right:5%;padding-left:5%;\"><img decoding=\"async\" class=\"img-responsive img-circle ucitele aligncenter\" src=\"\/wp-content\/uploads\/2016\/10\/lenka-k.png\" width=\"100\" height=\"100\" title=\"\" alt=\"\" \/><br \/><\/div><\/div>\n<div class='content-column one_half'><strong>Mgr. Kaiserov\u00e1 Lenka<\/strong><\/div>\n<div>Koordin\u00e1torka podpory nad\u00e1n\u00ed pro 1.\u00a0 st.<\/div>\n<div class=\"row\"><i class=\"fa fa-envelope-o\"><\/i> <a href=\"mailto:kaiserova-3zs@ktkadan.cz\" target=\"_blank\" rel=\"noopener noreferrer\">kaiserova-3zs@ktkadan.cz<\/a><br \/>\n<i class=\"fa fa-envelope-o\"><\/i> <a href=\"mailto:kaiserova@3zskadan.cz\" target=\"_blank\" rel=\"noopener noreferrer\">kaiserova@3zskadan.cz<\/a><br \/><\/div><\/div>\n<hr \/>\n<div class=\"row\"><div class='content-column one_half'><div style=\"padding-right:5%;padding-left:5%;\"><img decoding=\"async\" class=\"img-responsive img-circle ucitele center-block aligncenter\" src=\"\/wp-content\/uploads\/fotoNH.jpeg\" width=\"100\" height=\"100\" title=\"\" alt=\"\" \/><br \/><\/div><\/div>\n<div class='content-column one_half'><strong>Mgr. Hej\u010dlov\u00e1 Nikola<\/strong><\/div>\n<div class=\"row\">Koordin\u00e1torka podpory nad\u00e1n\u00ed pro 2. st.<br \/>\n<i class=\"fa fa-envelope-o\"><\/i> <a href=\"mailto:hejclova@3zskadan.cz\" target=\"_blank\" rel=\"noopener noreferrer\">hejclova@3zskadan.cz<\/a><br \/>\n<i class=\"fa fa-envelope-o\"><\/i> <a href=\"mailto:hejclova-3zs@ktkadan.cz\" target=\"_blank\" rel=\"noopener noreferrer\">hejclova-3zs@ktkadan.cz<\/a><br \/><\/div><\/div>\n<hr \/>\n<div class=\"row\"><div class='content-column one_half'><div style=\"padding-right:5%;padding-left:5%;\"><img decoding=\"async\" class=\"img-responsive img-circle ucitele aligncenter\" src=\"\/wp-content\/uploads\/2016\/12\/jana_m.jpg\" width=\"100\" height=\"100\" title=\"\" alt=\"\" \/><br \/><\/div><\/div>\n<div class='content-column one_half'><strong>Mgr. Mihalovov\u00e1 Jana<\/strong><\/div>\n<div class=\"row\">Speci\u00e1ln\u00ed pedagog<br \/>\n<i class=\"fa fa-envelope-o\"><\/i> <a href=\"mailto:mihalovova-3zs@ktkadan.cz\" target=\"_blank\" rel=\"noopener noreferrer\">mihalovova-3zs@ktkadan.cz<\/a><br \/>\n<i class=\"fa fa-envelope-o\"><\/i> <a href=\"mailto:mihalovova@3zskadan.cz\" target=\"_blank\" rel=\"noopener noreferrer\">mihalovova@3zskadan.cz<\/a><br \/><\/div><\/div>\n","protected":false},"excerpt":{"rendered":"","protected":false},"author":1,"featured_media":0,"parent":13304,"menu_order":0,"comment_status":"closed","ping_status":"closed","template":"","meta":{"footnotes":""},"class_list":["post-13297","page","type-page","status-publish","czr-hentry"],"yoast_head":"<!-- This site is optimized with the Yoast SEO plugin v27.5 - https:\/\/yoast.com\/product\/yoast-seo-wordpress\/ -->\n<title>Na koho se obr\u00e1tit - Z\u00e1kladn\u00ed \u0161kola Kada\u0148, ul. Chomutovsk\u00e1 1683<\/title>\n<meta name=\"robots\" content=\"index, follow, max-snippet:-1, max-image-preview:large, max-video-preview:-1\" \/>\n<link rel=\"canonical\" href=\"https:\/\/3zskadan.cz\/?page_id=13297\" \/>\n<meta property=\"og:locale\" content=\"cs_CZ\" \/>\n<meta property=\"og:type\" content=\"article\" \/>\n<meta property=\"og:title\" content=\"Na koho se obr\u00e1tit - Z\u00e1kladn\u00ed \u0161kola Kada\u0148, ul. Chomutovsk\u00e1 1683\" \/>\n<meta property=\"og:url\" content=\"https:\/\/3zskadan.cz\/?page_id=13297\" \/>\n<meta property=\"og:site_name\" content=\"Z\u00e1kladn\u00ed \u0161kola Kada\u0148, ul. Chomutovsk\u00e1 1683\" \/>\n<meta property=\"article:modified_time\" content=\"2025-04-02T10:06:11+00:00\" \/>\n<meta name=\"twitter:card\" content=\"summary_large_image\" \/>\n<meta name=\"twitter:label1\" content=\"Odhadovan\u00e1 doba \u010dten\u00ed\" \/>\n\t<meta name=\"twitter:data1\" content=\"1 minuta\" \/>\n<script type=\"application\/ld+json\" class=\"yoast-schema-graph\">{\"@context\":\"https:\\\/\\\/schema.org\",\"@graph\":[{\"@type\":\"WebPage\",\"@id\":\"https:\\\/\\\/3zskadan.cz\\\/?page_id=13297\",\"url\":\"https:\\\/\\\/3zskadan.cz\\\/?page_id=13297\",\"name\":\"Na koho se obr\u00e1tit - Z\u00e1kladn\u00ed \u0161kola Kada\u0148, ul. Chomutovsk\u00e1 1683\",\"isPartOf\":{\"@id\":\"https:\\\/\\\/3zskadan.cz\\\/#website\"},\"datePublished\":\"2025-04-02T10:06:10+00:00\",\"dateModified\":\"2025-04-02T10:06:11+00:00\",\"breadcrumb\":{\"@id\":\"https:\\\/\\\/3zskadan.cz\\\/?page_id=13297#breadcrumb\"},\"inLanguage\":\"cs\",\"potentialAction\":[{\"@type\":\"ReadAction\",\"target\":[\"https:\\\/\\\/3zskadan.cz\\\/?page_id=13297\"]}]},{\"@type\":\"BreadcrumbList\",\"@id\":\"https:\\\/\\\/3zskadan.cz\\\/?page_id=13297#breadcrumb\",\"itemListElement\":[{\"@type\":\"ListItem\",\"position\":1,\"name\":\"Dom\u016f\",\"item\":\"https:\\\/\\\/3zskadan.cz\\\/\"},{\"@type\":\"ListItem\",\"position\":2,\"name\":\"Podpora nad\u00e1n\u00ed\",\"item\":\"https:\\\/\\\/3zskadan.cz\\\/?page_id=13304\"},{\"@type\":\"ListItem\",\"position\":3,\"name\":\"Na koho se obr\u00e1tit\"}]},{\"@type\":\"WebSite\",\"@id\":\"https:\\\/\\\/3zskadan.cz\\\/#website\",\"url\":\"https:\\\/\\\/3zskadan.cz\\\/\",\"name\":\"Z\u00e1kladn\u00ed \u0161kola Kada\u0148, ul. Chomutovsk\u00e1 1683\",\"description\":\"\",\"potentialAction\":[{\"@type\":\"SearchAction\",\"target\":{\"@type\":\"EntryPoint\",\"urlTemplate\":\"https:\\\/\\\/3zskadan.cz\\\/?s={search_term_string}\"},\"query-input\":{\"@type\":\"PropertyValueSpecification\",\"valueRequired\":true,\"valueName\":\"search_term_string\"}}],\"inLanguage\":\"cs\"}]}<\/script>\n<!-- \/ Yoast SEO plugin. -->","yoast_head_json":{"title":"Na koho se obr\u00e1tit - Z\u00e1kladn\u00ed \u0161kola Kada\u0148, ul. Chomutovsk\u00e1 1683","robots":{"index":"index","follow":"follow","max-snippet":"max-snippet:-1","max-image-preview":"max-image-preview:large","max-video-preview":"max-video-preview:-1"},"canonical":"https:\/\/3zskadan.cz\/?page_id=13297","og_locale":"cs_CZ","og_type":"article","og_title":"Na koho se obr\u00e1tit - Z\u00e1kladn\u00ed \u0161kola Kada\u0148, ul. Chomutovsk\u00e1 1683","og_url":"https:\/\/3zskadan.cz\/?page_id=13297","og_site_name":"Z\u00e1kladn\u00ed \u0161kola Kada\u0148, ul. Chomutovsk\u00e1 1683","article_modified_time":"2025-04-02T10:06:11+00:00","twitter_card":"summary_large_image","twitter_misc":{"Odhadovan\u00e1 doba \u010dten\u00ed":"1 minuta"},"schema":{"@context":"https:\/\/schema.org","@graph":[{"@type":"WebPage","@id":"https:\/\/3zskadan.cz\/?page_id=13297","url":"https:\/\/3zskadan.cz\/?page_id=13297","name":"Na koho se obr\u00e1tit - Z\u00e1kladn\u00ed \u0161kola Kada\u0148, ul. Chomutovsk\u00e1 1683","isPartOf":{"@id":"https:\/\/3zskadan.cz\/#website"},"datePublished":"2025-04-02T10:06:10+00:00","dateModified":"2025-04-02T10:06:11+00:00","breadcrumb":{"@id":"https:\/\/3zskadan.cz\/?page_id=13297#breadcrumb"},"inLanguage":"cs","potentialAction":[{"@type":"ReadAction","target":["https:\/\/3zskadan.cz\/?page_id=13297"]}]},{"@type":"BreadcrumbList","@id":"https:\/\/3zskadan.cz\/?page_id=13297#breadcrumb","itemListElement":[{"@type":"ListItem","position":1,"name":"Dom\u016f","item":"https:\/\/3zskadan.cz\/"},{"@type":"ListItem","position":2,"name":"Podpora nad\u00e1n\u00ed","item":"https:\/\/3zskadan.cz\/?page_id=13304"},{"@type":"ListItem","position":3,"name":"Na koho se obr\u00e1tit"}]},{"@type":"WebSite","@id":"https:\/\/3zskadan.cz\/#website","url":"https:\/\/3zskadan.cz\/","name":"Z\u00e1kladn\u00ed \u0161kola Kada\u0148, ul. Chomutovsk\u00e1 1683","description":"","potentialAction":[{"@type":"SearchAction","target":{"@type":"EntryPoint","urlTemplate":"https:\/\/3zskadan.cz\/?s={search_term_string}"},"query-input":{"@type":"PropertyValueSpecification","valueRequired":true,"valueName":"search_term_string"}}],"inLanguage":"cs"}]}},"jetpack_sharing_enabled":true,"jetpack_shortlink":"https:\/\/wp.me\/P7YYLP-3st","_links":{"self":[{"href":"https:\/\/3zskadan.cz\/index.php?rest_route=\/wp\/v2\/pages\/13297","targetHints":{"allow":["GET"]}}],"collection":[{"href":"https:\/\/3zskadan.cz\/index.php?rest_route=\/wp\/v2\/pages"}],"about":[{"href":"https:\/\/3zskadan.cz\/index.php?rest_route=\/wp\/v2\/types\/page"}],"author":[{"embeddable":true,"href":"https:\/\/3zskadan.cz\/index.php?rest_route=\/wp\/v2\/users\/1"}],"replies":[{"embeddable":true,"href":"https:\/\/3zskadan.cz\/index.php?rest_route=%2Fwp%2Fv2%2Fcomments&post=13297"}],"version-history":[{"count":5,"href":"https:\/\/3zskadan.cz\/index.php?rest_route=\/wp\/v2\/pages\/13297\/revisions"}],"predecessor-version":[{"id":13303,"href":"https:\/\/3zskadan.cz\/index.php?rest_route=\/wp\/v2\/pages\/13297\/revisions\/13303"}],"up":[{"embeddable":true,"href":"https:\/\/3zskadan.cz\/index.php?rest_route=\/wp\/v2\/pages\/13304"}],"wp:attachment":[{"href":"https:\/\/3zskadan.cz\/index.php?rest_route=%2Fwp%2Fv2%2Fmedia&parent=13297"}],"curies":[{"name":"wp","href":"https:\/\/api.w.org\/{rel}","templated":true}]}}