{"id":13315,"date":"2025-04-02T12:33:40","date_gmt":"2025-04-02T10:33:40","guid":{"rendered":"https:\/\/3zskadan.cz\/?page_id=13315"},"modified":"2026-03-23T14:39:16","modified_gmt":"2026-03-23T13:39:16","slug":"povedlo-se","status":"publish","type":"page","link":"https:\/\/3zskadan.cz\/?page_id=13315","title":{"rendered":"Povedlo se"},"content":{"rendered":"<p><a href=\"https:\/\/3zskadan.cz\/?p=14477\" rel=\"bookmark\" data-wahfont=\"24\">Nejlep\u0161\u00ed z nejlep\u0161\u00edch!<\/a><\/p>\n<p><a href=\"https:\/\/3zskadan.cz\/?p=13988\" rel=\"bookmark\" data-wahfont=\"24\">Sout\u011b\u017e \u201eT \u2013 PROFI \u2013 Talenty pro firmy\u201c<\/a><\/p>\n<p><a href=\"https:\/\/3zskadan.cz\/?p=12890\" target=\"_blank\" rel=\"noopener\"><span style=\"font-weight: 400;\">Terka Tikalov\u00e1 logick\u00e1 olympi\u00e1da<\/span><\/a><\/p>\n<p><a href=\"https:\/\/3zskadan.cz\/?p=13101\" target=\"_blank\" rel=\"noopener\"><span style=\"font-weight: 400;\">Laura Talent Kadan\u011b<\/span><\/a><\/p>\n<p><a href=\"https:\/\/3zskadan.cz\/?p=12569\" target=\"_blank\" rel=\"noopener\"><span style=\"font-weight: 400;\">Post Bellum vyhodnocen\u00ed<\/span><\/a><\/p>\n<p><a href=\"https:\/\/3zskadan.cz\/?p=12510\" target=\"_blank\" rel=\"noopener\"><span style=\"font-weight: 400;\">Dopravn\u00ed sout\u011b\u017e<\/span><\/a><\/p>\n<p><a href=\"https:\/\/www.youtube.com\/watch?v=Y-oc2h9nQyw\" target=\"_blank\" rel=\"noopener\"><span style=\"font-weight: 400;\">Robotika v hodin\u00e1ch informatiky<\/span><\/a><\/p>\n\n","protected":false},"excerpt":{"rendered":"<p>Nejlep\u0161\u00ed z nejlep\u0161\u00edch! Sout\u011b\u017e \u201eT \u2013 PROFI \u2013 Talenty pro firmy\u201c Terka Tikalov\u00e1 logick\u00e1 olympi\u00e1da Laura Talent Kadan\u011b Post Bellum vyhodnocen\u00ed Dopravn\u00ed sout\u011b\u017e Robotika v hodin\u00e1ch informatiky<\/p>\n","protected":false},"author":1,"featured_media":0,"parent":13304,"menu_order":0,"comment_status":"closed","ping_status":"closed","template":"","meta":{"jetpack_post_was_ever_published":false,"footnotes":""},"class_list":["post-13315","page","type-page","status-publish","czr-hentry"],"yoast_head":"<!-- This site is optimized with the Yoast SEO plugin v27.4 - https:\/\/yoast.com\/product\/yoast-seo-wordpress\/ -->\n<title>Povedlo se - Z\u00e1kladn\u00ed \u0161kola Kada\u0148, ul. Chomutovsk\u00e1 1683<\/title>\n<meta name=\"robots\" content=\"index, follow, max-snippet:-1, max-image-preview:large, max-video-preview:-1\" \/>\n<link rel=\"canonical\" href=\"https:\/\/3zskadan.cz\/?page_id=13315\" \/>\n<meta property=\"og:locale\" content=\"cs_CZ\" \/>\n<meta property=\"og:type\" content=\"article\" \/>\n<meta property=\"og:title\" content=\"Povedlo se - Z\u00e1kladn\u00ed \u0161kola Kada\u0148, ul. Chomutovsk\u00e1 1683\" \/>\n<meta property=\"og:description\" content=\"Nejlep\u0161\u00ed z nejlep\u0161\u00edch! Sout\u011b\u017e \u201eT \u2013 PROFI \u2013 Talenty pro firmy\u201c Terka Tikalov\u00e1 logick\u00e1 olympi\u00e1da Laura Talent Kadan\u011b Post Bellum vyhodnocen\u00ed Dopravn\u00ed sout\u011b\u017e Robotika v hodin\u00e1ch informatiky\" \/>\n<meta property=\"og:url\" content=\"https:\/\/3zskadan.cz\/?page_id=13315\" \/>\n<meta property=\"og:site_name\" content=\"Z\u00e1kladn\u00ed \u0161kola Kada\u0148, ul. Chomutovsk\u00e1 1683\" \/>\n<meta property=\"article:modified_time\" content=\"2026-03-23T13:39:16+00:00\" \/>\n<meta name=\"twitter:card\" content=\"summary_large_image\" \/>\n<meta name=\"twitter:label1\" content=\"Odhadovan\u00e1 doba \u010dten\u00ed\" \/>\n\t<meta name=\"twitter:data1\" content=\"1 minuta\" \/>\n<script type=\"application\/ld+json\" class=\"yoast-schema-graph\">{\"@context\":\"https:\\\/\\\/schema.org\",\"@graph\":[{\"@type\":\"WebPage\",\"@id\":\"https:\\\/\\\/3zskadan.cz\\\/?page_id=13315\",\"url\":\"https:\\\/\\\/3zskadan.cz\\\/?page_id=13315\",\"name\":\"Povedlo se - Z\u00e1kladn\u00ed \u0161kola Kada\u0148, ul. Chomutovsk\u00e1 1683\",\"isPartOf\":{\"@id\":\"https:\\\/\\\/3zskadan.cz\\\/#website\"},\"datePublished\":\"2025-04-02T10:33:40+00:00\",\"dateModified\":\"2026-03-23T13:39:16+00:00\",\"breadcrumb\":{\"@id\":\"https:\\\/\\\/3zskadan.cz\\\/?page_id=13315#breadcrumb\"},\"inLanguage\":\"cs\",\"potentialAction\":[{\"@type\":\"ReadAction\",\"target\":[\"https:\\\/\\\/3zskadan.cz\\\/?page_id=13315\"]}]},{\"@type\":\"BreadcrumbList\",\"@id\":\"https:\\\/\\\/3zskadan.cz\\\/?page_id=13315#breadcrumb\",\"itemListElement\":[{\"@type\":\"ListItem\",\"position\":1,\"name\":\"Dom\u016f\",\"item\":\"https:\\\/\\\/3zskadan.cz\\\/\"},{\"@type\":\"ListItem\",\"position\":2,\"name\":\"Podpora nad\u00e1n\u00ed\",\"item\":\"https:\\\/\\\/3zskadan.cz\\\/?page_id=13304\"},{\"@type\":\"ListItem\",\"position\":3,\"name\":\"Povedlo se\"}]},{\"@type\":\"WebSite\",\"@id\":\"https:\\\/\\\/3zskadan.cz\\\/#website\",\"url\":\"https:\\\/\\\/3zskadan.cz\\\/\",\"name\":\"Z\u00e1kladn\u00ed \u0161kola Kada\u0148, ul. Chomutovsk\u00e1 1683\",\"description\":\"\",\"potentialAction\":[{\"@type\":\"SearchAction\",\"target\":{\"@type\":\"EntryPoint\",\"urlTemplate\":\"https:\\\/\\\/3zskadan.cz\\\/?s={search_term_string}\"},\"query-input\":{\"@type\":\"PropertyValueSpecification\",\"valueRequired\":true,\"valueName\":\"search_term_string\"}}],\"inLanguage\":\"cs\"}]}<\/script>\n<!-- \/ Yoast SEO plugin. -->","yoast_head_json":{"title":"Povedlo se - Z\u00e1kladn\u00ed \u0161kola Kada\u0148, ul. Chomutovsk\u00e1 1683","robots":{"index":"index","follow":"follow","max-snippet":"max-snippet:-1","max-image-preview":"max-image-preview:large","max-video-preview":"max-video-preview:-1"},"canonical":"https:\/\/3zskadan.cz\/?page_id=13315","og_locale":"cs_CZ","og_type":"article","og_title":"Povedlo se - Z\u00e1kladn\u00ed \u0161kola Kada\u0148, ul. Chomutovsk\u00e1 1683","og_description":"Nejlep\u0161\u00ed z nejlep\u0161\u00edch! Sout\u011b\u017e \u201eT \u2013 PROFI \u2013 Talenty pro firmy\u201c Terka Tikalov\u00e1 logick\u00e1 olympi\u00e1da Laura Talent Kadan\u011b Post Bellum vyhodnocen\u00ed Dopravn\u00ed sout\u011b\u017e Robotika v hodin\u00e1ch informatiky","og_url":"https:\/\/3zskadan.cz\/?page_id=13315","og_site_name":"Z\u00e1kladn\u00ed \u0161kola Kada\u0148, ul. Chomutovsk\u00e1 1683","article_modified_time":"2026-03-23T13:39:16+00:00","twitter_card":"summary_large_image","twitter_misc":{"Odhadovan\u00e1 doba \u010dten\u00ed":"1 minuta"},"schema":{"@context":"https:\/\/schema.org","@graph":[{"@type":"WebPage","@id":"https:\/\/3zskadan.cz\/?page_id=13315","url":"https:\/\/3zskadan.cz\/?page_id=13315","name":"Povedlo se - Z\u00e1kladn\u00ed \u0161kola Kada\u0148, ul. Chomutovsk\u00e1 1683","isPartOf":{"@id":"https:\/\/3zskadan.cz\/#website"},"datePublished":"2025-04-02T10:33:40+00:00","dateModified":"2026-03-23T13:39:16+00:00","breadcrumb":{"@id":"https:\/\/3zskadan.cz\/?page_id=13315#breadcrumb"},"inLanguage":"cs","potentialAction":[{"@type":"ReadAction","target":["https:\/\/3zskadan.cz\/?page_id=13315"]}]},{"@type":"BreadcrumbList","@id":"https:\/\/3zskadan.cz\/?page_id=13315#breadcrumb","itemListElement":[{"@type":"ListItem","position":1,"name":"Dom\u016f","item":"https:\/\/3zskadan.cz\/"},{"@type":"ListItem","position":2,"name":"Podpora nad\u00e1n\u00ed","item":"https:\/\/3zskadan.cz\/?page_id=13304"},{"@type":"ListItem","position":3,"name":"Povedlo se"}]},{"@type":"WebSite","@id":"https:\/\/3zskadan.cz\/#website","url":"https:\/\/3zskadan.cz\/","name":"Z\u00e1kladn\u00ed \u0161kola Kada\u0148, ul. Chomutovsk\u00e1 1683","description":"","potentialAction":[{"@type":"SearchAction","target":{"@type":"EntryPoint","urlTemplate":"https:\/\/3zskadan.cz\/?s={search_term_string}"},"query-input":{"@type":"PropertyValueSpecification","valueRequired":true,"valueName":"search_term_string"}}],"inLanguage":"cs"}]}},"jetpack_sharing_enabled":true,"jetpack_shortlink":"https:\/\/wp.me\/P7YYLP-3sL","_links":{"self":[{"href":"https:\/\/3zskadan.cz\/index.php?rest_route=\/wp\/v2\/pages\/13315","targetHints":{"allow":["GET"]}}],"collection":[{"href":"https:\/\/3zskadan.cz\/index.php?rest_route=\/wp\/v2\/pages"}],"about":[{"href":"https:\/\/3zskadan.cz\/index.php?rest_route=\/wp\/v2\/types\/page"}],"author":[{"embeddable":true,"href":"https:\/\/3zskadan.cz\/index.php?rest_route=\/wp\/v2\/users\/1"}],"replies":[{"embeddable":true,"href":"https:\/\/3zskadan.cz\/index.php?rest_route=%2Fwp%2Fv2%2Fcomments&post=13315"}],"version-history":[{"count":3,"href":"https:\/\/3zskadan.cz\/index.php?rest_route=\/wp\/v2\/pages\/13315\/revisions"}],"predecessor-version":[{"id":14515,"href":"https:\/\/3zskadan.cz\/index.php?rest_route=\/wp\/v2\/pages\/13315\/revisions\/14515"}],"up":[{"embeddable":true,"href":"https:\/\/3zskadan.cz\/index.php?rest_route=\/wp\/v2\/pages\/13304"}],"wp:attachment":[{"href":"https:\/\/3zskadan.cz\/index.php?rest_route=%2Fwp%2Fv2%2Fmedia&parent=13315"}],"curies":[{"name":"wp","href":"https:\/\/api.w.org\/{rel}","templated":true}]}}