{"id":3699,"date":"2018-04-30T15:22:31","date_gmt":"2018-04-30T13:22:31","guid":{"rendered":"http:\/\/3zskadan.cz\/?page_id=3699"},"modified":"2018-04-30T15:23:39","modified_gmt":"2018-04-30T13:23:39","slug":"gdpr-informace-o-zpracovani-osobnich-udaju-na-webu","status":"publish","type":"page","link":"https:\/\/3zskadan.cz\/?page_id=3699","title":{"rendered":"GDPR \u2013 Informace o zpracov\u00e1n\u00ed osobn\u00edch \u00fadaj\u016f na webu"},"content":{"rendered":"<p><strong>Informace o zpracov\u00e1n\u00ed osobn\u00edch \u00fadaj\u016f na webu<\/strong><br \/>\n Pro zaji\u0161t\u011bn\u00ed veden\u00ed dokumentace \u0161koly, v souladu s ustanoven\u00edm \u00a7 28 z\u00e1kona \u010d. 561\/2004 Sb., o p\u0159ed\u0161koln\u00edm, z\u00e1kladn\u00edm, st\u0159edn\u00edm, vy\u0161\u0161\u00edm odborn\u00e9m a jin\u00e9m vzd\u011bl\u00e1v\u00e1n\u00ed (\u0161kolsk\u00fd z\u00e1kon), ve zn\u011bn\u00ed pozd\u011bj\u0161\u00edch p\u0159edpis\u016f, zpracov\u00e1v\u00e1 \u0161kola o \u017e\u00e1c\u00edch n\u00e1sleduj\u00edc\u00ed typy \u00fadaj\u016f:<br \/>\n jm\u00e9no a p\u0159\u00edjmen\u00ed; rodn\u00e9 \u010d\u00edslo (pop\u0159\u00edpad\u011b datum narozen\u00ed, nebylo-li rodn\u00e9 \u010d\u00edslo d\u00edt\u011bti, \u017e\u00e1kovi nebo studentovi p\u0159id\u011bleno); st\u00e1tn\u00ed ob\u010danstv\u00ed; m\u00edsto narozen\u00ed; m\u00edsto trval\u00e9ho pobytu, pop\u0159\u00edpad\u011b m\u00edsto pobytu na \u00fazem\u00ed \u010cesk\u00e9 republiky podle druhu pobytu cizince nebo m\u00edsto pobytu v zahrani\u010d\u00ed, nepob\u00fdv\u00e1-li d\u00edt\u011b, \u017e\u00e1k nebo student na \u00fazem\u00ed \u010cesk\u00e9 republiky; \u00fadaje o p\u0159edchoz\u00edm vzd\u011bl\u00e1v\u00e1n\u00ed, v\u010detn\u011b dosa\u017een\u00e9ho stupn\u011b vzd\u011bl\u00e1n\u00ed; datum zah\u00e1jen\u00ed vzd\u011bl\u00e1v\u00e1n\u00ed ve \u0161kole; \u00fadaje o pr\u016fb\u011bhu a v\u00fdsledc\u00edch vzd\u011bl\u00e1v\u00e1n\u00ed ve \u0161kole; vyu\u010dovac\u00ed jazyk; \u00fadaje o znev\u00fdhodn\u011bn\u00ed \u017e\u00e1ka; \u00fadaje o mimo\u0159\u00e1dn\u00e9m nad\u00e1n\u00ed \u017e\u00e1ka; \u00fadaje o podp\u016frn\u00fdch opat\u0159en\u00edch poskytovan\u00fdch \u017e\u00e1kovi \u0161kolou, a o z\u00e1v\u011brech vy\u0161et\u0159en\u00ed uveden\u00fdch v doporu\u010den\u00ed \u0161kolsk\u00e9ho poradensk\u00e9ho za\u0159\u00edzen\u00ed; \u00fadaje o zdravotn\u00ed zp\u016fsobilosti ke vzd\u011bl\u00e1v\u00e1n\u00ed a o zdravotn\u00edch obt\u00ed\u017e\u00edch, kter\u00e9 by mohly m\u00edt vliv na pr\u016fb\u011bh vzd\u011bl\u00e1v\u00e1n\u00ed; datum ukon\u010den\u00ed vzd\u011bl\u00e1v\u00e1n\u00ed ve \u0161kole a \u00fadaje o zkou\u0161ce, j\u00ed\u017e bylo vzd\u011bl\u00e1v\u00e1n\u00ed ve st\u0159edn\u00ed nebo vy\u0161\u0161\u00ed odborn\u00e9 \u0161kole ukon\u010deno.<br \/>\n V\u00fd\u0161e vymezen\u00e9 \u00fadaje se d\u00e1le v souladu s ustanoven\u00edm z\u00e1kona p\u0159ed\u00e1vaj\u00ed CZVV, M\u0160MT, z\u0159izovateli, \u010c\u0160I, kontroln\u00edm org\u00e1n\u016fm. Podle zvl\u00e1\u0161tn\u00edch z\u00e1kon\u016f se d\u00e1le p\u0159ed\u00e1vaj\u00ed osobn\u00ed \u00fadaje zpracov\u00e1van\u00e9 na z\u00e1klad\u011b z\u00e1kona bez dal\u0161\u00edho jin\u00fdm org\u00e1n\u016fm nebo instituc\u00edm \u2013 nap\u0159. \u010cesk\u00e1 spr\u00e1va soci\u00e1ln\u00edho zabezpe\u010den\u00ed, zdravotn\u00ed poji\u0161\u0165ovna, Policie \u010cR, Org\u00e1n soci\u00e1ln\u011b \u2013 pr\u00e1vn\u00ed ochrany d\u011bt\u00ed, Gener\u00e1ln\u00ed inspekce bezpe\u010dnostn\u00edch sbor\u016f a dal\u0161\u00ed. V ur\u010dit\u00fdch p\u0159\u00edpadech se osobn\u00ed \u00fadaje poskytuj\u00ed zm\u00edn\u011bn\u00fdm org\u00e1n\u016fm nikoliv bezprost\u0159edn\u011b, ale na vy\u017e\u00e1d\u00e1n\u00ed s uveden\u00edm konkr\u00e9tn\u00edho d\u016fvodu takov\u00e9ho po\u017eadavku.<br \/>\n O z\u00e1konn\u00fdch z\u00e1stupc\u00edch zpracov\u00e1v\u00e1 \u0161kola podle \u00a7 28 z\u00e1kona \u010d. 561\/2004 Sb., odst.2 p\u00edsm. i) tyto osobn\u00ed \u00fadaje: jm\u00e9no a p\u0159\u00edjmen\u00ed z\u00e1konn\u00e9ho z\u00e1stupce, m\u00edsto trval\u00e9ho pobytu nebo bydli\u0161t\u011b, pokud nem\u00e1 na \u00fazem\u00ed \u010cesk\u00e9 republiky m\u00edsto trval\u00e9ho pobytu, a adresu pro doru\u010dov\u00e1n\u00ed p\u00edsemnost\u00ed, telefonick\u00e9 spojen\u00ed.<br \/>\n O zam\u011bstnanc\u00edch zpracov\u00e1v\u00e1 \u0161kola v r\u00e1mci person\u00e1ln\u00ed a mzdov\u00e9 agendy a BOZP \u00fadaje dle z\u00e1kona: 262\/2006 Sb., 592\/1992 Sb., 48\/1997 Sb., 586\/1992 Sb., 187\/2006 Sb., 155\/1996 Sb., 99\/1963 Sb., 89\/ 2012 Sb., tyto osobn\u00ed \u00fadaje: jm\u00e9no, p\u0159\u00edjmen\u00ed, datum a m\u00edsto narozen\u00ed, m\u00edsto bydli\u0161t\u011b, koresponden\u010dn\u00ed adresa, rodn\u00e9 \u010d\u00edslo, rodinn\u00fd stav, st\u00e1tn\u00ed p\u0159\u00edslu\u0161nost, \u010d\u00edslo ob\u010dansk\u00e9ho pr\u016fkazu, po\u010det d\u011bt\u00ed, osobn\u00ed \u00fadaje osob bl\u00edzk\u00fdch, vzd\u011bl\u00e1n\u00ed, zdravotn\u00ed poji\u0161\u0165ovna, p\u0159\u00edjmy.<br \/>\n O jin\u00fdch osob\u00e1ch, kter\u00e9 jsou ve smluvn\u00edm vztahu ke spr\u00e1vci (nap\u0159. dodavatel\u00e9 zbo\u017e\u00ed a slu\u017eeb) zpracov\u00e1v\u00e1 \u0161kola pouze \u00fadaje kter\u00e9 jsou nezbytn\u00e9 pro pln\u011bn\u00ed smlouvy. Typicky Jm\u00e9no, p\u0159\u00edjmen\u00ed, bydli\u0161t\u011b, s\u00eddlo firmy datum narozen\u00ed.<\/p>\n<p>\n Zp\u016fsob zpracov\u00e1n\u00ed osobn\u00edch \u00fadaj\u016f<br \/>\n Zpracov\u00e1n\u00ed osobn\u00edch \u00fadaj\u016f prov\u00e1d\u00ed spr\u00e1vce. Zpracov\u00e1n\u00ed je prov\u00e1d\u011bno v s\u00eddle spr\u00e1vce jednotliv\u00fdmi pov\u011b\u0159en\u00fdmi zam\u011bstnanci spr\u00e1vce, p\u0159\u00edp. zpracovatelem. Ke zpracov\u00e1n\u00ed doch\u00e1z\u00ed prost\u0159ednictv\u00edm v\u00fdpo\u010detn\u00ed techniky, pop\u0159. i manu\u00e1ln\u00edm zp\u016fsobem u osobn\u00edch \u00fadaj\u016f v listinn\u00e9 podob\u011b za dodr\u017een\u00ed v\u0161ech bezpe\u010dnostn\u00edch z\u00e1sad pro spr\u00e1vu a zpracov\u00e1n\u00ed osobn\u00edch \u00fadaj\u016f. Za t\u00edmto \u00fa\u010delem p\u0159ijal spr\u00e1vce technickoorganiza\u010dn\u00ed opat\u0159en\u00ed k zaji\u0161t\u011bn\u00ed ochrany osobn\u00edch \u00fadaj\u016f, zejm\u00e9na opat\u0159en\u00ed, aby nemohlo doj\u00edt k neopr\u00e1vn\u011bn\u00e9mu nebo nahodil\u00e9mu p\u0159\u00edstupu k osobn\u00edm \u00fadaj\u016fm, jejich zm\u011bn\u011b, zni\u010den\u00ed \u010di ztr\u00e1t\u011b, neopr\u00e1vn\u011bn\u00fdm p\u0159enos\u016fm, k jejich neopr\u00e1vn\u011bn\u00e9mu zpracov\u00e1n\u00ed, jako\u017e i k jin\u00e9mu zneu\u017eit\u00ed osobn\u00edch \u00fadaj\u016f. Ve\u0161ker\u00e9 subjekty, kter\u00fdm mohou b\u00fdt osobn\u00ed \u00fadaje zp\u0159\u00edstupn\u011bny, respektuj\u00ed pr\u00e1vo subjekt\u016f \u00fadaj\u016f na ochranu soukrom\u00ed a jsou povinny postupovat dle platn\u00fdch pr\u00e1vn\u00edch p\u0159edpis\u016f t\u00fdkaj\u00edc\u00edch se ochrany osobn\u00edch \u00fadaj\u016f.<\/p>\n<p>Doba zpracov\u00e1n\u00ed osobn\u00edch \u00fadaj\u016f je v\u017edy v souladu se lh\u016ftami uveden\u00fdmi v p\u0159\u00edslu\u0161n\u00fdch smlouv\u00e1ch, ve spisov\u00e9m a skarta\u010dn\u00edm \u0159\u00e1du spr\u00e1vce \u010di v p\u0159\u00edslu\u0161n\u00fdch pr\u00e1vn\u00edch p\u0159edpisech jde o dobu nezbytn\u011b nutnou k zaji\u0161t\u011bn\u00ed pr\u00e1v a povinnost\u00ed plynouc\u00edch jak ze z\u00e1vazkov\u00e9ho vztahu, tak i z p\u0159\u00edslu\u0161n\u00fdch pr\u00e1vn\u00edch p\u0159edpis\u016f.<br \/>\n V souladu se \u010dl. 12 GDPR informuje spr\u00e1vce na \u017e\u00e1dost subjektu \u00fadaj\u016f subjekt \u00fadaj\u016f o pr\u00e1vu na p\u0159\u00edstup k osobn\u00edm \u00fadaj\u016fm a k n\u00e1sleduj\u00edc\u00edm informac\u00edm: \u00fa\u010delu zpracov\u00e1n\u00ed, kategorii dot\u010den\u00fdch osobn\u00edch \u00fadaj\u016f, p\u0159\u00edjemci nebo kategorie p\u0159\u00edjemc\u016f, kter\u00fdm osobn\u00ed \u00fadaje byly nebo budou zp\u0159\u00edstupn\u011bny, pl\u00e1novan\u00e9 dob\u011b, po kterou budou osobn\u00ed \u00fadaje ulo\u017eeny, ve\u0161ker\u00e9 dostupn\u00e9 informace o zdroji osobn\u00edch \u00fadaj\u016f, pokud nejsou z\u00edsk\u00e1ny od subjektu \u00fadaj\u016f.<br \/>\n Ka\u017ed\u00fd subjekt \u00fadaj\u016f, kter\u00fd zjist\u00ed nebo se domn\u00edv\u00e1, \u017ee spr\u00e1vce nebo zpracovatel prov\u00e1d\u00ed zpracov\u00e1n\u00ed jeho osobn\u00edch \u00fadaj\u016f, kter\u00e9 je v rozporu s ochranou soukrom\u00e9ho a osobn\u00edho \u017eivota subjektu \u00fadaj\u016f nebo v rozporu se z\u00e1konem, zejm\u00e9na jsou-li osobn\u00ed \u00fadaje nep\u0159esn\u00e9 s ohledem na \u00fa\u010del jejich zpracov\u00e1n\u00ed, m\u016f\u017ee: Po\u017e\u00e1dat spr\u00e1vce o vysv\u011btlen\u00ed. Po\u017eadovat, aby spr\u00e1vce odstranil takto vznikl\u00fd stav. Zejm\u00e9na se m\u016f\u017ee jednat o proveden\u00ed opravy, dopln\u011bn\u00ed nebo vymaz\u00e1n\u00ed osobn\u00edch \u00fadaj\u016f. Je-li \u017e\u00e1dost subjektu \u00fadaj\u016f shled\u00e1na opr\u00e1vn\u011bnou, spr\u00e1vce odstran\u00ed neprodlen\u011b z\u00e1vadn\u00fd stav. Nevyhov\u00ed-li spr\u00e1vce \u017e\u00e1dosti subjektu \u00fadaj\u016f, m\u00e1 subjekt \u00fadaj\u016f pr\u00e1vo obr\u00e1tit se p\u0159\u00edmo na dozorov\u00fd \u00fa\u0159ad, tedy \u00da\u0159ad na ochranu osobn\u00edch \u00fadaj\u016f. To nevylu\u010duje, aby se subjekt \u00fadaj\u016f obr\u00e1til se sv\u00fdm podn\u011btem na dozorov\u00fd \u00fa\u0159ad p\u0159\u00edmo. Spr\u00e1vce m\u00e1 pr\u00e1vo za poskytnut\u00ed informace po\u017eadovat p\u0159im\u011b\u0159enou \u00fahradu nep\u0159evy\u0161uj\u00edc\u00ed n\u00e1klady nezbytn\u00e9 na poskytnut\u00ed informace.<br \/>\n Na \u0161kolu je mo\u017en\u00e9 se k uplatn\u011bn\u00ed pr\u00e1v v oblasti osobn\u00edch \u00fadaj\u016f obracet, emailem nebo osobn\u011b v kancel\u00e1\u0159i \u0161koly V\u00fd\u0161e uveden\u00fdmi zp\u016fsoby je mo\u017en\u00e9 se v relevantn\u00edch p\u0159\u00edpadech na \u0161kolu obracet za \u00fa\u010delem uplatn\u011bn\u00ed pr\u00e1va na p\u0159\u00edstup k osobn\u00edm \u00fadaj\u016fm, jejich opravu nebo v\u00fdmaz, pop\u0159\u00edpad\u011b omezen\u00ed zpracov\u00e1n\u00ed, vzn\u00e9st n\u00e1mitku proti zpracov\u00e1n\u00ed, jako\u017e i p\u0159i uplatn\u011bn\u00ed pr\u00e1va na p\u0159enositelnost \u00fadaj\u016f a dal\u0161\u00edch pr\u00e1v podle obecn\u00e9ho na\u0159\u00edzen\u00ed o ochran\u011b osobn\u00edch \u00fadaj\u016f. V\u00fd\u0161e uveden\u00fdmi zp\u016fsoby se mohou subjekty \u00fadaj\u016f na \u0161kolu obracet v p\u0159\u00edpad\u011b \u00fadaj\u016f zpracov\u00e1van\u00fdch na z\u00e1klad\u011b souhlasu rovn\u011b\u017e za \u00fa\u010delem odvol\u00e1n\u00ed souhlasu se zpracov\u00e1n\u00edm osobn\u00edch \u00fadaj\u016f<\/p>\n<p><strong>Kontaktn\u00ed \u00fadaje spr\u00e1vce osobn\u00edch \u00fadaj\u016f<\/strong><br \/>\n Z\u00e1kladn\u00ed \u0161kola Kada\u0148, ul. Chomutovsk\u00e1 1683, okr. Chomutov se s\u00eddlem Chomutovsk\u00e1 1683, Kada\u0148, PS\u010c 432 01, I\u010cO: 467 89 952 (d\u00e1le jen \u201eSpr\u00e1vce\u201d)<br \/>\n email: <a href=\"mailto:kancelar-3zs@ktkadan.cz\" target=\"_blank\" rel=\"noopener\">kancelar-3zs@ktkadan.cz<\/a>, tel: 474 333 452<br \/>\n <strong>Kontakt na pov\u011b\u0159ence pro ochranu osobn\u00edch \u00fadaj\u016f:<\/strong> Ing. Josef Kola\u0159\u00edk<br \/>\n email:\u00a0<a href=\"mailto:dpo.kadan@gmail.com\" target=\"_blank\" rel=\"noopener\">dpo.kadan@gmail.com<\/a>,\u00a0 tel: 777 319 140<\/p>\n","protected":false},"excerpt":{"rendered":"<p>Informace o zpracov\u00e1n\u00ed osobn\u00edch \u00fadaj\u016f na webu Pro zaji\u0161t\u011bn\u00ed veden\u00ed dokumentace \u0161koly, v souladu s ustanoven\u00edm \u00a7 28 z\u00e1kona \u010d. 561\/2004 Sb., o p\u0159ed\u0161koln\u00edm, z\u00e1kladn\u00edm, st\u0159edn\u00edm, vy\u0161\u0161\u00edm odborn\u00e9m a jin\u00e9m vzd\u011bl\u00e1v\u00e1n\u00ed (\u0161kolsk\u00fd z\u00e1kon), ve zn\u011bn\u00ed pozd\u011bj\u0161\u00edch p\u0159edpis\u016f, zpracov\u00e1v\u00e1 \u0161kola o \u017e\u00e1c\u00edch n\u00e1sleduj\u00edc\u00ed typy \u00fadaj\u016f: jm\u00e9no a p\u0159\u00edjmen\u00ed; rodn\u00e9 \u010d\u00edslo (pop\u0159\u00edpad\u011b datum narozen\u00ed, nebylo-li rodn\u00e9 \u010d\u00edslo [&hellip;]<\/p>\n","protected":false},"author":1,"featured_media":0,"parent":843,"menu_order":0,"comment_status":"closed","ping_status":"closed","template":"","meta":{"jetpack_post_was_ever_published":false,"footnotes":""},"class_list":["post-3699","page","type-page","status-publish","czr-hentry"],"yoast_head":"<!-- This site is optimized with the Yoast SEO plugin v27.4 - https:\/\/yoast.com\/product\/yoast-seo-wordpress\/ -->\n<title>GDPR \u2013 Informace o zpracov\u00e1n\u00ed osobn\u00edch \u00fadaj\u016f na webu - Z\u00e1kladn\u00ed \u0161kola Kada\u0148, ul. Chomutovsk\u00e1 1683<\/title>\n<meta name=\"robots\" content=\"index, follow, max-snippet:-1, max-image-preview:large, max-video-preview:-1\" \/>\n<link rel=\"canonical\" href=\"https:\/\/3zskadan.cz\/?page_id=3699\" \/>\n<meta property=\"og:locale\" content=\"cs_CZ\" \/>\n<meta property=\"og:type\" content=\"article\" \/>\n<meta property=\"og:title\" content=\"GDPR \u2013 Informace o zpracov\u00e1n\u00ed osobn\u00edch \u00fadaj\u016f na webu - Z\u00e1kladn\u00ed \u0161kola Kada\u0148, ul. Chomutovsk\u00e1 1683\" \/>\n<meta property=\"og:description\" content=\"Informace o zpracov\u00e1n\u00ed osobn\u00edch \u00fadaj\u016f na webu Pro zaji\u0161t\u011bn\u00ed veden\u00ed dokumentace \u0161koly, v souladu s ustanoven\u00edm \u00a7 28 z\u00e1kona \u010d. 561\/2004 Sb., o p\u0159ed\u0161koln\u00edm, z\u00e1kladn\u00edm, st\u0159edn\u00edm, vy\u0161\u0161\u00edm odborn\u00e9m a jin\u00e9m vzd\u011bl\u00e1v\u00e1n\u00ed (\u0161kolsk\u00fd z\u00e1kon), ve zn\u011bn\u00ed pozd\u011bj\u0161\u00edch p\u0159edpis\u016f, zpracov\u00e1v\u00e1 \u0161kola o \u017e\u00e1c\u00edch n\u00e1sleduj\u00edc\u00ed typy \u00fadaj\u016f: jm\u00e9no a p\u0159\u00edjmen\u00ed; rodn\u00e9 \u010d\u00edslo (pop\u0159\u00edpad\u011b datum narozen\u00ed, nebylo-li rodn\u00e9 \u010d\u00edslo [&hellip;]\" \/>\n<meta property=\"og:url\" content=\"https:\/\/3zskadan.cz\/?page_id=3699\" \/>\n<meta property=\"og:site_name\" content=\"Z\u00e1kladn\u00ed \u0161kola Kada\u0148, ul. Chomutovsk\u00e1 1683\" \/>\n<meta property=\"article:modified_time\" content=\"2018-04-30T13:23:39+00:00\" \/>\n<meta name=\"twitter:card\" content=\"summary_large_image\" \/>\n<meta name=\"twitter:label1\" content=\"Odhadovan\u00e1 doba \u010dten\u00ed\" \/>\n\t<meta name=\"twitter:data1\" content=\"7 minut\" \/>\n<script type=\"application\/ld+json\" class=\"yoast-schema-graph\">{\"@context\":\"https:\\\/\\\/schema.org\",\"@graph\":[{\"@type\":\"WebPage\",\"@id\":\"https:\\\/\\\/3zskadan.cz\\\/?page_id=3699\",\"url\":\"https:\\\/\\\/3zskadan.cz\\\/?page_id=3699\",\"name\":\"GDPR \u2013 Informace o zpracov\u00e1n\u00ed osobn\u00edch \u00fadaj\u016f na webu - Z\u00e1kladn\u00ed \u0161kola Kada\u0148, ul. Chomutovsk\u00e1 1683\",\"isPartOf\":{\"@id\":\"https:\\\/\\\/3zskadan.cz\\\/#website\"},\"datePublished\":\"2018-04-30T13:22:31+00:00\",\"dateModified\":\"2018-04-30T13:23:39+00:00\",\"breadcrumb\":{\"@id\":\"https:\\\/\\\/3zskadan.cz\\\/?page_id=3699#breadcrumb\"},\"inLanguage\":\"cs\",\"potentialAction\":[{\"@type\":\"ReadAction\",\"target\":[\"https:\\\/\\\/3zskadan.cz\\\/?page_id=3699\"]}]},{\"@type\":\"BreadcrumbList\",\"@id\":\"https:\\\/\\\/3zskadan.cz\\\/?page_id=3699#breadcrumb\",\"itemListElement\":[{\"@type\":\"ListItem\",\"position\":1,\"name\":\"Dom\u016f\",\"item\":\"https:\\\/\\\/3zskadan.cz\\\/\"},{\"@type\":\"ListItem\",\"position\":2,\"name\":\"Dokumenty\",\"item\":\"https:\\\/\\\/3zskadan.cz\\\/?page_id=843\"},{\"@type\":\"ListItem\",\"position\":3,\"name\":\"GDPR \u2013 Informace o zpracov\u00e1n\u00ed osobn\u00edch \u00fadaj\u016f na webu\"}]},{\"@type\":\"WebSite\",\"@id\":\"https:\\\/\\\/3zskadan.cz\\\/#website\",\"url\":\"https:\\\/\\\/3zskadan.cz\\\/\",\"name\":\"Z\u00e1kladn\u00ed \u0161kola Kada\u0148, ul. Chomutovsk\u00e1 1683\",\"description\":\"\",\"potentialAction\":[{\"@type\":\"SearchAction\",\"target\":{\"@type\":\"EntryPoint\",\"urlTemplate\":\"https:\\\/\\\/3zskadan.cz\\\/?s={search_term_string}\"},\"query-input\":{\"@type\":\"PropertyValueSpecification\",\"valueRequired\":true,\"valueName\":\"search_term_string\"}}],\"inLanguage\":\"cs\"}]}<\/script>\n<!-- \/ Yoast SEO plugin. -->","yoast_head_json":{"title":"GDPR \u2013 Informace o zpracov\u00e1n\u00ed osobn\u00edch \u00fadaj\u016f na webu - Z\u00e1kladn\u00ed \u0161kola Kada\u0148, ul. Chomutovsk\u00e1 1683","robots":{"index":"index","follow":"follow","max-snippet":"max-snippet:-1","max-image-preview":"max-image-preview:large","max-video-preview":"max-video-preview:-1"},"canonical":"https:\/\/3zskadan.cz\/?page_id=3699","og_locale":"cs_CZ","og_type":"article","og_title":"GDPR \u2013 Informace o zpracov\u00e1n\u00ed osobn\u00edch \u00fadaj\u016f na webu - Z\u00e1kladn\u00ed \u0161kola Kada\u0148, ul. Chomutovsk\u00e1 1683","og_description":"Informace o zpracov\u00e1n\u00ed osobn\u00edch \u00fadaj\u016f na webu Pro zaji\u0161t\u011bn\u00ed veden\u00ed dokumentace \u0161koly, v souladu s ustanoven\u00edm \u00a7 28 z\u00e1kona \u010d. 561\/2004 Sb., o p\u0159ed\u0161koln\u00edm, z\u00e1kladn\u00edm, st\u0159edn\u00edm, vy\u0161\u0161\u00edm odborn\u00e9m a jin\u00e9m vzd\u011bl\u00e1v\u00e1n\u00ed (\u0161kolsk\u00fd z\u00e1kon), ve zn\u011bn\u00ed pozd\u011bj\u0161\u00edch p\u0159edpis\u016f, zpracov\u00e1v\u00e1 \u0161kola o \u017e\u00e1c\u00edch n\u00e1sleduj\u00edc\u00ed typy \u00fadaj\u016f: jm\u00e9no a p\u0159\u00edjmen\u00ed; rodn\u00e9 \u010d\u00edslo (pop\u0159\u00edpad\u011b datum narozen\u00ed, nebylo-li rodn\u00e9 \u010d\u00edslo [&hellip;]","og_url":"https:\/\/3zskadan.cz\/?page_id=3699","og_site_name":"Z\u00e1kladn\u00ed \u0161kola Kada\u0148, ul. Chomutovsk\u00e1 1683","article_modified_time":"2018-04-30T13:23:39+00:00","twitter_card":"summary_large_image","twitter_misc":{"Odhadovan\u00e1 doba \u010dten\u00ed":"7 minut"},"schema":{"@context":"https:\/\/schema.org","@graph":[{"@type":"WebPage","@id":"https:\/\/3zskadan.cz\/?page_id=3699","url":"https:\/\/3zskadan.cz\/?page_id=3699","name":"GDPR \u2013 Informace o zpracov\u00e1n\u00ed osobn\u00edch \u00fadaj\u016f na webu - Z\u00e1kladn\u00ed \u0161kola Kada\u0148, ul. Chomutovsk\u00e1 1683","isPartOf":{"@id":"https:\/\/3zskadan.cz\/#website"},"datePublished":"2018-04-30T13:22:31+00:00","dateModified":"2018-04-30T13:23:39+00:00","breadcrumb":{"@id":"https:\/\/3zskadan.cz\/?page_id=3699#breadcrumb"},"inLanguage":"cs","potentialAction":[{"@type":"ReadAction","target":["https:\/\/3zskadan.cz\/?page_id=3699"]}]},{"@type":"BreadcrumbList","@id":"https:\/\/3zskadan.cz\/?page_id=3699#breadcrumb","itemListElement":[{"@type":"ListItem","position":1,"name":"Dom\u016f","item":"https:\/\/3zskadan.cz\/"},{"@type":"ListItem","position":2,"name":"Dokumenty","item":"https:\/\/3zskadan.cz\/?page_id=843"},{"@type":"ListItem","position":3,"name":"GDPR \u2013 Informace o zpracov\u00e1n\u00ed osobn\u00edch \u00fadaj\u016f na webu"}]},{"@type":"WebSite","@id":"https:\/\/3zskadan.cz\/#website","url":"https:\/\/3zskadan.cz\/","name":"Z\u00e1kladn\u00ed \u0161kola Kada\u0148, ul. Chomutovsk\u00e1 1683","description":"","potentialAction":[{"@type":"SearchAction","target":{"@type":"EntryPoint","urlTemplate":"https:\/\/3zskadan.cz\/?s={search_term_string}"},"query-input":{"@type":"PropertyValueSpecification","valueRequired":true,"valueName":"search_term_string"}}],"inLanguage":"cs"}]}},"jetpack_sharing_enabled":true,"jetpack_shortlink":"https:\/\/wp.me\/P7YYLP-XF","_links":{"self":[{"href":"https:\/\/3zskadan.cz\/index.php?rest_route=\/wp\/v2\/pages\/3699","targetHints":{"allow":["GET"]}}],"collection":[{"href":"https:\/\/3zskadan.cz\/index.php?rest_route=\/wp\/v2\/pages"}],"about":[{"href":"https:\/\/3zskadan.cz\/index.php?rest_route=\/wp\/v2\/types\/page"}],"author":[{"embeddable":true,"href":"https:\/\/3zskadan.cz\/index.php?rest_route=\/wp\/v2\/users\/1"}],"replies":[{"embeddable":true,"href":"https:\/\/3zskadan.cz\/index.php?rest_route=%2Fwp%2Fv2%2Fcomments&post=3699"}],"version-history":[{"count":0,"href":"https:\/\/3zskadan.cz\/index.php?rest_route=\/wp\/v2\/pages\/3699\/revisions"}],"up":[{"embeddable":true,"href":"https:\/\/3zskadan.cz\/index.php?rest_route=\/wp\/v2\/pages\/843"}],"wp:attachment":[{"href":"https:\/\/3zskadan.cz\/index.php?rest_route=%2Fwp%2Fv2%2Fmedia&parent=3699"}],"curies":[{"name":"wp","href":"https:\/\/api.w.org\/{rel}","templated":true}]}}