{"id":6444,"date":"2019-10-31T14:31:12","date_gmt":"2019-10-31T13:31:12","guid":{"rendered":"https:\/\/3zskadan.cz\/?page_id=6444"},"modified":"2019-10-31T14:34:28","modified_gmt":"2019-10-31T13:34:28","slug":"projekty","status":"publish","type":"page","link":"https:\/\/3zskadan.cz\/?page_id=6444","title":{"rendered":"Projekty"},"content":{"rendered":"<h2><strong>N\u00e1zev projektu: <\/strong>Inovace p\u0159\u00edrodov\u011bdn\u00e9ho vzd\u011bl\u00e1v\u00e1n\u00ed na Slun\u00ed\u010dkov\u00e9 \u0161kole v Kadani<\/h2>\n<p><strong>Registra\u010dn\u00ed \u010d\u00edslo:<\/strong> CZ.06.4.59\/0.0\/0.0\/16_075\/0008697<\/p>\n<p>C\u00edlem projektu je modernizace odborn\u00e9 u\u010debny p\u0159\u00edrodn\u00edch v\u011bd, kter\u00e9 bude dosa\u017eeno po\u0159\u00edzen\u00edm nov\u00e9ho vybaven\u00ed a u\u010debn\u00edch pom\u016fcek pro v\u00fduku p\u0159\u00edrodov\u011bdn\u00fdch p\u0159edm\u011bt\u016f. Modernizace u\u010debny zajist\u00ed \u017e\u00e1k\u016fm adekv\u00e1tn\u00ed prost\u0159ed\u00ed pro\u00a0kvalitn\u00ed v\u00fduku p\u0159\u00edrodn\u00edch v\u011bd se zapojen\u00edm nov\u00fdch technologi\u00ed.\u00a0Modern\u00ed v\u00fduka poskytne \u017e\u00e1k\u016fm v\u011bt\u0161\u00ed \u0161anci na uplatn\u011bn\u00ed v\u00a0dal\u0161\u00edch stupn\u00edch vzd\u011bl\u00e1v\u00e1n\u00ed a n\u00e1sledn\u011b na trhu pr\u00e1ce. Zmodernizov\u00e1n bude tak\u00e9 p\u0159ilehl\u00fd kabinet u\u010debny.<\/p>\n<p><strong>Dotace: <\/strong>1\u00a0349\u00a0294,59,- K\u010d<\/p>\n<p><strong>Spolu\u00fa\u010dast: <\/strong>71\u00a0015,51,- K\u010d<\/p>\n<p><strong>Celkem: <\/strong>1\u00a0420\u00a0310,10,- K\u010d<\/p>\n<p>Projekt je spolufinancov\u00e1n Evropskou uni\u00ed.<a href=\"https:\/\/i0.wp.com\/3zskadan.cz\/wp-content\/uploads\/2019\/10\/IROP_CZ_RO_B_C-RGB1055.jpg?ssl=1\"><img data-recalc-dims=\"1\" fetchpriority=\"high\" decoding=\"async\" data-attachment-id=\"6445\" data-permalink=\"https:\/\/3zskadan.cz\/?attachment_id=6445\" data-orig-file=\"https:\/\/i0.wp.com\/3zskadan.cz\/wp-content\/uploads\/2019\/10\/IROP_CZ_RO_B_C-RGB1055.jpg?fit=12016%2C1981&amp;ssl=1\" data-orig-size=\"12016,1981\" data-comments-opened=\"1\" data-image-meta=\"{&quot;aperture&quot;:&quot;0&quot;,&quot;credit&quot;:&quot;&quot;,&quot;camera&quot;:&quot;&quot;,&quot;caption&quot;:&quot;&quot;,&quot;created_timestamp&quot;:&quot;0&quot;,&quot;copyright&quot;:&quot;&quot;,&quot;focal_length&quot;:&quot;0&quot;,&quot;iso&quot;:&quot;0&quot;,&quot;shutter_speed&quot;:&quot;0&quot;,&quot;title&quot;:&quot;&quot;,&quot;orientation&quot;:&quot;0&quot;}\" data-image-title=\"IROP_CZ_RO_B_C RGB[1055]\" data-image-description=\"\" data-image-caption=\"\" data-large-file=\"https:\/\/i0.wp.com\/3zskadan.cz\/wp-content\/uploads\/2019\/10\/IROP_CZ_RO_B_C-RGB1055.jpg?fit=1024%2C169&amp;ssl=1\" class=\"wp-image-6445 size-large alignleft\" src=\"https:\/\/i0.wp.com\/3zskadan.cz\/wp-content\/uploads\/2019\/10\/IROP_CZ_RO_B_C-RGB1055.jpg?resize=1024%2C169&#038;ssl=1\" alt=\"baner IROPu\" width=\"1024\" height=\"169\" srcset=\"https:\/\/i0.wp.com\/3zskadan.cz\/wp-content\/uploads\/2019\/10\/IROP_CZ_RO_B_C-RGB1055.jpg?resize=1024%2C169&amp;ssl=1 1024w, https:\/\/i0.wp.com\/3zskadan.cz\/wp-content\/uploads\/2019\/10\/IROP_CZ_RO_B_C-RGB1055.jpg?resize=80%2C13&amp;ssl=1 80w, https:\/\/i0.wp.com\/3zskadan.cz\/wp-content\/uploads\/2019\/10\/IROP_CZ_RO_B_C-RGB1055.jpg?resize=300%2C49&amp;ssl=1 300w, https:\/\/i0.wp.com\/3zskadan.cz\/wp-content\/uploads\/2019\/10\/IROP_CZ_RO_B_C-RGB1055.jpg?resize=768%2C127&amp;ssl=1 768w, https:\/\/i0.wp.com\/3zskadan.cz\/wp-content\/uploads\/2019\/10\/IROP_CZ_RO_B_C-RGB1055.jpg?w=2340&amp;ssl=1 2340w, https:\/\/i0.wp.com\/3zskadan.cz\/wp-content\/uploads\/2019\/10\/IROP_CZ_RO_B_C-RGB1055.jpg?w=3510&amp;ssl=1 3510w\" sizes=\"(max-width: 1024px) 100vw, 1024px\" \/><\/a><\/p>\n","protected":false},"excerpt":{"rendered":"<p>N\u00e1zev projektu: Inovace p\u0159\u00edrodov\u011bdn\u00e9ho vzd\u011bl\u00e1v\u00e1n\u00ed na Slun\u00ed\u010dkov\u00e9 \u0161kole v Kadani Registra\u010dn\u00ed \u010d\u00edslo: CZ.06.4.59\/0.0\/0.0\/16_075\/0008697 C\u00edlem projektu je modernizace odborn\u00e9 u\u010debny p\u0159\u00edrodn\u00edch v\u011bd, kter\u00e9 bude dosa\u017eeno po\u0159\u00edzen\u00edm nov\u00e9ho vybaven\u00ed a u\u010debn\u00edch pom\u016fcek pro v\u00fduku p\u0159\u00edrodov\u011bdn\u00fdch p\u0159edm\u011bt\u016f. Modernizace u\u010debny zajist\u00ed \u017e\u00e1k\u016fm adekv\u00e1tn\u00ed prost\u0159ed\u00ed pro\u00a0kvalitn\u00ed v\u00fduku p\u0159\u00edrodn\u00edch v\u011bd se zapojen\u00edm nov\u00fdch technologi\u00ed.\u00a0Modern\u00ed v\u00fduka poskytne \u017e\u00e1k\u016fm v\u011bt\u0161\u00ed \u0161anci na uplatn\u011bn\u00ed [&hellip;]<\/p>\n","protected":false},"author":1,"featured_media":0,"parent":0,"menu_order":0,"comment_status":"closed","ping_status":"closed","template":"","meta":{"jetpack_post_was_ever_published":false,"footnotes":""},"class_list":["post-6444","page","type-page","status-publish","czr-hentry"],"yoast_head":"<!-- This site is optimized with the Yoast SEO plugin v27.4 - https:\/\/yoast.com\/product\/yoast-seo-wordpress\/ -->\n<title>Projekty - Z\u00e1kladn\u00ed \u0161kola Kada\u0148, ul. Chomutovsk\u00e1 1683<\/title>\n<meta name=\"robots\" content=\"index, follow, max-snippet:-1, max-image-preview:large, max-video-preview:-1\" \/>\n<link rel=\"canonical\" href=\"https:\/\/3zskadan.cz\/?page_id=6444\" \/>\n<meta property=\"og:locale\" content=\"cs_CZ\" \/>\n<meta property=\"og:type\" content=\"article\" \/>\n<meta property=\"og:title\" content=\"Projekty - Z\u00e1kladn\u00ed \u0161kola Kada\u0148, ul. Chomutovsk\u00e1 1683\" \/>\n<meta property=\"og:description\" content=\"N\u00e1zev projektu: Inovace p\u0159\u00edrodov\u011bdn\u00e9ho vzd\u011bl\u00e1v\u00e1n\u00ed na Slun\u00ed\u010dkov\u00e9 \u0161kole v Kadani Registra\u010dn\u00ed \u010d\u00edslo: CZ.06.4.59\/0.0\/0.0\/16_075\/0008697 C\u00edlem projektu je modernizace odborn\u00e9 u\u010debny p\u0159\u00edrodn\u00edch v\u011bd, kter\u00e9 bude dosa\u017eeno po\u0159\u00edzen\u00edm nov\u00e9ho vybaven\u00ed a u\u010debn\u00edch pom\u016fcek pro v\u00fduku p\u0159\u00edrodov\u011bdn\u00fdch p\u0159edm\u011bt\u016f. Modernizace u\u010debny zajist\u00ed \u017e\u00e1k\u016fm adekv\u00e1tn\u00ed prost\u0159ed\u00ed pro\u00a0kvalitn\u00ed v\u00fduku p\u0159\u00edrodn\u00edch v\u011bd se zapojen\u00edm nov\u00fdch technologi\u00ed.\u00a0Modern\u00ed v\u00fduka poskytne \u017e\u00e1k\u016fm v\u011bt\u0161\u00ed \u0161anci na uplatn\u011bn\u00ed [&hellip;]\" \/>\n<meta property=\"og:url\" content=\"https:\/\/3zskadan.cz\/?page_id=6444\" \/>\n<meta property=\"og:site_name\" content=\"Z\u00e1kladn\u00ed \u0161kola Kada\u0148, ul. Chomutovsk\u00e1 1683\" \/>\n<meta property=\"article:modified_time\" content=\"2019-10-31T13:34:28+00:00\" \/>\n<meta property=\"og:image\" content=\"https:\/\/3zskadan.cz\/wp-content\/uploads\/2019\/10\/IROP_CZ_RO_B_C-RGB1055-1024x169.jpg\" \/>\n<meta name=\"twitter:card\" content=\"summary_large_image\" \/>\n<meta name=\"twitter:label1\" content=\"Odhadovan\u00e1 doba \u010dten\u00ed\" \/>\n\t<meta name=\"twitter:data1\" content=\"1 minuta\" \/>\n<script type=\"application\/ld+json\" class=\"yoast-schema-graph\">{\"@context\":\"https:\\\/\\\/schema.org\",\"@graph\":[{\"@type\":\"WebPage\",\"@id\":\"https:\\\/\\\/3zskadan.cz\\\/?page_id=6444\",\"url\":\"https:\\\/\\\/3zskadan.cz\\\/?page_id=6444\",\"name\":\"Projekty - Z\u00e1kladn\u00ed \u0161kola Kada\u0148, ul. Chomutovsk\u00e1 1683\",\"isPartOf\":{\"@id\":\"https:\\\/\\\/3zskadan.cz\\\/#website\"},\"primaryImageOfPage\":{\"@id\":\"https:\\\/\\\/3zskadan.cz\\\/?page_id=6444#primaryimage\"},\"image\":{\"@id\":\"https:\\\/\\\/3zskadan.cz\\\/?page_id=6444#primaryimage\"},\"thumbnailUrl\":\"https:\\\/\\\/3zskadan.cz\\\/wp-content\\\/uploads\\\/2019\\\/10\\\/IROP_CZ_RO_B_C-RGB1055-1024x169.jpg\",\"datePublished\":\"2019-10-31T13:31:12+00:00\",\"dateModified\":\"2019-10-31T13:34:28+00:00\",\"breadcrumb\":{\"@id\":\"https:\\\/\\\/3zskadan.cz\\\/?page_id=6444#breadcrumb\"},\"inLanguage\":\"cs\",\"potentialAction\":[{\"@type\":\"ReadAction\",\"target\":[\"https:\\\/\\\/3zskadan.cz\\\/?page_id=6444\"]}]},{\"@type\":\"ImageObject\",\"inLanguage\":\"cs\",\"@id\":\"https:\\\/\\\/3zskadan.cz\\\/?page_id=6444#primaryimage\",\"url\":\"https:\\\/\\\/i0.wp.com\\\/3zskadan.cz\\\/wp-content\\\/uploads\\\/2019\\\/10\\\/IROP_CZ_RO_B_C-RGB1055.jpg?fit=12016%2C1981&ssl=1\",\"contentUrl\":\"https:\\\/\\\/i0.wp.com\\\/3zskadan.cz\\\/wp-content\\\/uploads\\\/2019\\\/10\\\/IROP_CZ_RO_B_C-RGB1055.jpg?fit=12016%2C1981&ssl=1\",\"width\":12016,\"height\":1981,\"caption\":\"baner IROPu\"},{\"@type\":\"BreadcrumbList\",\"@id\":\"https:\\\/\\\/3zskadan.cz\\\/?page_id=6444#breadcrumb\",\"itemListElement\":[{\"@type\":\"ListItem\",\"position\":1,\"name\":\"Dom\u016f\",\"item\":\"https:\\\/\\\/3zskadan.cz\\\/\"},{\"@type\":\"ListItem\",\"position\":2,\"name\":\"Projekty\"}]},{\"@type\":\"WebSite\",\"@id\":\"https:\\\/\\\/3zskadan.cz\\\/#website\",\"url\":\"https:\\\/\\\/3zskadan.cz\\\/\",\"name\":\"Z\u00e1kladn\u00ed \u0161kola Kada\u0148, ul. Chomutovsk\u00e1 1683\",\"description\":\"\",\"potentialAction\":[{\"@type\":\"SearchAction\",\"target\":{\"@type\":\"EntryPoint\",\"urlTemplate\":\"https:\\\/\\\/3zskadan.cz\\\/?s={search_term_string}\"},\"query-input\":{\"@type\":\"PropertyValueSpecification\",\"valueRequired\":true,\"valueName\":\"search_term_string\"}}],\"inLanguage\":\"cs\"}]}<\/script>\n<!-- \/ Yoast SEO plugin. -->","yoast_head_json":{"title":"Projekty - Z\u00e1kladn\u00ed \u0161kola Kada\u0148, ul. Chomutovsk\u00e1 1683","robots":{"index":"index","follow":"follow","max-snippet":"max-snippet:-1","max-image-preview":"max-image-preview:large","max-video-preview":"max-video-preview:-1"},"canonical":"https:\/\/3zskadan.cz\/?page_id=6444","og_locale":"cs_CZ","og_type":"article","og_title":"Projekty - Z\u00e1kladn\u00ed \u0161kola Kada\u0148, ul. Chomutovsk\u00e1 1683","og_description":"N\u00e1zev projektu: Inovace p\u0159\u00edrodov\u011bdn\u00e9ho vzd\u011bl\u00e1v\u00e1n\u00ed na Slun\u00ed\u010dkov\u00e9 \u0161kole v Kadani Registra\u010dn\u00ed \u010d\u00edslo: CZ.06.4.59\/0.0\/0.0\/16_075\/0008697 C\u00edlem projektu je modernizace odborn\u00e9 u\u010debny p\u0159\u00edrodn\u00edch v\u011bd, kter\u00e9 bude dosa\u017eeno po\u0159\u00edzen\u00edm nov\u00e9ho vybaven\u00ed a u\u010debn\u00edch pom\u016fcek pro v\u00fduku p\u0159\u00edrodov\u011bdn\u00fdch p\u0159edm\u011bt\u016f. Modernizace u\u010debny zajist\u00ed \u017e\u00e1k\u016fm adekv\u00e1tn\u00ed prost\u0159ed\u00ed pro\u00a0kvalitn\u00ed v\u00fduku p\u0159\u00edrodn\u00edch v\u011bd se zapojen\u00edm nov\u00fdch technologi\u00ed.\u00a0Modern\u00ed v\u00fduka poskytne \u017e\u00e1k\u016fm v\u011bt\u0161\u00ed \u0161anci na uplatn\u011bn\u00ed [&hellip;]","og_url":"https:\/\/3zskadan.cz\/?page_id=6444","og_site_name":"Z\u00e1kladn\u00ed \u0161kola Kada\u0148, ul. Chomutovsk\u00e1 1683","article_modified_time":"2019-10-31T13:34:28+00:00","og_image":[{"url":"https:\/\/3zskadan.cz\/wp-content\/uploads\/2019\/10\/IROP_CZ_RO_B_C-RGB1055-1024x169.jpg","type":"","width":"","height":""}],"twitter_card":"summary_large_image","twitter_misc":{"Odhadovan\u00e1 doba \u010dten\u00ed":"1 minuta"},"schema":{"@context":"https:\/\/schema.org","@graph":[{"@type":"WebPage","@id":"https:\/\/3zskadan.cz\/?page_id=6444","url":"https:\/\/3zskadan.cz\/?page_id=6444","name":"Projekty - Z\u00e1kladn\u00ed \u0161kola Kada\u0148, ul. Chomutovsk\u00e1 1683","isPartOf":{"@id":"https:\/\/3zskadan.cz\/#website"},"primaryImageOfPage":{"@id":"https:\/\/3zskadan.cz\/?page_id=6444#primaryimage"},"image":{"@id":"https:\/\/3zskadan.cz\/?page_id=6444#primaryimage"},"thumbnailUrl":"https:\/\/3zskadan.cz\/wp-content\/uploads\/2019\/10\/IROP_CZ_RO_B_C-RGB1055-1024x169.jpg","datePublished":"2019-10-31T13:31:12+00:00","dateModified":"2019-10-31T13:34:28+00:00","breadcrumb":{"@id":"https:\/\/3zskadan.cz\/?page_id=6444#breadcrumb"},"inLanguage":"cs","potentialAction":[{"@type":"ReadAction","target":["https:\/\/3zskadan.cz\/?page_id=6444"]}]},{"@type":"ImageObject","inLanguage":"cs","@id":"https:\/\/3zskadan.cz\/?page_id=6444#primaryimage","url":"https:\/\/i0.wp.com\/3zskadan.cz\/wp-content\/uploads\/2019\/10\/IROP_CZ_RO_B_C-RGB1055.jpg?fit=12016%2C1981&ssl=1","contentUrl":"https:\/\/i0.wp.com\/3zskadan.cz\/wp-content\/uploads\/2019\/10\/IROP_CZ_RO_B_C-RGB1055.jpg?fit=12016%2C1981&ssl=1","width":12016,"height":1981,"caption":"baner IROPu"},{"@type":"BreadcrumbList","@id":"https:\/\/3zskadan.cz\/?page_id=6444#breadcrumb","itemListElement":[{"@type":"ListItem","position":1,"name":"Dom\u016f","item":"https:\/\/3zskadan.cz\/"},{"@type":"ListItem","position":2,"name":"Projekty"}]},{"@type":"WebSite","@id":"https:\/\/3zskadan.cz\/#website","url":"https:\/\/3zskadan.cz\/","name":"Z\u00e1kladn\u00ed \u0161kola Kada\u0148, ul. Chomutovsk\u00e1 1683","description":"","potentialAction":[{"@type":"SearchAction","target":{"@type":"EntryPoint","urlTemplate":"https:\/\/3zskadan.cz\/?s={search_term_string}"},"query-input":{"@type":"PropertyValueSpecification","valueRequired":true,"valueName":"search_term_string"}}],"inLanguage":"cs"}]}},"jetpack_sharing_enabled":true,"jetpack_shortlink":"https:\/\/wp.me\/P7YYLP-1FW","_links":{"self":[{"href":"https:\/\/3zskadan.cz\/index.php?rest_route=\/wp\/v2\/pages\/6444","targetHints":{"allow":["GET"]}}],"collection":[{"href":"https:\/\/3zskadan.cz\/index.php?rest_route=\/wp\/v2\/pages"}],"about":[{"href":"https:\/\/3zskadan.cz\/index.php?rest_route=\/wp\/v2\/types\/page"}],"author":[{"embeddable":true,"href":"https:\/\/3zskadan.cz\/index.php?rest_route=\/wp\/v2\/users\/1"}],"replies":[{"embeddable":true,"href":"https:\/\/3zskadan.cz\/index.php?rest_route=%2Fwp%2Fv2%2Fcomments&post=6444"}],"version-history":[{"count":0,"href":"https:\/\/3zskadan.cz\/index.php?rest_route=\/wp\/v2\/pages\/6444\/revisions"}],"wp:attachment":[{"href":"https:\/\/3zskadan.cz\/index.php?rest_route=%2Fwp%2Fv2%2Fmedia&parent=6444"}],"curies":[{"name":"wp","href":"https:\/\/api.w.org\/{rel}","templated":true}]}}