{"id":768,"date":"2016-10-16T13:26:32","date_gmt":"2016-10-16T11:26:32","guid":{"rendered":"http:\/\/3zskadan.cz\/?page_id=768"},"modified":"2026-04-09T07:48:01","modified_gmt":"2026-04-09T05:48:01","slug":"jidelna","status":"publish","type":"page","link":"https:\/\/3zskadan.cz\/?page_id=768","title":{"rendered":"J\u00eddelna"},"content":{"rendered":"\n<h3>Platba ob\u011bd\u016f<em>\u00a0 \u00a0 \u00a0 \u00a0 \u00a0 \u00a0 \u00a0 \u00a0 \u00a0 \u00a0<\/em><\/h3>\n<p>Platba bude strh\u00e1v\u00e1na z Va\u0161eho bankovn\u00edho \u00fa\u010dtu\u00a0<em>inkasn\u00edm zp\u016fsobem.<\/em><\/p>\n<p>Co je nutno za\u0159\u00eddit ve Va\u0161\u00ed bance?<\/p>\n<p>Zadat povolen\u00ed k\u00a0inkasu na \u00fa\u010det:\u00a0\u00a0\u00a0<strong>0100262091\/0800<\/strong>\u00a0(nezad\u00e1vat \u017e\u00e1dn\u00e9 variabiln\u00ed symboly)<\/p>\n<p>V\u00fd\u0161e limitu inkasa: \u00a0\u00a0<\/p>\n<ul>\n<li><strong>620 K\u010d<\/strong><\/li>\n<li><strong>770 K\u010d (pokud m\u00e1te dru\u017einu) 820,- star\u0161\u00ed sourozenec 100,- mlad\u0161\u00ed sourozenec 200,-<\/strong><\/li>\n<\/ul>\n<p>Co je nutn\u00e9 za\u0159\u00eddit ve \u0161koln\u00ed j\u00eddeln\u011b?<\/p>\n<p>Nahl\u00e1sit Va\u0161e \u010d\u00edslo \u00fa\u010dtu, jinak se platba nesp\u00e1ruje a nebude mo\u017en\u00e9 zjistit koho platba je.<\/p>\n<p>Inkasn\u00ed zp\u016fsob platby bude prov\u00e1d\u011bn k 15. dni v m\u011bs\u00edci.<\/p>\n<p>Pokud prob\u011bhne platba inkasem v\u00a0po\u0159\u00e1dku, bude v\u00e1m koncem m\u011bs\u00edce strava automaticky p\u0159ihl\u00e1\u0161ena na n\u00e1sleduj\u00edc\u00ed m\u011bs\u00edc.<\/p>\n<p><em>Vy\u00fa\u010dtov\u00e1n\u00ed se prov\u00e1d\u00ed 1\u00d7 ro\u010dn\u011b k\u00a020. 7.<\/em><\/p>\n<p>V p\u0159\u00edpad\u011b nejasnost\u00ed nebo dal\u0161\u00edch informac\u00ed kontaktujte vedouc\u00ed \u0161koln\u00ed j\u00eddelny pan\u00ed B\u00e1rovou na emailu <a href=\"mailto:jidelna-3zs@ktkadan.cz\">jidelna-3zs@ktkadan.cz<\/a><\/p>\n<p>\u00a0<\/p>\n<div style=\"clear: both;\">\n<div class='content-column one_half'><div style=\"padding:3%;\"><h3><i class=\"fa fa-calendar fa- \"><\/i> Provozn\u00ed doba kancel\u00e1\u0159e vedouc\u00ed stravov\u00e1n\u00ed (prodej stravn\u00e9ho)<\/h3>\n<table class=\"table table-hover\">\n<tbody>\n<tr>\n<th style=\"text-align: left;\">DEN<\/th>\n<th style=\"text-align: left;\">R\u00c1NO<\/th>\n<th style=\"text-align: left;\">ODPOLEDNE<\/th>\n<\/tr>\n<\/tbody>\n<tbody>\n<tr>\n<td>Posledn\u00ed pond\u011bl\u00ed v m\u011bs\u00edci<\/td>\n<td>6:00 &#8211; 9:00<\/td>\n<td>14:00 &#8211; 14:30<\/td>\n<\/tr>\n<\/tbody>\n<\/table><\/div><\/div><div class='content-column one_half'><div style=\"padding:3%;\"><h3><i class=\"fa fa-user fa- \"><\/i> Kontaktn\u00ed informace<\/h3>\n<p><i class=\"fa fa-user fa- \"><\/i> Romana B\u00e1rov\u00e1 (vedouc\u00ed \u0161koln\u00ed j\u00eddelny)<\/p>\n<p><i class=\"fa fa-phone-square\"><\/i> 739 623 288<\/p>\n<p><i class=\"fa fa-envelope-square\"><\/i> <a href=\"mailto:jidelna-3zs@ktkadan.cz\">jidelna-3zs@ktkadan.cz<\/a><\/p>\n<hr \/>\n<h3><i class=\"fa fa-coffee\"><\/i>\u00a0Online p\u0159ihla\u0161ov\u00e1n\u00ed a odhla\u0161ov\u00e1n\u00ed ob\u011bd\u016f<\/h3>\n<p><a class=\"btn btn-block btn-info\" href=\"https:\/\/www.strava.cz\/strava\/stravnik\/prihlaseni?&amp;zarizeni=0900\" target=\"_blank\" rel=\"noopener noreferrer\" data-scroll=\"\"><br \/>P\u0159ihl\u00e1\u0161ka\/Odhl\u00e1\u0161ka<\/a><br \/><em>K p\u0159ihl\u00e1\u0161en\u00ed je t\u0159eba zn\u00e1t va\u0161e jm\u00e9no a heslo. Tyto \u00fadaje V\u00e1m vyd\u00e1 osobn\u011b vedouc\u00ed \u0161koln\u00ed j\u00eddelny.<\/em><br \/>P\u0159ihl\u00e1\u0161ka\/odhl\u00e1\u0161ka ob\u011bd\u016f online v tabletech a smartphonech. Aplikaci je mo\u017en\u00e9 st\u00e1hnout na Google Play.<\/p>\n<h3>J\u00eddlonosi\u010de<\/h3>\n<p><strong>V\u00fddej stravy do j\u00eddlonosi\u010d\u016f prob\u00edh\u00e1 ve \u0161koln\u00ed j\u00eddeln\u011b u v\u00fddejn\u00edho ok\u00e9nka v \u010dase od 11:40 do 12:00 hod.<\/strong><br \/><\/div><\/div>\n<div class='content-column one_half'><div style=\"padding:3%;\"><h3><i class=\"fa fa-bug\"><\/i> Alergeny v j\u00eddlech<\/h3>\n<p><button class=\"btn btn-info btn-block\" type=\"button\" data-toggle=\"collapse\" data-target=\"#collapseAlerg\"><br \/><i class=\"fa fa-list-ol\"><\/i>\u00a0SEZNAM ALERGEN\u016e<br \/><\/button><\/p>\n<div id=\"collapseAlerg\" class=\"collapse\"><span style=\"color: #0088cc;\"><strong>1. Obiloviny obsahuj\u00edc\u00ed lepek<\/strong><\/span><br \/><em><em>p\u0161enice, \u017eito, je\u010dmen, oves, \u0161palda, kamut nebo jejich hybridn\u00ed odr\u016fdy a v\u00fdrobky z nich<\/em><\/em>\n<p>\u00a0<\/p>\n<p>\u00a0<\/p>\n<hr \/>\n<p><span style=\"color: #0088cc;\"><strong>2. Kor\u00fd\u0161i<\/strong><\/span> a v\u00fdrobky z nich<\/p>\n<hr \/>\n<p><span style=\"color: #0088cc;\"><strong>3. Vejce<\/strong><\/span> a v\u00fdrobky z nich<\/p>\n<hr \/>\n<p><span style=\"color: #0088cc;\"><strong>4. Ryby<\/strong><\/span> a v\u00fdrobky z nich<\/p>\n<hr \/>\n<p><span style=\"color: #0088cc;\"><strong>5. Podzemnice olejn\u00e1 (ara\u0161\u00eddy) <\/strong><\/span>a v\u00fdrobky z nich<\/p>\n<hr \/>\n<p><span style=\"color: #0088cc;\"><strong>6. S\u00f3jov\u00e9 boby (s\u00f3ja)<\/strong><\/span> a v\u00fdrobky z nich<\/p>\n<hr \/>\n<p><span style=\"color: #0088cc;\"><strong>7. Ml\u00e9ko<\/strong><\/span> a v\u00fdrobky z n\u011bj<\/p>\n<hr \/>\n<p><strong><span style=\"color: #0088cc;\">8. Sko\u0159\u00e1pkov\u00e9 plody<\/span><br \/><\/strong><em>mandle, l\u00edskov\u00e9 o\u0159echy, vla\u0161sk\u00e9 o\u0159echy, ke\u0161u o\u0159echy, pekanov\u00e9 o\u0159echy, para o\u0159echy, pist\u00e1cie, makadamie a v\u00fdrobky z nich<\/em><\/p>\n<hr \/>\n<p><span style=\"color: #0088cc;\"><strong>9. Celer<\/strong><\/span> a v\u00fdrobky z n\u011bj<\/p>\n<hr \/>\n<p><span style=\"color: #0088cc;\"><strong>10. Ho\u0159\u010dice<\/strong><\/span> a v\u00fdrobky z n\u00ed<\/p>\n<hr \/>\n<p><span style=\"color: #0088cc;\"><strong>11. Sezamov\u00e1 semena (sezam)<\/strong><\/span> a v\u00fdrobky z nich<\/p>\n<hr \/>\n<p><span style=\"color: #0088cc;\"><strong>12. Oxid si\u0159i\u010dit\u00fd a si\u0159i\u010ditany<\/strong><\/span> v koncentr\u00e1tech vy\u0161\u0161\u00edch 10 mg<\/p>\n<hr \/>\n<p><span style=\"color: #0088cc;\"><strong>13. Vl\u010d\u00ed bob<\/strong><\/span> (lupina) a v\u00fdrobky z n\u011bj<\/p>\n<hr \/>\n<p><span style=\"color: #0088cc;\"><strong>14. M\u011bkk\u00fd\u0161i<\/strong><\/span> a v\u00fdrobky z nich<\/p>\n<hr \/><\/div>\n<p>publikovan\u00fd ve sm\u011brnici 2000\/89 ES od 13. 12. 2014 sm\u011brnic\u00ed 1169\/2011 EU<br \/><\/div><\/div><div class='content-column one_half'><div style=\"padding:3%;\"><h3><i class=\"fa fa-money fa- \"><\/i> Cena ob\u011bd\u016f<\/h3>\n<p>do v\u011bkov\u00fdch skupin jsou str\u00e1vn\u00edci za\u0159azov\u00e1ni na dobu \u0161koln\u00edho roku, ve kter\u00e9m dosahuj\u00ed p\u0159\u00edslu\u0161n\u00e9ho v\u011bku (1. 9. &#8211; 31. 8.)<\/p>\n<p><strong>Cena \u010dipu: 121 K\u010d<\/strong><\/p>\n<table class=\"table-hover\">\n<tbody>\n<tr style=\"text-align: center;\">\n<th>V\u011aK<\/th>\n<th>VA\u0160E CENA<\/th>\n<th>\u00a0<\/th>\n<\/tr>\n<\/tbody>\n<tbody>\n<tr style=\"text-align: center;\">\n<td>7 &#8211; 10 let<\/td>\n<td><strong>27 K\u010d<\/strong><\/td>\n<td>\u00a0<\/td>\n<\/tr>\n<tr style=\"text-align: center;\">\n<td>11 &#8211; 14 let<\/td>\n<td><strong>29 K\u010d<\/strong><\/td>\n<td>\u00a0<\/td>\n<\/tr>\n<tr style=\"text-align: center;\">\n<td>15 a v\u00edce<\/td>\n<td><strong>30 K\u010d<\/strong><\/td>\n<td>\u00a0<\/td>\n<\/tr>\n<\/tbody>\n<\/table>\n<p><!-- ------------------------------------------------------------------------------------------------------------------------- --><\/p><\/div><\/div><div class='content-column one_half'><div style=\"padding:3%;\"><h3><i class=\"fa fa-info fa- \"><\/i> Informace<\/h3>\n<p>Ob\u011bd zahrnuje pol\u00e9vku, hlavn\u00ed j\u00eddlo, dezert (zelenina, ovoce), n\u00e1poje (ml\u00e9ko, d\u017eus, \u010daj, kakao, koktejl).<br \/>V n\u011bkter\u00fdch dnech v\u00fdb\u011br ze dvou j\u00eddel.<br \/>P\u0159ekvapen\u00ed k Mikul\u00e1\u0161i, V\u00e1noc\u016fm, Velikonoc\u016fm, D\u011btsk\u00fd den, vysv\u011bd\u010den\u00ed.<br \/>Snaha kucha\u0159ek o spokojenost d\u011bt\u00ed.<br \/><\/div><\/div><div class='content-column one_third'><div style=\"padding:3%;\"><a class=\"btn btn-block btn-info\" href=\"\/wp-content\/uploads\/dokumenty\/HodnoceniJidelnickuKHS.pdf\" target=\"_blank\" rel=\"noopener noreferrer\" data-scroll=\"\"><br \/><i class=\"fa fa-file-pdf-o fa-2x\"><\/i> Hodnocen\u00ed j\u00eddeln\u00ed\u010dku KHS<br \/><\/a><br \/><\/div><\/div><div class='content-column one_third'><div style=\"padding:3%;\"><a class=\"btn btn-block btn-success\" href=\"http:\/\/3zskadan.cz\/?page_id=1020\" data-scroll=\"\"><br \/><i class=\"fa fa-gavel fa-2x\"><\/i> \u0158\u00e1d \u0161koln\u00ed j\u00eddelny<br \/><\/a><br \/><\/div><\/div><div class='content-column one_third'><div style=\"padding:3%;\"><\/div><\/div>\n<\/div>\n","protected":false},"excerpt":{"rendered":"<p>Platba ob\u011bd\u016f\u00a0 \u00a0 \u00a0 \u00a0 \u00a0 \u00a0 \u00a0 \u00a0 \u00a0 \u00a0 Platba bude strh\u00e1v\u00e1na z Va\u0161eho bankovn\u00edho \u00fa\u010dtu\u00a0inkasn\u00edm zp\u016fsobem. Co je nutno za\u0159\u00eddit ve Va\u0161\u00ed bance? Zadat povolen\u00ed k\u00a0inkasu na \u00fa\u010det:\u00a0\u00a0\u00a00100262091\/0800\u00a0(nezad\u00e1vat \u017e\u00e1dn\u00e9 variabiln\u00ed symboly) V\u00fd\u0161e limitu inkasa: \u00a0\u00a0 620 K\u010d 770 K\u010d (pokud m\u00e1te dru\u017einu) 820,- star\u0161\u00ed sourozenec 100,- mlad\u0161\u00ed sourozenec 200,- Co je nutn\u00e9 [&hellip;]<\/p>\n","protected":false},"author":1,"featured_media":0,"parent":0,"menu_order":0,"comment_status":"closed","ping_status":"closed","template":"","meta":{"jetpack_post_was_ever_published":false,"footnotes":""},"class_list":["post-768","page","type-page","status-publish","czr-hentry"],"yoast_head":"<!-- This site is optimized with the Yoast SEO plugin v27.3 - https:\/\/yoast.com\/product\/yoast-seo-wordpress\/ -->\n<title>J\u00eddelna - Z\u00e1kladn\u00ed \u0161kola Kada\u0148, ul. Chomutovsk\u00e1 1683<\/title>\n<meta name=\"robots\" content=\"index, follow, max-snippet:-1, max-image-preview:large, max-video-preview:-1\" \/>\n<link rel=\"canonical\" href=\"https:\/\/3zskadan.cz\/?page_id=768\" \/>\n<meta property=\"og:locale\" content=\"cs_CZ\" \/>\n<meta property=\"og:type\" content=\"article\" \/>\n<meta property=\"og:title\" content=\"J\u00eddelna - Z\u00e1kladn\u00ed \u0161kola Kada\u0148, ul. Chomutovsk\u00e1 1683\" \/>\n<meta property=\"og:description\" content=\"Platba ob\u011bd\u016f\u00a0 \u00a0 \u00a0 \u00a0 \u00a0 \u00a0 \u00a0 \u00a0 \u00a0 \u00a0 Platba bude strh\u00e1v\u00e1na z Va\u0161eho bankovn\u00edho \u00fa\u010dtu\u00a0inkasn\u00edm zp\u016fsobem. Co je nutno za\u0159\u00eddit ve Va\u0161\u00ed bance? Zadat povolen\u00ed k\u00a0inkasu na \u00fa\u010det:\u00a0\u00a0\u00a00100262091\/0800\u00a0(nezad\u00e1vat \u017e\u00e1dn\u00e9 variabiln\u00ed symboly) V\u00fd\u0161e limitu inkasa: \u00a0\u00a0 620 K\u010d 770 K\u010d (pokud m\u00e1te dru\u017einu) 820,- star\u0161\u00ed sourozenec 100,- mlad\u0161\u00ed sourozenec 200,- Co je nutn\u00e9 [&hellip;]\" \/>\n<meta property=\"og:url\" content=\"https:\/\/3zskadan.cz\/?page_id=768\" \/>\n<meta property=\"og:site_name\" content=\"Z\u00e1kladn\u00ed \u0161kola Kada\u0148, ul. Chomutovsk\u00e1 1683\" \/>\n<meta property=\"article:modified_time\" content=\"2026-04-09T05:48:01+00:00\" \/>\n<meta name=\"twitter:card\" content=\"summary_large_image\" \/>\n<meta name=\"twitter:label1\" content=\"Odhadovan\u00e1 doba \u010dten\u00ed\" \/>\n\t<meta name=\"twitter:data1\" content=\"3 minuty\" \/>\n<script type=\"application\/ld+json\" class=\"yoast-schema-graph\">{\"@context\":\"https:\\\/\\\/schema.org\",\"@graph\":[{\"@type\":\"WebPage\",\"@id\":\"https:\\\/\\\/3zskadan.cz\\\/?page_id=768\",\"url\":\"https:\\\/\\\/3zskadan.cz\\\/?page_id=768\",\"name\":\"J\u00eddelna - Z\u00e1kladn\u00ed \u0161kola Kada\u0148, ul. Chomutovsk\u00e1 1683\",\"isPartOf\":{\"@id\":\"https:\\\/\\\/3zskadan.cz\\\/#website\"},\"datePublished\":\"2016-10-16T11:26:32+00:00\",\"dateModified\":\"2026-04-09T05:48:01+00:00\",\"breadcrumb\":{\"@id\":\"https:\\\/\\\/3zskadan.cz\\\/?page_id=768#breadcrumb\"},\"inLanguage\":\"cs\",\"potentialAction\":[{\"@type\":\"ReadAction\",\"target\":[\"https:\\\/\\\/3zskadan.cz\\\/?page_id=768\"]}]},{\"@type\":\"BreadcrumbList\",\"@id\":\"https:\\\/\\\/3zskadan.cz\\\/?page_id=768#breadcrumb\",\"itemListElement\":[{\"@type\":\"ListItem\",\"position\":1,\"name\":\"Dom\u016f\",\"item\":\"https:\\\/\\\/3zskadan.cz\\\/\"},{\"@type\":\"ListItem\",\"position\":2,\"name\":\"J\u00eddelna\"}]},{\"@type\":\"WebSite\",\"@id\":\"https:\\\/\\\/3zskadan.cz\\\/#website\",\"url\":\"https:\\\/\\\/3zskadan.cz\\\/\",\"name\":\"Z\u00e1kladn\u00ed \u0161kola Kada\u0148, ul. Chomutovsk\u00e1 1683\",\"description\":\"\",\"potentialAction\":[{\"@type\":\"SearchAction\",\"target\":{\"@type\":\"EntryPoint\",\"urlTemplate\":\"https:\\\/\\\/3zskadan.cz\\\/?s={search_term_string}\"},\"query-input\":{\"@type\":\"PropertyValueSpecification\",\"valueRequired\":true,\"valueName\":\"search_term_string\"}}],\"inLanguage\":\"cs\"}]}<\/script>\n<!-- \/ Yoast SEO plugin. -->","yoast_head_json":{"title":"J\u00eddelna - Z\u00e1kladn\u00ed \u0161kola Kada\u0148, ul. Chomutovsk\u00e1 1683","robots":{"index":"index","follow":"follow","max-snippet":"max-snippet:-1","max-image-preview":"max-image-preview:large","max-video-preview":"max-video-preview:-1"},"canonical":"https:\/\/3zskadan.cz\/?page_id=768","og_locale":"cs_CZ","og_type":"article","og_title":"J\u00eddelna - Z\u00e1kladn\u00ed \u0161kola Kada\u0148, ul. Chomutovsk\u00e1 1683","og_description":"Platba ob\u011bd\u016f\u00a0 \u00a0 \u00a0 \u00a0 \u00a0 \u00a0 \u00a0 \u00a0 \u00a0 \u00a0 Platba bude strh\u00e1v\u00e1na z Va\u0161eho bankovn\u00edho \u00fa\u010dtu\u00a0inkasn\u00edm zp\u016fsobem. Co je nutno za\u0159\u00eddit ve Va\u0161\u00ed bance? Zadat povolen\u00ed k\u00a0inkasu na \u00fa\u010det:\u00a0\u00a0\u00a00100262091\/0800\u00a0(nezad\u00e1vat \u017e\u00e1dn\u00e9 variabiln\u00ed symboly) V\u00fd\u0161e limitu inkasa: \u00a0\u00a0 620 K\u010d 770 K\u010d (pokud m\u00e1te dru\u017einu) 820,- star\u0161\u00ed sourozenec 100,- mlad\u0161\u00ed sourozenec 200,- Co je nutn\u00e9 [&hellip;]","og_url":"https:\/\/3zskadan.cz\/?page_id=768","og_site_name":"Z\u00e1kladn\u00ed \u0161kola Kada\u0148, ul. Chomutovsk\u00e1 1683","article_modified_time":"2026-04-09T05:48:01+00:00","twitter_card":"summary_large_image","twitter_misc":{"Odhadovan\u00e1 doba \u010dten\u00ed":"3 minuty"},"schema":{"@context":"https:\/\/schema.org","@graph":[{"@type":"WebPage","@id":"https:\/\/3zskadan.cz\/?page_id=768","url":"https:\/\/3zskadan.cz\/?page_id=768","name":"J\u00eddelna - Z\u00e1kladn\u00ed \u0161kola Kada\u0148, ul. Chomutovsk\u00e1 1683","isPartOf":{"@id":"https:\/\/3zskadan.cz\/#website"},"datePublished":"2016-10-16T11:26:32+00:00","dateModified":"2026-04-09T05:48:01+00:00","breadcrumb":{"@id":"https:\/\/3zskadan.cz\/?page_id=768#breadcrumb"},"inLanguage":"cs","potentialAction":[{"@type":"ReadAction","target":["https:\/\/3zskadan.cz\/?page_id=768"]}]},{"@type":"BreadcrumbList","@id":"https:\/\/3zskadan.cz\/?page_id=768#breadcrumb","itemListElement":[{"@type":"ListItem","position":1,"name":"Dom\u016f","item":"https:\/\/3zskadan.cz\/"},{"@type":"ListItem","position":2,"name":"J\u00eddelna"}]},{"@type":"WebSite","@id":"https:\/\/3zskadan.cz\/#website","url":"https:\/\/3zskadan.cz\/","name":"Z\u00e1kladn\u00ed \u0161kola Kada\u0148, ul. Chomutovsk\u00e1 1683","description":"","potentialAction":[{"@type":"SearchAction","target":{"@type":"EntryPoint","urlTemplate":"https:\/\/3zskadan.cz\/?s={search_term_string}"},"query-input":{"@type":"PropertyValueSpecification","valueRequired":true,"valueName":"search_term_string"}}],"inLanguage":"cs"}]}},"jetpack_sharing_enabled":true,"jetpack_shortlink":"https:\/\/wp.me\/P7YYLP-co","_links":{"self":[{"href":"https:\/\/3zskadan.cz\/index.php?rest_route=\/wp\/v2\/pages\/768","targetHints":{"allow":["GET"]}}],"collection":[{"href":"https:\/\/3zskadan.cz\/index.php?rest_route=\/wp\/v2\/pages"}],"about":[{"href":"https:\/\/3zskadan.cz\/index.php?rest_route=\/wp\/v2\/types\/page"}],"author":[{"embeddable":true,"href":"https:\/\/3zskadan.cz\/index.php?rest_route=\/wp\/v2\/users\/1"}],"replies":[{"embeddable":true,"href":"https:\/\/3zskadan.cz\/index.php?rest_route=%2Fwp%2Fv2%2Fcomments&post=768"}],"version-history":[{"count":92,"href":"https:\/\/3zskadan.cz\/index.php?rest_route=\/wp\/v2\/pages\/768\/revisions"}],"predecessor-version":[{"id":14596,"href":"https:\/\/3zskadan.cz\/index.php?rest_route=\/wp\/v2\/pages\/768\/revisions\/14596"}],"wp:attachment":[{"href":"https:\/\/3zskadan.cz\/index.php?rest_route=%2Fwp%2Fv2%2Fmedia&parent=768"}],"curies":[{"name":"wp","href":"https:\/\/api.w.org\/{rel}","templated":true}]}}