{"id":8,"date":"2016-10-08T01:50:27","date_gmt":"2016-10-07T23:50:27","guid":{"rendered":"http:\/\/3zskadan.cz\/?page_id=8"},"modified":"2026-02-11T16:03:35","modified_gmt":"2026-02-11T15:03:35","slug":"kontakty","status":"publish","type":"page","link":"https:\/\/3zskadan.cz\/?page_id=8","title":{"rendered":"Kontaktn\u00ed informace"},"content":{"rendered":"<h3><i class=\"fa fa-id-card-o\"><\/i> N\u00e1zev \u0161koly<\/h3>\n<p><strong>Z\u00e1kladn\u00ed \u0161kola Kada\u0148, ul. Chomutovsk\u00e1 1683, okr. Chomutov<\/strong><\/p>\n<div class='content-column one_half'><p><strong>I\u010cO:<\/strong>\u00a046\u00a0789 952<\/p>\n<p><strong>IZO:<\/strong>\u00a0102\u00a0129 509<\/p><\/div>\n<div class='content-column one_half'><p><strong>RED-IZO:<\/strong>\u00a0600\u00a0077\u00a0462<\/p>\n<p><strong>ID datov\u00e9 schr\u00e1nky:<\/strong>\u00a0 pkcfqy2<\/p><\/div>\n<p><strong>\u010d\u00edslo \u00fa\u010dtu:<\/strong> 1600 124 714\/0600<\/p>\n<div class='content-column one_third'><h3><i class=\"fa fa-location-arrow\"><\/i> Adresa \u0161koly<\/h3>\n<address>Z\u00e1kladn\u00ed \u0161kola<br \/>\nChomutovsk\u00e1 1683<br \/>\n432\u00a001 Kada\u0148<\/address>\n<hr width=\"50%\" \/>\n<h3><i class=\"fa fa-facebook\"><\/i> facebook<\/h3>\n<p><a href=\"https:\/\/www.facebook.com\/SlunickovaSkolaKadan\">facebook \u0161koly<\/a><\/p>\n<hr width=\"50%\" \/><\/div>\n<div class='content-column one_third'><h3><i class=\"fa fa-phone\"><\/i> Telefon<\/h3>\n<p>\u0161kola: +420 474 333 452<br \/>\nmobil: 731 411 905<br \/>\ndru\u017eina: 702 235 086<br \/>\nj\u00eddelna: 739 623 288<br \/><\/div>\n<div class='content-column one_third'><h3><i class=\"fa fa-map-marker\"><\/i> Kde jsme?<\/h3>\n<p><iframe style=\"border: 1;\" src=\"https:\/\/www.google.com\/maps\/embed?pb=!1m18!1m12!1m3!1d2543.8394073028185!2d13.270493316232049!3d50.38819217946686!2m3!1f0!2f0!3f0!3m2!1i1024!2i768!4f13.1!3m3!1m2!1s0x470a0fa6277b4cb7%3A0xa5d347b6a8964f28!2zWsOha2xhZG7DrSDFoWtvbGEgS2FkYcWIIC0gU2x1bsOtxI1rb3bDoQ!5e0!3m2!1scs!2scz!4v1477074281144\" width=\"400\" height=\"300\" frameborder=\"0\" allowfullscreen=\"allowfullscreen\"><\/iframe><br \/><\/div>\n<h3>Nep\u0159ij\u00edman\u00e9 form\u00e1ty:<\/h3>\n<ul>\n<li>datov\u00e9 nosi\u010de (CD, DVD, USB flash disky)<\/li>\n<li>komprimovan\u00e9 soubory (RAR, ZIP)<\/li>\n<\/ul>\n<p><a class=\"btn btn-lg btn-success\" role=\"button\" href=\"http:\/\/3zskadan.cz\/?page_id=1217\"><br \/>\n<i class=\"fa fa-envelope\"><\/i> e-mailov\u00e9 adresy pedagogick\u00e9ho sboru<\/a><\/p>\n","protected":false},"excerpt":{"rendered":"<p>N\u00e1zev \u0161koly Z\u00e1kladn\u00ed \u0161kola Kada\u0148, ul. Chomutovsk\u00e1 1683, okr. Chomutov \u010d\u00edslo \u00fa\u010dtu: 1600 124 714\/0600 Nep\u0159ij\u00edman\u00e9 form\u00e1ty: datov\u00e9 nosi\u010de (CD, DVD, USB flash disky) komprimovan\u00e9 soubory (RAR, ZIP) e-mailov\u00e9 adresy pedagogick\u00e9ho sboru<\/p>\n","protected":false},"author":1,"featured_media":0,"parent":0,"menu_order":0,"comment_status":"closed","ping_status":"closed","template":"","meta":{"jetpack_post_was_ever_published":false,"footnotes":""},"class_list":["post-8","page","type-page","status-publish","czr-hentry"],"yoast_head":"<!-- This site is optimized with the Yoast SEO plugin v27.3 - https:\/\/yoast.com\/product\/yoast-seo-wordpress\/ -->\n<title>Kontaktn\u00ed informace - Z\u00e1kladn\u00ed \u0161kola Kada\u0148, ul. Chomutovsk\u00e1 1683<\/title>\n<meta name=\"robots\" content=\"index, follow, max-snippet:-1, max-image-preview:large, max-video-preview:-1\" \/>\n<link rel=\"canonical\" href=\"https:\/\/3zskadan.cz\/?page_id=8\" \/>\n<meta property=\"og:locale\" content=\"cs_CZ\" \/>\n<meta property=\"og:type\" content=\"article\" \/>\n<meta property=\"og:title\" content=\"Kontaktn\u00ed informace - Z\u00e1kladn\u00ed \u0161kola Kada\u0148, ul. Chomutovsk\u00e1 1683\" \/>\n<meta property=\"og:description\" content=\"N\u00e1zev \u0161koly Z\u00e1kladn\u00ed \u0161kola Kada\u0148, ul. Chomutovsk\u00e1 1683, okr. Chomutov \u010d\u00edslo \u00fa\u010dtu: 1600 124 714\/0600 Nep\u0159ij\u00edman\u00e9 form\u00e1ty: datov\u00e9 nosi\u010de (CD, DVD, USB flash disky) komprimovan\u00e9 soubory (RAR, ZIP) e-mailov\u00e9 adresy pedagogick\u00e9ho sboru\" \/>\n<meta property=\"og:url\" content=\"https:\/\/3zskadan.cz\/?page_id=8\" \/>\n<meta property=\"og:site_name\" content=\"Z\u00e1kladn\u00ed \u0161kola Kada\u0148, ul. Chomutovsk\u00e1 1683\" \/>\n<meta property=\"article:modified_time\" content=\"2026-02-11T15:03:35+00:00\" \/>\n<meta name=\"twitter:card\" content=\"summary_large_image\" \/>\n<meta name=\"twitter:label1\" content=\"Odhadovan\u00e1 doba \u010dten\u00ed\" \/>\n\t<meta name=\"twitter:data1\" content=\"1 minuta\" \/>\n<script type=\"application\/ld+json\" class=\"yoast-schema-graph\">{\"@context\":\"https:\\\/\\\/schema.org\",\"@graph\":[{\"@type\":\"WebPage\",\"@id\":\"https:\\\/\\\/3zskadan.cz\\\/?page_id=8\",\"url\":\"https:\\\/\\\/3zskadan.cz\\\/?page_id=8\",\"name\":\"Kontaktn\u00ed informace - Z\u00e1kladn\u00ed \u0161kola Kada\u0148, ul. Chomutovsk\u00e1 1683\",\"isPartOf\":{\"@id\":\"https:\\\/\\\/3zskadan.cz\\\/#website\"},\"datePublished\":\"2016-10-07T23:50:27+00:00\",\"dateModified\":\"2026-02-11T15:03:35+00:00\",\"breadcrumb\":{\"@id\":\"https:\\\/\\\/3zskadan.cz\\\/?page_id=8#breadcrumb\"},\"inLanguage\":\"cs\",\"potentialAction\":[{\"@type\":\"ReadAction\",\"target\":[\"https:\\\/\\\/3zskadan.cz\\\/?page_id=8\"]}]},{\"@type\":\"BreadcrumbList\",\"@id\":\"https:\\\/\\\/3zskadan.cz\\\/?page_id=8#breadcrumb\",\"itemListElement\":[{\"@type\":\"ListItem\",\"position\":1,\"name\":\"Dom\u016f\",\"item\":\"https:\\\/\\\/3zskadan.cz\\\/\"},{\"@type\":\"ListItem\",\"position\":2,\"name\":\"Kontaktn\u00ed informace\"}]},{\"@type\":\"WebSite\",\"@id\":\"https:\\\/\\\/3zskadan.cz\\\/#website\",\"url\":\"https:\\\/\\\/3zskadan.cz\\\/\",\"name\":\"Z\u00e1kladn\u00ed \u0161kola Kada\u0148, ul. Chomutovsk\u00e1 1683\",\"description\":\"\",\"potentialAction\":[{\"@type\":\"SearchAction\",\"target\":{\"@type\":\"EntryPoint\",\"urlTemplate\":\"https:\\\/\\\/3zskadan.cz\\\/?s={search_term_string}\"},\"query-input\":{\"@type\":\"PropertyValueSpecification\",\"valueRequired\":true,\"valueName\":\"search_term_string\"}}],\"inLanguage\":\"cs\"}]}<\/script>\n<!-- \/ Yoast SEO plugin. -->","yoast_head_json":{"title":"Kontaktn\u00ed informace - Z\u00e1kladn\u00ed \u0161kola Kada\u0148, ul. Chomutovsk\u00e1 1683","robots":{"index":"index","follow":"follow","max-snippet":"max-snippet:-1","max-image-preview":"max-image-preview:large","max-video-preview":"max-video-preview:-1"},"canonical":"https:\/\/3zskadan.cz\/?page_id=8","og_locale":"cs_CZ","og_type":"article","og_title":"Kontaktn\u00ed informace - Z\u00e1kladn\u00ed \u0161kola Kada\u0148, ul. Chomutovsk\u00e1 1683","og_description":"N\u00e1zev \u0161koly Z\u00e1kladn\u00ed \u0161kola Kada\u0148, ul. Chomutovsk\u00e1 1683, okr. Chomutov \u010d\u00edslo \u00fa\u010dtu: 1600 124 714\/0600 Nep\u0159ij\u00edman\u00e9 form\u00e1ty: datov\u00e9 nosi\u010de (CD, DVD, USB flash disky) komprimovan\u00e9 soubory (RAR, ZIP) e-mailov\u00e9 adresy pedagogick\u00e9ho sboru","og_url":"https:\/\/3zskadan.cz\/?page_id=8","og_site_name":"Z\u00e1kladn\u00ed \u0161kola Kada\u0148, ul. Chomutovsk\u00e1 1683","article_modified_time":"2026-02-11T15:03:35+00:00","twitter_card":"summary_large_image","twitter_misc":{"Odhadovan\u00e1 doba \u010dten\u00ed":"1 minuta"},"schema":{"@context":"https:\/\/schema.org","@graph":[{"@type":"WebPage","@id":"https:\/\/3zskadan.cz\/?page_id=8","url":"https:\/\/3zskadan.cz\/?page_id=8","name":"Kontaktn\u00ed informace - Z\u00e1kladn\u00ed \u0161kola Kada\u0148, ul. Chomutovsk\u00e1 1683","isPartOf":{"@id":"https:\/\/3zskadan.cz\/#website"},"datePublished":"2016-10-07T23:50:27+00:00","dateModified":"2026-02-11T15:03:35+00:00","breadcrumb":{"@id":"https:\/\/3zskadan.cz\/?page_id=8#breadcrumb"},"inLanguage":"cs","potentialAction":[{"@type":"ReadAction","target":["https:\/\/3zskadan.cz\/?page_id=8"]}]},{"@type":"BreadcrumbList","@id":"https:\/\/3zskadan.cz\/?page_id=8#breadcrumb","itemListElement":[{"@type":"ListItem","position":1,"name":"Dom\u016f","item":"https:\/\/3zskadan.cz\/"},{"@type":"ListItem","position":2,"name":"Kontaktn\u00ed informace"}]},{"@type":"WebSite","@id":"https:\/\/3zskadan.cz\/#website","url":"https:\/\/3zskadan.cz\/","name":"Z\u00e1kladn\u00ed \u0161kola Kada\u0148, ul. Chomutovsk\u00e1 1683","description":"","potentialAction":[{"@type":"SearchAction","target":{"@type":"EntryPoint","urlTemplate":"https:\/\/3zskadan.cz\/?s={search_term_string}"},"query-input":{"@type":"PropertyValueSpecification","valueRequired":true,"valueName":"search_term_string"}}],"inLanguage":"cs"}]}},"jetpack_sharing_enabled":true,"jetpack_shortlink":"https:\/\/wp.me\/P7YYLP-8","_links":{"self":[{"href":"https:\/\/3zskadan.cz\/index.php?rest_route=\/wp\/v2\/pages\/8","targetHints":{"allow":["GET"]}}],"collection":[{"href":"https:\/\/3zskadan.cz\/index.php?rest_route=\/wp\/v2\/pages"}],"about":[{"href":"https:\/\/3zskadan.cz\/index.php?rest_route=\/wp\/v2\/types\/page"}],"author":[{"embeddable":true,"href":"https:\/\/3zskadan.cz\/index.php?rest_route=\/wp\/v2\/users\/1"}],"replies":[{"embeddable":true,"href":"https:\/\/3zskadan.cz\/index.php?rest_route=%2Fwp%2Fv2%2Fcomments&post=8"}],"version-history":[{"count":6,"href":"https:\/\/3zskadan.cz\/index.php?rest_route=\/wp\/v2\/pages\/8\/revisions"}],"predecessor-version":[{"id":14396,"href":"https:\/\/3zskadan.cz\/index.php?rest_route=\/wp\/v2\/pages\/8\/revisions\/14396"}],"wp:attachment":[{"href":"https:\/\/3zskadan.cz\/index.php?rest_route=%2Fwp%2Fv2%2Fmedia&parent=8"}],"curies":[{"name":"wp","href":"https:\/\/api.w.org\/{rel}","templated":true}]}}