{"id":843,"date":"2016-10-18T12:22:23","date_gmt":"2016-10-18T10:22:23","guid":{"rendered":"http:\/\/3zskadan.cz\/?page_id=843"},"modified":"2026-01-20T07:53:23","modified_gmt":"2026-01-20T06:53:23","slug":"dokumenty","status":"publish","type":"page","link":"https:\/\/3zskadan.cz\/?page_id=843","title":{"rendered":"Dokumenty"},"content":{"rendered":"<h2>\u0160koln\u00ed \u0159\u00e1d<\/h2>\n<p><a href=\"https:\/\/3zskadan.cz\/wp-content\/uploads\/dokumenty\/2025\/skolniRad2025_26.pdf\"><i class=\"fa fa-link fa-2x\"><\/i> Zn\u011bn\u00ed na webu \u0161koly<\/a><\/p>\n<hr \/>\n<h3>Vnit\u0159n\u00ed \u0159\u00e1d \u0161koln\u00ed dru\u017einy<\/h3>\n<p><a href=\"\/wp-content\/uploads\/dokumenty\/Vnitrni_rad_SD.pdf\"><i class=\"fa fa-link fa-2x\"><\/i> Zn\u011bn\u00ed na webu \u0161koly<\/a><\/p>\n<hr \/>\n<h3>Vnit\u0159n\u00ed \u0159\u00e1d \u0161koln\u00ed j\u00eddelny<\/h3>\n<p><a href=\"\/wp-content\/uploads\/dokumenty\/Vnitrni_rad_SJ.pdf\"><i class=\"fa fa-link fa-2x\"><\/i> Zn\u011bn\u00ed na webu \u0161koly<\/a><\/p>\n<hr \/>\n<h3>\u0160koln\u00ed vzd\u011bl\u00e1vac\u00ed program<\/h3>\n<p><a href=\"https:\/\/3zskadan.cz\/wp-content\/uploads\/dokumenty\/2025\/SVP_od2025-2026.pdf\"><i class=\"fa fa-file-pdf-o fa-2x\"><\/i>Zn\u011bn\u00ed na webu \u0161koly<\/a><\/p>\n<hr \/>\n<h2>Rozpo\u010det \u0161koly<\/h2>\n<p><a href=\"https:\/\/3zskadan.cz\/wp-content\/uploads\/dokumenty\/Rozpocet2025.xlsx\" target=\"_blank\" rel=\"noopener noreferrer\">Rozpo\u010det na rok 2025 a v\u00fdhled na rok 2026 &#8211; 2027 (XLSX, 12 kB)<\/a><\/p>\n<p><a href=\"https:\/\/3zskadan.cz\/wp-content\/uploads\/dokumenty\/Rozpocet2026-2028.xlsx\" target=\"_blank\" rel=\"noopener noreferrer\">Rozpo\u010det na rok 2026 a v\u00fdhled na rok 2027 &#8211; 2028 (XLSX, 12 kB)<\/a><br \/><!--\n<a href=\"\/wp-content\/uploads\/Rozpocet_a_rozpoctovy_vyhled_PO_2023.pdf\" target=\"_blank\" rel=\"noopener noreferrer\">Rozpo\u010det na rok 2023 a v\u00fdhled na rok 2024 - 2025 (PDF, 152 kB)<\/a>\n\n<a href=\"\/wp-content\/uploads\/dokumenty\/2022\/rozpocet2022.pdf\" target=\"_blank\" rel=\"noopener noreferrer\"><i class=\"fa fa-file-pdf-o fa-2x\"><\/i> Rozpo\u010det na rok 2022 a v\u00fdhled na rok 2023 - 2024 (PDF, 153 kB)<\/a>\n\n<a href=\"\/wp-content\/uploads\/dokumenty\/2020\/RozpoctovyVyhled_21.pdf\" target=\"_blank\" rel=\"noopener noreferrer\"><i class=\"fa fa-file-pdf-o fa-2x\"><\/i> Schv\u00e1len\u00fd rozpo\u010det na rok 2021 a v\u00fdhled na rok 2022 - 2023 (PDF, 166 kB)<\/a>\n\n<a href=\"\/wp-content\/uploads\/dokumenty\/rozpocet2020.pdf\" target=\"_blank\" rel=\"noopener noreferrer\"><i class=\"fa fa-file-pdf-o fa-2x\"><\/i> Schv\u00e1len\u00fd rozpo\u010det na rok 2020 a v\u00fdhled na rok 2021 - 2022 (PDF, 576 kB)<\/a>\n\n<a href=\"\/wp-content\/uploads\/dokumenty\/2019\/rozpocet_2019_20_21.pdf\" target=\"_blank\" rel=\"noopener noreferrer\"><i class=\"fa fa-file-pdf-o fa-2x\"><\/i> Schv\u00e1len\u00fd rozpo\u010det na rok 2019 a v\u00fdhled na rok 2020 - 2021 (PDF, 418 kB)<\/a>\n\n<a href=\"\/wp-content\/uploads\/dokumenty\/2018\/rozpocet_2019.pdf\" target=\"_blank\" rel=\"noopener noreferrer\"><i class=\"fa fa-file-pdf-o fa-2x\"><\/i> Rozpo\u010det na rok 2019 a v\u00fdhled na rok 2020 - 2021 (PDF, 400 kB)<\/a>\n\n<a href=\"\/wp-content\/uploads\/dokumenty\/2017\/rozpocet2018.pdf\" target=\"_blank\" rel=\"noopener noreferrer\"><i class=\"fa fa-file-pdf-o fa-2x\"><\/i> Rozpo\u010det na rok 2018 a v\u00fdhled na rok 2019 - 2020 (PDF, 350 kB)<\/a>\n--><\/p>\n<hr \/>\n<h2>\u010cerp\u00e1n\u00ed dotac\u00ed<\/h2>\n<p><a href=\"\/wp-content\/uploads\/2024\/DigitalizujemeSkolu.pdf\" target=\"_blank\" rel=\"noopener noreferrer\"><i class=\"fa fa-file-pdf-o fa-2x\"><\/i> Digitalizujeme \u0161kolu (PDF, 604 KB)<\/a><\/p>\n<p><a href=\"\/wp-content\/uploads\/2024\/OPJAK.pdf\" target=\"_blank\" rel=\"noopener noreferrer\"><i class=\"fa fa-file-pdf-o fa-2x\"><\/i> Projekt OP JAK (PDF, 162 KB)<\/a><\/p>\n<p><a href=\"\/wp-content\/uploads\/2024\/bezRozdilu.pdf\" target=\"_blank\" rel=\"noopener noreferrer\"><i class=\"fa fa-file-pdf-o fa-2x\"><\/i> Projekt Bez rozd\u00edl\u016f (PDF, 6544 KB)<\/a><\/p>\n<p><a href=\"\/wp-content\/uploads\/dokumenty\/dotace_Kadan.pdf\" target=\"_blank\" rel=\"noopener noreferrer\"><i class=\"fa fa-file-pdf-o fa-2x\"><\/i> Projekt Slun\u00ed\u010dkov\u00e9 inspirace pokra\u010duj\u00ed II (PDF, 396 kB)<\/a><\/p>\n<p><a href=\"\/wp-content\/uploads\/V80_webinfo_Kadan.pdf\" target=\"_blank\" rel=\"noopener noreferrer\"><i class=\"fa fa-file-pdf-o fa-2x\"><\/i> Projekt Slun\u00ed\u010dkov\u00e9 inspirace pokra\u010duj\u00ed III (PDF)<\/a><\/p>\n<p><a href=\"http:\/\/3zskadan.cz\/?page_id=9267\"><i class=\"fa fa-link fa-2x\"><\/i> Projekt Dou\u010dov\u00e1n\u00ed \u017e\u00e1k\u016f \u0161kol<\/a><\/p>\n<hr \/>\n<h2>Dal\u0161\u00ed d\u016fle\u017eit\u00e9 dokumenty a ozn\u00e1men\u00ed ke sta\u017een\u00ed<\/h2>\n<p><a href=\"https:\/\/3zskadan.cz\/wp-content\/uploads\/Zadost-zakonnych-zastupcu-o-odklad25.docx\"><i class=\"fa fa-file-word-o fa-2x\"><\/i> \u017d\u00e1dost z\u00e1konn\u00fdch z\u00e1stupc\u016f o odklad 2025 (DOCX)<\/a><\/p>\n<p><a href=\"https:\/\/3zskadan.cz\/wp-content\/uploads\/Zadost-zakonnych-zastupcu-o-prijeti-k-zakladnimu-vzdelavani25.docx\"><i class=\"fa fa-file-word-o fa-2x\"><\/i> \u017d\u00e1dost z\u00e1konn\u00fdch z\u00e1stupc\u016f o p\u0159ijet\u00ed k z\u00e1kladn\u00edmu vzd\u011bl\u00e1v\u00e1n\u00ed 2025 (DOCX)<\/a><\/p>\n<p><a href=\"https:\/\/3zskadan.cz\/wp-content\/uploads\/Zap.-listek-na-web-bez-cisla.docx\"><i class=\"fa fa-file-word-o fa-2x\"><\/i> Z\u00e1pisov\u00fd l\u00edstek 2025 (DOCX)<\/a><\/p>\n<p><a href=\"https:\/\/3zskadan.cz\/wp-content\/uploads\/dokumenty\/IZ.pdf\"><i class=\"fa fa-file-pdf-o fa-2x\"><\/i> Inspek\u010dn\u00ed zpr\u00e1va 2025 (PDF)<\/a><\/p>\n<p><a href=\"https:\/\/3zskadan.cz\/wp-content\/uploads\/dokumenty\/2025\/VyrocniZprava_2024_25_final.pdf\"><i class=\"fa fa-file-pdf-o fa-2x\"><\/i> V\u00fdro\u010dn\u00ed zpr\u00e1va o \u010dinnosti \u0161koly za rok 2024\/2025 (PDF)<\/a><\/p>\n<p><a href=\"https:\/\/3zskadan.cz\/wp-content\/uploads\/Whistleblowing.pdf\"><i class=\"fa fa-file-pdf-o fa-2x\"><\/i> Prohl\u00e1\u0161en\u00ed o implementaci Sm\u011brnice EU o whistleblowingu (PDF)<\/a><\/p>\n<p><a href=\"\/wp-content\/uploads\/2024\/SVPplany.pdf\"><i class=\"fa fa-file-pdf-o fa-2x\"><\/i> U\u010debn\u00ed pl\u00e1ny \u0160VP 2023 (PDF, 358 KB)<\/a><\/p>\n<p><!--<a href=\"\/wp-content\/uploads\/dokumenty\/2017\/PreruseniCinnostiSkolnichDruzin.pdf\" target=\"_blank\" rel=\"noopener noreferrer\"><i class=\"fa fa-file-pdf-o fa-2x\"><\/i> P\u0159eru\u0161en\u00ed \u010dinnosti \u0161koln\u00edch dru\u017ein<\/a><a href=\"\/wp-content\/uploads\/dokumenty\/2018\/Prijimaci_zkousky_2019.pdf\" target=\"_blank\" rel=\"noopener noreferrer\"><i class=\"fa fa-file-pdf-o fa-2x\"><\/i> Informace k p\u0159ij\u00edmac\u00edmu \u0159\u00edzen\u00ed v oborech vzd\u011bl\u00e1n\u00ed s maturitn\u00ed zkou\u0161kou (Cermat)<\/a>\n\n--><\/p>\n<p><a href=\"\/wp-content\/uploads\/dokumenty\/SkolskaRada2024.pdf\" target=\"_blank\" rel=\"noopener noreferrer\"><i class=\"fa fa-file-pdf-o fa-2x\"><\/i> \u0160kolsk\u00e1 rada (PDF, 225 kB)<\/a><\/p>\n<p><a href=\"\/wp-content\/uploads\/dokumenty\/DUMy.pdf\" target=\"_blank\" rel=\"noopener noreferrer\"><i class=\"fa fa-file-pdf-o fa-2x\"><\/i> DUMy (PDF, 428 kB)<\/a><\/p>\n<p><a href=\"https:\/\/3zskadan.cz\/wp-content\/uploads\/minimalnipreventivniprogram2025-2026.docx\" target=\"_blank\" rel=\"noopener noreferrer\"><i class=\"fa fa-file-word-o fa-2x\"><\/i> Minim\u00e1ln\u00ed preventivn\u00ed program \u0161koly v oblasti rizikov\u00e9ho chov\u00e1n\u00ed (DOCX, 60 kB)<\/a><\/p>\n<p><a href=\"https:\/\/3zskadan.cz\/wp-content\/uploads\/nikdonemapravodruhemuublizovat25-26.docx\" target=\"_blank\" rel=\"noopener noreferrer\"><i class=\"fa fa-file-word-o fa-2x\"><\/i> Nikdo nem\u00e1 pr\u00e1vo druh\u00e9mu ubli\u017eovat (DOCX, 20 kB)<\/a><\/p>\n<p><a href=\"https:\/\/3zskadan.cz\/wp-content\/uploads\/Krizovy_plan-2025_26.docx\" target=\"_blank\" rel=\"noopener noreferrer\"><i class=\"fa fa-file-word-o fa-2x\"><\/i> Krizov\u00fd pl\u00e1n \u0161koly p\u0159i \u0159e\u0161en\u00ed \u0161ikany 2025_2026<\/a><\/p>\n<p><a href=\"\/wp-content\/uploads\/2023\/SkolniPreventivniStrategieNaObdobi2023-2027.pdf\" target=\"_blank\" rel=\"noopener noreferrer\"><i class=\"fa fa-file-pdf-o fa-2x\"><\/i> \u0160koln\u00ed preventivn\u00ed strategie na obdob\u00ed 2023-2027 (PDF, 242 kB)<\/a><\/p>\n<p><a href=\"\/wp-content\/uploads\/dokumenty\/plna_moc_k_zastupovani.doc\" target=\"_blank\" rel=\"noopener noreferrer\"><i class=\"fa fa-file-word-o fa-2x\"><\/i> Pln\u00e1 moc (DOCX, 27 kB)<\/a><br \/><!--\n<a href=\"\/wp-content\/uploads\/dokumenty\/2021\/Prihlaska_Rad.pdf\" target=\"_blank\" rel=\"noopener noreferrer\"><i class=\"fa fa-file-pdf-o fa-2x\"><\/i> P\u0159ihl\u00e1\u0161ka ke stravov\u00e1n\u00ed + vnit\u0159n\u00ed \u0159\u00e1d \u0161koln\u00ed j\u00eddelny (PDF, 197 kB)<\/a>\n\n<a href=\"\/wp-content\/uploads\/dokumenty\/2021\/Prihlaska_Rad.docx\" target=\"_blank\" rel=\"noopener noreferrer\"><i class=\"fa fa-file-word-o fa-2x\"><\/i> P\u0159ihl\u00e1\u0161ka ke stravov\u00e1n\u00ed + vnit\u0159n\u00ed \u0159\u00e1d \u0161koln\u00ed j\u00eddelny (DOCX, 45 kB)<\/a>\n--><\/p>\n<p><a href=\"\/wp-content\/uploads\/dokumenty\/2019\/Pisemne_prohlaseni_zakonneho_zastupce.docx\" target=\"_blank\" rel=\"noopener noreferrer\"><i class=\"fa fa-file-word-o fa-2x\"><\/i>P\u00edsemn\u00e9 prohl\u00e1\u0161en\u00ed z\u00e1konn\u00e9ho z\u00e1stupce (DOCX, 13 kB)<\/a><\/p>\n<hr \/>\n<h2>Poskytov\u00e1n\u00ed informac\u00ed<\/h2>\n<p><a href=\"https:\/\/3zskadan.cz\/wp-content\/uploads\/poskytovani_informaci_2025.pdf\" target=\"_blank\" rel=\"noopener noreferrer\">V\u00fdro\u010dn\u00ed zpr\u00e1vy o poskytov\u00e1n\u00ed informac\u00ed za rok 2025 (PDF)<\/a><\/p>\n<p><a href=\"\/wp-content\/uploads\/dokumenty\/sazebnik.pdf\" target=\"_blank\" rel=\"noopener noreferrer\"><i class=\"fa fa-file-pdf-o fa-2x\"><\/i> Sazebn\u00edk \u00fahrad za poskytov\u00e1n\u00ed informac\u00ed dle z\u00e1kona \u010d. 106\/1999 Sb., o svobodn\u00e9m p\u0159\u00edstupu k informac\u00edm (PDF, 199 kB)<\/a><\/p>\n\n\n\n\n\n","protected":false},"excerpt":{"rendered":"<p>\u0160koln\u00ed \u0159\u00e1d Zn\u011bn\u00ed na webu \u0161koly Vnit\u0159n\u00ed \u0159\u00e1d \u0161koln\u00ed dru\u017einy Zn\u011bn\u00ed na webu \u0161koly Vnit\u0159n\u00ed \u0159\u00e1d \u0161koln\u00ed j\u00eddelny Zn\u011bn\u00ed na webu \u0161koly \u0160koln\u00ed vzd\u011bl\u00e1vac\u00ed program Zn\u011bn\u00ed na webu \u0161koly Rozpo\u010det \u0161koly Rozpo\u010det na rok 2025 a v\u00fdhled na rok 2026 &#8211; 2027 (XLSX, 12 kB) Rozpo\u010det na rok 2026 a v\u00fdhled na rok 2027 &#8211; [&hellip;]<\/p>\n","protected":false},"author":1,"featured_media":1431,"parent":0,"menu_order":0,"comment_status":"closed","ping_status":"closed","template":"","meta":{"jetpack_post_was_ever_published":false,"footnotes":""},"class_list":["post-843","page","type-page","status-publish","has-post-thumbnail","czr-hentry"],"yoast_head":"<!-- This site is optimized with the Yoast SEO plugin v27.4 - https:\/\/yoast.com\/product\/yoast-seo-wordpress\/ -->\n<title>Dokumenty - Z\u00e1kladn\u00ed \u0161kola Kada\u0148, ul. Chomutovsk\u00e1 1683<\/title>\n<meta name=\"robots\" content=\"index, follow, max-snippet:-1, max-image-preview:large, max-video-preview:-1\" \/>\n<link rel=\"canonical\" href=\"https:\/\/3zskadan.cz\/?page_id=843\" \/>\n<meta property=\"og:locale\" content=\"cs_CZ\" \/>\n<meta property=\"og:type\" content=\"article\" \/>\n<meta property=\"og:title\" content=\"Dokumenty - Z\u00e1kladn\u00ed \u0161kola Kada\u0148, ul. Chomutovsk\u00e1 1683\" \/>\n<meta property=\"og:description\" content=\"\u0160koln\u00ed \u0159\u00e1d Zn\u011bn\u00ed na webu \u0161koly Vnit\u0159n\u00ed \u0159\u00e1d \u0161koln\u00ed dru\u017einy Zn\u011bn\u00ed na webu \u0161koly Vnit\u0159n\u00ed \u0159\u00e1d \u0161koln\u00ed j\u00eddelny Zn\u011bn\u00ed na webu \u0161koly \u0160koln\u00ed vzd\u011bl\u00e1vac\u00ed program Zn\u011bn\u00ed na webu \u0161koly Rozpo\u010det \u0161koly Rozpo\u010det na rok 2025 a v\u00fdhled na rok 2026 &#8211; 2027 (XLSX, 12 kB) Rozpo\u010det na rok 2026 a v\u00fdhled na rok 2027 &#8211; [&hellip;]\" \/>\n<meta property=\"og:url\" content=\"https:\/\/3zskadan.cz\/?page_id=843\" \/>\n<meta property=\"og:site_name\" content=\"Z\u00e1kladn\u00ed \u0161kola Kada\u0148, ul. Chomutovsk\u00e1 1683\" \/>\n<meta property=\"article:modified_time\" content=\"2026-01-20T06:53:23+00:00\" \/>\n<meta property=\"og:image\" content=\"https:\/\/3zskadan.cz\/wp-content\/uploads\/2016\/10\/dokumenty.jpg\" \/>\n\t<meta property=\"og:image:width\" content=\"1920\" \/>\n\t<meta property=\"og:image:height\" content=\"1276\" \/>\n\t<meta property=\"og:image:type\" content=\"image\/jpeg\" \/>\n<meta name=\"twitter:card\" content=\"summary_large_image\" \/>\n<meta name=\"twitter:label1\" content=\"Odhadovan\u00e1 doba \u010dten\u00ed\" \/>\n\t<meta name=\"twitter:data1\" content=\"2 minuty\" \/>\n<script type=\"application\/ld+json\" class=\"yoast-schema-graph\">{\"@context\":\"https:\\\/\\\/schema.org\",\"@graph\":[{\"@type\":\"WebPage\",\"@id\":\"https:\\\/\\\/3zskadan.cz\\\/?page_id=843\",\"url\":\"https:\\\/\\\/3zskadan.cz\\\/?page_id=843\",\"name\":\"Dokumenty - Z\u00e1kladn\u00ed \u0161kola Kada\u0148, ul. Chomutovsk\u00e1 1683\",\"isPartOf\":{\"@id\":\"https:\\\/\\\/3zskadan.cz\\\/#website\"},\"primaryImageOfPage\":{\"@id\":\"https:\\\/\\\/3zskadan.cz\\\/?page_id=843#primaryimage\"},\"image\":{\"@id\":\"https:\\\/\\\/3zskadan.cz\\\/?page_id=843#primaryimage\"},\"thumbnailUrl\":\"https:\\\/\\\/i0.wp.com\\\/3zskadan.cz\\\/wp-content\\\/uploads\\\/2016\\\/10\\\/dokumenty.jpg?fit=1920%2C1276&ssl=1\",\"datePublished\":\"2016-10-18T10:22:23+00:00\",\"dateModified\":\"2026-01-20T06:53:23+00:00\",\"breadcrumb\":{\"@id\":\"https:\\\/\\\/3zskadan.cz\\\/?page_id=843#breadcrumb\"},\"inLanguage\":\"cs\",\"potentialAction\":[{\"@type\":\"ReadAction\",\"target\":[\"https:\\\/\\\/3zskadan.cz\\\/?page_id=843\"]}]},{\"@type\":\"ImageObject\",\"inLanguage\":\"cs\",\"@id\":\"https:\\\/\\\/3zskadan.cz\\\/?page_id=843#primaryimage\",\"url\":\"https:\\\/\\\/i0.wp.com\\\/3zskadan.cz\\\/wp-content\\\/uploads\\\/2016\\\/10\\\/dokumenty.jpg?fit=1920%2C1276&ssl=1\",\"contentUrl\":\"https:\\\/\\\/i0.wp.com\\\/3zskadan.cz\\\/wp-content\\\/uploads\\\/2016\\\/10\\\/dokumenty.jpg?fit=1920%2C1276&ssl=1\",\"width\":1920,\"height\":1276,\"caption\":\"dokumenty-ilustr\"},{\"@type\":\"BreadcrumbList\",\"@id\":\"https:\\\/\\\/3zskadan.cz\\\/?page_id=843#breadcrumb\",\"itemListElement\":[{\"@type\":\"ListItem\",\"position\":1,\"name\":\"Dom\u016f\",\"item\":\"https:\\\/\\\/3zskadan.cz\\\/\"},{\"@type\":\"ListItem\",\"position\":2,\"name\":\"Dokumenty\"}]},{\"@type\":\"WebSite\",\"@id\":\"https:\\\/\\\/3zskadan.cz\\\/#website\",\"url\":\"https:\\\/\\\/3zskadan.cz\\\/\",\"name\":\"Z\u00e1kladn\u00ed \u0161kola Kada\u0148, ul. Chomutovsk\u00e1 1683\",\"description\":\"\",\"potentialAction\":[{\"@type\":\"SearchAction\",\"target\":{\"@type\":\"EntryPoint\",\"urlTemplate\":\"https:\\\/\\\/3zskadan.cz\\\/?s={search_term_string}\"},\"query-input\":{\"@type\":\"PropertyValueSpecification\",\"valueRequired\":true,\"valueName\":\"search_term_string\"}}],\"inLanguage\":\"cs\"}]}<\/script>\n<!-- \/ Yoast SEO plugin. -->","yoast_head_json":{"title":"Dokumenty - Z\u00e1kladn\u00ed \u0161kola Kada\u0148, ul. Chomutovsk\u00e1 1683","robots":{"index":"index","follow":"follow","max-snippet":"max-snippet:-1","max-image-preview":"max-image-preview:large","max-video-preview":"max-video-preview:-1"},"canonical":"https:\/\/3zskadan.cz\/?page_id=843","og_locale":"cs_CZ","og_type":"article","og_title":"Dokumenty - Z\u00e1kladn\u00ed \u0161kola Kada\u0148, ul. Chomutovsk\u00e1 1683","og_description":"\u0160koln\u00ed \u0159\u00e1d Zn\u011bn\u00ed na webu \u0161koly Vnit\u0159n\u00ed \u0159\u00e1d \u0161koln\u00ed dru\u017einy Zn\u011bn\u00ed na webu \u0161koly Vnit\u0159n\u00ed \u0159\u00e1d \u0161koln\u00ed j\u00eddelny Zn\u011bn\u00ed na webu \u0161koly \u0160koln\u00ed vzd\u011bl\u00e1vac\u00ed program Zn\u011bn\u00ed na webu \u0161koly Rozpo\u010det \u0161koly Rozpo\u010det na rok 2025 a v\u00fdhled na rok 2026 &#8211; 2027 (XLSX, 12 kB) Rozpo\u010det na rok 2026 a v\u00fdhled na rok 2027 &#8211; [&hellip;]","og_url":"https:\/\/3zskadan.cz\/?page_id=843","og_site_name":"Z\u00e1kladn\u00ed \u0161kola Kada\u0148, ul. Chomutovsk\u00e1 1683","article_modified_time":"2026-01-20T06:53:23+00:00","og_image":[{"width":1920,"height":1276,"url":"https:\/\/3zskadan.cz\/wp-content\/uploads\/2016\/10\/dokumenty.jpg","type":"image\/jpeg"}],"twitter_card":"summary_large_image","twitter_misc":{"Odhadovan\u00e1 doba \u010dten\u00ed":"2 minuty"},"schema":{"@context":"https:\/\/schema.org","@graph":[{"@type":"WebPage","@id":"https:\/\/3zskadan.cz\/?page_id=843","url":"https:\/\/3zskadan.cz\/?page_id=843","name":"Dokumenty - Z\u00e1kladn\u00ed \u0161kola Kada\u0148, ul. Chomutovsk\u00e1 1683","isPartOf":{"@id":"https:\/\/3zskadan.cz\/#website"},"primaryImageOfPage":{"@id":"https:\/\/3zskadan.cz\/?page_id=843#primaryimage"},"image":{"@id":"https:\/\/3zskadan.cz\/?page_id=843#primaryimage"},"thumbnailUrl":"https:\/\/i0.wp.com\/3zskadan.cz\/wp-content\/uploads\/2016\/10\/dokumenty.jpg?fit=1920%2C1276&ssl=1","datePublished":"2016-10-18T10:22:23+00:00","dateModified":"2026-01-20T06:53:23+00:00","breadcrumb":{"@id":"https:\/\/3zskadan.cz\/?page_id=843#breadcrumb"},"inLanguage":"cs","potentialAction":[{"@type":"ReadAction","target":["https:\/\/3zskadan.cz\/?page_id=843"]}]},{"@type":"ImageObject","inLanguage":"cs","@id":"https:\/\/3zskadan.cz\/?page_id=843#primaryimage","url":"https:\/\/i0.wp.com\/3zskadan.cz\/wp-content\/uploads\/2016\/10\/dokumenty.jpg?fit=1920%2C1276&ssl=1","contentUrl":"https:\/\/i0.wp.com\/3zskadan.cz\/wp-content\/uploads\/2016\/10\/dokumenty.jpg?fit=1920%2C1276&ssl=1","width":1920,"height":1276,"caption":"dokumenty-ilustr"},{"@type":"BreadcrumbList","@id":"https:\/\/3zskadan.cz\/?page_id=843#breadcrumb","itemListElement":[{"@type":"ListItem","position":1,"name":"Dom\u016f","item":"https:\/\/3zskadan.cz\/"},{"@type":"ListItem","position":2,"name":"Dokumenty"}]},{"@type":"WebSite","@id":"https:\/\/3zskadan.cz\/#website","url":"https:\/\/3zskadan.cz\/","name":"Z\u00e1kladn\u00ed \u0161kola Kada\u0148, ul. Chomutovsk\u00e1 1683","description":"","potentialAction":[{"@type":"SearchAction","target":{"@type":"EntryPoint","urlTemplate":"https:\/\/3zskadan.cz\/?s={search_term_string}"},"query-input":{"@type":"PropertyValueSpecification","valueRequired":true,"valueName":"search_term_string"}}],"inLanguage":"cs"}]}},"jetpack_sharing_enabled":true,"jetpack_shortlink":"https:\/\/wp.me\/P7YYLP-dB","_links":{"self":[{"href":"https:\/\/3zskadan.cz\/index.php?rest_route=\/wp\/v2\/pages\/843","targetHints":{"allow":["GET"]}}],"collection":[{"href":"https:\/\/3zskadan.cz\/index.php?rest_route=\/wp\/v2\/pages"}],"about":[{"href":"https:\/\/3zskadan.cz\/index.php?rest_route=\/wp\/v2\/types\/page"}],"author":[{"embeddable":true,"href":"https:\/\/3zskadan.cz\/index.php?rest_route=\/wp\/v2\/users\/1"}],"replies":[{"embeddable":true,"href":"https:\/\/3zskadan.cz\/index.php?rest_route=%2Fwp%2Fv2%2Fcomments&post=843"}],"version-history":[{"count":48,"href":"https:\/\/3zskadan.cz\/index.php?rest_route=\/wp\/v2\/pages\/843\/revisions"}],"predecessor-version":[{"id":14356,"href":"https:\/\/3zskadan.cz\/index.php?rest_route=\/wp\/v2\/pages\/843\/revisions\/14356"}],"wp:featuredmedia":[{"embeddable":true,"href":"https:\/\/3zskadan.cz\/index.php?rest_route=\/wp\/v2\/media\/1431"}],"wp:attachment":[{"href":"https:\/\/3zskadan.cz\/index.php?rest_route=%2Fwp%2Fv2%2Fmedia&parent=843"}],"curies":[{"name":"wp","href":"https:\/\/api.w.org\/{rel}","templated":true}]}}