{"id":9267,"date":"2022-02-23T09:51:11","date_gmt":"2022-02-23T08:51:11","guid":{"rendered":"https:\/\/3zskadan.cz\/?page_id=9267"},"modified":"2022-02-23T09:51:11","modified_gmt":"2022-02-23T08:51:11","slug":"projekt-doucovani-zaku-skol","status":"publish","type":"page","link":"https:\/\/3zskadan.cz\/?page_id=9267","title":{"rendered":"Projekt Dou\u010dov\u00e1n\u00ed \u017e\u00e1k\u016f \u0161kol"},"content":{"rendered":"<h4><strong>DOU\u010cOV\u00c1N\u00cd \u017d\u00c1K\u016e \u0160KOL<\/strong><\/h4>\n<h4>REALIZACE INVESTICE 3.2.3 N\u00c1RODN\u00cdHO PL\u00c1NU OBNOVY<\/h4>\n<p>Investice reaguje na pot\u0159ebu podpory vzd\u011bl\u00e1v\u00e1n\u00ed \u017e\u00e1k\u016f ohro\u017een\u00fdch \u0161koln\u00edm ne\u00fasp\u011bchem v reakci na nemo\u017enost realizace prezen\u010dn\u00ed v\u00fduky ve \u0161kol\u00e1ch b\u011bhem pandemie covid-19.<\/p>\n<p><a href=\"https:\/\/i0.wp.com\/3zskadan.cz\/wp-content\/uploads\/loga.jpg?ssl=1\"><img data-recalc-dims=\"1\" decoding=\"async\" width=\"300\" height=\"136\" data-attachment-id=\"9268\" data-permalink=\"https:\/\/3zskadan.cz\/?attachment_id=9268\" data-orig-file=\"https:\/\/i0.wp.com\/3zskadan.cz\/wp-content\/uploads\/loga.jpg?fit=945%2C429&amp;ssl=1\" data-orig-size=\"945,429\" data-comments-opened=\"1\" data-image-meta=\"{&quot;aperture&quot;:&quot;0&quot;,&quot;credit&quot;:&quot;Winnie&quot;,&quot;camera&quot;:&quot;&quot;,&quot;caption&quot;:&quot;&quot;,&quot;created_timestamp&quot;:&quot;1645609678&quot;,&quot;copyright&quot;:&quot;&quot;,&quot;focal_length&quot;:&quot;0&quot;,&quot;iso&quot;:&quot;0&quot;,&quot;shutter_speed&quot;:&quot;0&quot;,&quot;title&quot;:&quot;&quot;,&quot;orientation&quot;:&quot;0&quot;}\" data-image-title=\"loga\" data-image-description=\"\" data-image-caption=\"\" data-large-file=\"https:\/\/i0.wp.com\/3zskadan.cz\/wp-content\/uploads\/loga.jpg?fit=945%2C429&amp;ssl=1\" class=\"aligncenter size-medium wp-image-9268\" src=\"https:\/\/i0.wp.com\/3zskadan.cz\/wp-content\/uploads\/loga.jpg?resize=300%2C136&#038;ssl=1\" alt=\"Financov\u00e1no EU NextGenerationEU\" srcset=\"https:\/\/i0.wp.com\/3zskadan.cz\/wp-content\/uploads\/loga.jpg?resize=300%2C136&amp;ssl=1 300w, https:\/\/i0.wp.com\/3zskadan.cz\/wp-content\/uploads\/loga.jpg?resize=768%2C349&amp;ssl=1 768w, https:\/\/i0.wp.com\/3zskadan.cz\/wp-content\/uploads\/loga.jpg?w=945&amp;ssl=1 945w\" sizes=\"(max-width: 300px) 100vw, 300px\" \/><\/a><\/p>\n","protected":false},"excerpt":{"rendered":"<p>DOU\u010cOV\u00c1N\u00cd \u017d\u00c1K\u016e \u0160KOL REALIZACE INVESTICE 3.2.3 N\u00c1RODN\u00cdHO PL\u00c1NU OBNOVY Investice reaguje na pot\u0159ebu podpory vzd\u011bl\u00e1v\u00e1n\u00ed \u017e\u00e1k\u016f ohro\u017een\u00fdch \u0161koln\u00edm ne\u00fasp\u011bchem v reakci na nemo\u017enost realizace prezen\u010dn\u00ed v\u00fduky ve \u0161kol\u00e1ch b\u011bhem pandemie covid-19.<\/p>\n","protected":false},"author":1,"featured_media":0,"parent":0,"menu_order":0,"comment_status":"closed","ping_status":"closed","template":"","meta":{"jetpack_post_was_ever_published":false,"footnotes":""},"class_list":["post-9267","page","type-page","status-publish","czr-hentry"],"yoast_head":"<!-- This site is optimized with the Yoast SEO plugin v27.3 - https:\/\/yoast.com\/product\/yoast-seo-wordpress\/ -->\n<title>Projekt Dou\u010dov\u00e1n\u00ed \u017e\u00e1k\u016f \u0161kol - Z\u00e1kladn\u00ed \u0161kola Kada\u0148, ul. Chomutovsk\u00e1 1683<\/title>\n<meta name=\"robots\" content=\"index, follow, max-snippet:-1, max-image-preview:large, max-video-preview:-1\" \/>\n<link rel=\"canonical\" href=\"https:\/\/3zskadan.cz\/?page_id=9267\" \/>\n<meta property=\"og:locale\" content=\"cs_CZ\" \/>\n<meta property=\"og:type\" content=\"article\" \/>\n<meta property=\"og:title\" content=\"Projekt Dou\u010dov\u00e1n\u00ed \u017e\u00e1k\u016f \u0161kol - Z\u00e1kladn\u00ed \u0161kola Kada\u0148, ul. Chomutovsk\u00e1 1683\" \/>\n<meta property=\"og:description\" content=\"DOU\u010cOV\u00c1N\u00cd \u017d\u00c1K\u016e \u0160KOL REALIZACE INVESTICE 3.2.3 N\u00c1RODN\u00cdHO PL\u00c1NU OBNOVY Investice reaguje na pot\u0159ebu podpory vzd\u011bl\u00e1v\u00e1n\u00ed \u017e\u00e1k\u016f ohro\u017een\u00fdch \u0161koln\u00edm ne\u00fasp\u011bchem v reakci na nemo\u017enost realizace prezen\u010dn\u00ed v\u00fduky ve \u0161kol\u00e1ch b\u011bhem pandemie covid-19.\" \/>\n<meta property=\"og:url\" content=\"https:\/\/3zskadan.cz\/?page_id=9267\" \/>\n<meta property=\"og:site_name\" content=\"Z\u00e1kladn\u00ed \u0161kola Kada\u0148, ul. Chomutovsk\u00e1 1683\" \/>\n<meta property=\"og:image\" content=\"https:\/\/3zskadan.cz\/wp-content\/uploads\/loga-300x136.jpg\" \/>\n<meta name=\"twitter:card\" content=\"summary_large_image\" \/>\n<meta name=\"twitter:label1\" content=\"Odhadovan\u00e1 doba \u010dten\u00ed\" \/>\n\t<meta name=\"twitter:data1\" content=\"1 minuta\" \/>\n<script type=\"application\/ld+json\" class=\"yoast-schema-graph\">{\"@context\":\"https:\\\/\\\/schema.org\",\"@graph\":[{\"@type\":\"WebPage\",\"@id\":\"https:\\\/\\\/3zskadan.cz\\\/?page_id=9267\",\"url\":\"https:\\\/\\\/3zskadan.cz\\\/?page_id=9267\",\"name\":\"Projekt Dou\u010dov\u00e1n\u00ed \u017e\u00e1k\u016f \u0161kol - Z\u00e1kladn\u00ed \u0161kola Kada\u0148, ul. Chomutovsk\u00e1 1683\",\"isPartOf\":{\"@id\":\"https:\\\/\\\/3zskadan.cz\\\/#website\"},\"primaryImageOfPage\":{\"@id\":\"https:\\\/\\\/3zskadan.cz\\\/?page_id=9267#primaryimage\"},\"image\":{\"@id\":\"https:\\\/\\\/3zskadan.cz\\\/?page_id=9267#primaryimage\"},\"thumbnailUrl\":\"https:\\\/\\\/3zskadan.cz\\\/wp-content\\\/uploads\\\/loga-300x136.jpg\",\"datePublished\":\"2022-02-23T08:51:11+00:00\",\"breadcrumb\":{\"@id\":\"https:\\\/\\\/3zskadan.cz\\\/?page_id=9267#breadcrumb\"},\"inLanguage\":\"cs\",\"potentialAction\":[{\"@type\":\"ReadAction\",\"target\":[\"https:\\\/\\\/3zskadan.cz\\\/?page_id=9267\"]}]},{\"@type\":\"ImageObject\",\"inLanguage\":\"cs\",\"@id\":\"https:\\\/\\\/3zskadan.cz\\\/?page_id=9267#primaryimage\",\"url\":\"https:\\\/\\\/i0.wp.com\\\/3zskadan.cz\\\/wp-content\\\/uploads\\\/loga.jpg?fit=945%2C429&ssl=1\",\"contentUrl\":\"https:\\\/\\\/i0.wp.com\\\/3zskadan.cz\\\/wp-content\\\/uploads\\\/loga.jpg?fit=945%2C429&ssl=1\",\"width\":945,\"height\":429,\"caption\":\"Financov\u00e1no EU NextGenerationEU\"},{\"@type\":\"BreadcrumbList\",\"@id\":\"https:\\\/\\\/3zskadan.cz\\\/?page_id=9267#breadcrumb\",\"itemListElement\":[{\"@type\":\"ListItem\",\"position\":1,\"name\":\"Dom\u016f\",\"item\":\"https:\\\/\\\/3zskadan.cz\\\/\"},{\"@type\":\"ListItem\",\"position\":2,\"name\":\"Projekt Dou\u010dov\u00e1n\u00ed \u017e\u00e1k\u016f \u0161kol\"}]},{\"@type\":\"WebSite\",\"@id\":\"https:\\\/\\\/3zskadan.cz\\\/#website\",\"url\":\"https:\\\/\\\/3zskadan.cz\\\/\",\"name\":\"Z\u00e1kladn\u00ed \u0161kola Kada\u0148, ul. Chomutovsk\u00e1 1683\",\"description\":\"\",\"potentialAction\":[{\"@type\":\"SearchAction\",\"target\":{\"@type\":\"EntryPoint\",\"urlTemplate\":\"https:\\\/\\\/3zskadan.cz\\\/?s={search_term_string}\"},\"query-input\":{\"@type\":\"PropertyValueSpecification\",\"valueRequired\":true,\"valueName\":\"search_term_string\"}}],\"inLanguage\":\"cs\"}]}<\/script>\n<!-- \/ Yoast SEO plugin. -->","yoast_head_json":{"title":"Projekt Dou\u010dov\u00e1n\u00ed \u017e\u00e1k\u016f \u0161kol - Z\u00e1kladn\u00ed \u0161kola Kada\u0148, ul. Chomutovsk\u00e1 1683","robots":{"index":"index","follow":"follow","max-snippet":"max-snippet:-1","max-image-preview":"max-image-preview:large","max-video-preview":"max-video-preview:-1"},"canonical":"https:\/\/3zskadan.cz\/?page_id=9267","og_locale":"cs_CZ","og_type":"article","og_title":"Projekt Dou\u010dov\u00e1n\u00ed \u017e\u00e1k\u016f \u0161kol - Z\u00e1kladn\u00ed \u0161kola Kada\u0148, ul. Chomutovsk\u00e1 1683","og_description":"DOU\u010cOV\u00c1N\u00cd \u017d\u00c1K\u016e \u0160KOL REALIZACE INVESTICE 3.2.3 N\u00c1RODN\u00cdHO PL\u00c1NU OBNOVY Investice reaguje na pot\u0159ebu podpory vzd\u011bl\u00e1v\u00e1n\u00ed \u017e\u00e1k\u016f ohro\u017een\u00fdch \u0161koln\u00edm ne\u00fasp\u011bchem v reakci na nemo\u017enost realizace prezen\u010dn\u00ed v\u00fduky ve \u0161kol\u00e1ch b\u011bhem pandemie covid-19.","og_url":"https:\/\/3zskadan.cz\/?page_id=9267","og_site_name":"Z\u00e1kladn\u00ed \u0161kola Kada\u0148, ul. Chomutovsk\u00e1 1683","og_image":[{"url":"https:\/\/3zskadan.cz\/wp-content\/uploads\/loga-300x136.jpg","type":"","width":"","height":""}],"twitter_card":"summary_large_image","twitter_misc":{"Odhadovan\u00e1 doba \u010dten\u00ed":"1 minuta"},"schema":{"@context":"https:\/\/schema.org","@graph":[{"@type":"WebPage","@id":"https:\/\/3zskadan.cz\/?page_id=9267","url":"https:\/\/3zskadan.cz\/?page_id=9267","name":"Projekt Dou\u010dov\u00e1n\u00ed \u017e\u00e1k\u016f \u0161kol - Z\u00e1kladn\u00ed \u0161kola Kada\u0148, ul. Chomutovsk\u00e1 1683","isPartOf":{"@id":"https:\/\/3zskadan.cz\/#website"},"primaryImageOfPage":{"@id":"https:\/\/3zskadan.cz\/?page_id=9267#primaryimage"},"image":{"@id":"https:\/\/3zskadan.cz\/?page_id=9267#primaryimage"},"thumbnailUrl":"https:\/\/3zskadan.cz\/wp-content\/uploads\/loga-300x136.jpg","datePublished":"2022-02-23T08:51:11+00:00","breadcrumb":{"@id":"https:\/\/3zskadan.cz\/?page_id=9267#breadcrumb"},"inLanguage":"cs","potentialAction":[{"@type":"ReadAction","target":["https:\/\/3zskadan.cz\/?page_id=9267"]}]},{"@type":"ImageObject","inLanguage":"cs","@id":"https:\/\/3zskadan.cz\/?page_id=9267#primaryimage","url":"https:\/\/i0.wp.com\/3zskadan.cz\/wp-content\/uploads\/loga.jpg?fit=945%2C429&ssl=1","contentUrl":"https:\/\/i0.wp.com\/3zskadan.cz\/wp-content\/uploads\/loga.jpg?fit=945%2C429&ssl=1","width":945,"height":429,"caption":"Financov\u00e1no EU NextGenerationEU"},{"@type":"BreadcrumbList","@id":"https:\/\/3zskadan.cz\/?page_id=9267#breadcrumb","itemListElement":[{"@type":"ListItem","position":1,"name":"Dom\u016f","item":"https:\/\/3zskadan.cz\/"},{"@type":"ListItem","position":2,"name":"Projekt Dou\u010dov\u00e1n\u00ed \u017e\u00e1k\u016f \u0161kol"}]},{"@type":"WebSite","@id":"https:\/\/3zskadan.cz\/#website","url":"https:\/\/3zskadan.cz\/","name":"Z\u00e1kladn\u00ed \u0161kola Kada\u0148, ul. Chomutovsk\u00e1 1683","description":"","potentialAction":[{"@type":"SearchAction","target":{"@type":"EntryPoint","urlTemplate":"https:\/\/3zskadan.cz\/?s={search_term_string}"},"query-input":{"@type":"PropertyValueSpecification","valueRequired":true,"valueName":"search_term_string"}}],"inLanguage":"cs"}]}},"jetpack_sharing_enabled":true,"jetpack_shortlink":"https:\/\/wp.me\/P7YYLP-2pt","_links":{"self":[{"href":"https:\/\/3zskadan.cz\/index.php?rest_route=\/wp\/v2\/pages\/9267","targetHints":{"allow":["GET"]}}],"collection":[{"href":"https:\/\/3zskadan.cz\/index.php?rest_route=\/wp\/v2\/pages"}],"about":[{"href":"https:\/\/3zskadan.cz\/index.php?rest_route=\/wp\/v2\/types\/page"}],"author":[{"embeddable":true,"href":"https:\/\/3zskadan.cz\/index.php?rest_route=\/wp\/v2\/users\/1"}],"replies":[{"embeddable":true,"href":"https:\/\/3zskadan.cz\/index.php?rest_route=%2Fwp%2Fv2%2Fcomments&post=9267"}],"version-history":[{"count":0,"href":"https:\/\/3zskadan.cz\/index.php?rest_route=\/wp\/v2\/pages\/9267\/revisions"}],"wp:attachment":[{"href":"https:\/\/3zskadan.cz\/index.php?rest_route=%2Fwp%2Fv2%2Fmedia&parent=9267"}],"curies":[{"name":"wp","href":"https:\/\/api.w.org\/{rel}","templated":true}]}}